{"id":7815,"date":"2021-12-02T09:09:09","date_gmt":"2021-12-02T09:09:09","guid":{"rendered":"https:\/\/www.controltecnica.com\/bio\/?post_type=product&#038;p=7815"},"modified":"2022-09-15T11:41:54","modified_gmt":"2022-09-15T11:41:54","slug":"gyrozen-mini","status":"publish","type":"product","link":"https:\/\/www.controltecnica.com\/bio\/producto\/gyrozen-mini\/","title":{"rendered":"Gyrozen Mini"},"content":{"rendered":"<p>[vc_row][vc_column width=\u00bb1\/2&#8243;][vc_column_text text_larger=\u00bbno\u00bb]<\/p>\n<table class=\"table-condensed table-striped\">\n<tbody class=\"row-hover\">\n<tr class=\"row-1 odd\">\n<td class=\"column-1\">M\u00e1x. RPM\/RCF<\/td>\n<td class=\"column-2\">13.500 rpm \/ 12.300 xg<\/td>\n<\/tr>\n<tr class=\"row-2 even\">\n<td class=\"column-1\">M\u00e1x. Capacidad<\/td>\n<td class=\"column-2\">12 x 2,0ml \/ 10 x 1,8ml \/ 4 x 8 tiras PCR<\/td>\n<\/tr>\n<tr class=\"row-3 odd\">\n<td class=\"column-1\">Temporizador<\/td>\n<td class=\"column-2\">Pulso o hasta 30 min.<\/td>\n<\/tr>\n<tr class=\"row-4 even\">\n<td class=\"column-1\">Conversor RPM \/RCF<\/td>\n<td class=\"column-2\">S\u00ed<\/td>\n<\/tr>\n<tr class=\"row-5 odd\">\n<td class=\"column-1\">Aceleraci\u00f3n \/ Deceleraci\u00f3n<\/td>\n<td class=\"column-2\">\u2264 12 \/ \u2264 16<\/td>\n<\/tr>\n<tr class=\"row-6 even\">\n<td class=\"column-1\">Detecci\u00f3n desequilibrio<\/td>\n<td class=\"column-2\">S\u00ed<\/td>\n<\/tr>\n<tr class=\"row-7 odd\">\n<td class=\"column-1\">Display<\/td>\n<td class=\"column-2\">LCD fondo azul<\/td>\n<\/tr>\n<tr class=\"row-8 even\">\n<td class=\"column-1\">Cierre de seguridad<\/td>\n<td class=\"column-2\">S\u00ed<\/td>\n<\/tr>\n<tr class=\"row-9 odd\">\n<td class=\"column-1\">Apertura de la puerta<\/td>\n<td class=\"column-2\">Autom\u00e1tica<\/td>\n<\/tr>\n<tr class=\"row-10 even\">\n<td class=\"column-1\">Alimentaci\u00f3n<\/td>\n<td class=\"column-2\">220V \/ 50-60Hz<\/td>\n<\/tr>\n<tr class=\"row-11 odd\">\n<td class=\"column-1\">Dimensiones<\/td>\n<td class=\"column-2\">208 x 245 x 145 mm (anch x fon x alto)<\/td>\n<\/tr>\n<tr class=\"row-12 even\">\n<td class=\"column-1\">Peso (sin rotor)<\/td>\n<td class=\"column-2\">4,4 Kg<\/td>\n<\/tr>\n<tr class=\"row-13 odd\">\n<td class=\"column-1\">Marcado CE<\/td>\n<td class=\"column-2\">S\u00ed<\/td>\n<\/tr>\n<\/tbody>\n<\/table>\n<p>[\/vc_column_text][\/vc_column][vc_column width=\u00bb1\/2&#8243;]\n<div class=\"wpcf7 no-js\" id=\"wpcf7-f7-o1\" lang=\"es-ES\" dir=\"ltr\" data-wpcf7-id=\"7\">\n<div class=\"screen-reader-response\"><p role=\"status\" aria-live=\"polite\" aria-atomic=\"true\"><\/p> <ul><\/ul><\/div>\n<form action=\"\/bio\/wp-json\/wp\/v2\/product\/7815#wpcf7-f7-o1\" method=\"post\" class=\"wpcf7-form init\" aria-label=\"Formulario de contacto\" novalidate=\"novalidate\" data-status=\"init\">\n<fieldset class=\"hidden-fields-container\"><input type=\"hidden\" name=\"_wpcf7\" value=\"7\" \/><input type=\"hidden\" name=\"_wpcf7_version\" value=\"6.1.5\" \/><input type=\"hidden\" name=\"_wpcf7_locale\" value=\"es_ES\" \/><input type=\"hidden\" name=\"_wpcf7_unit_tag\" value=\"wpcf7-f7-o1\" \/><input type=\"hidden\" name=\"_wpcf7_container_post\" value=\"0\" \/><input type=\"hidden\" name=\"_wpcf7_posted_data_hash\" value=\"\" \/><input type=\"hidden\" name=\"_wpcf7_recaptcha_response\" value=\"\" \/>\n<\/fieldset>\n<div style=\"color:#e30614;font-weight:600;font-size:30px;margin-bottom:10px;\">\n\t<p>\u00bfPodemos ayudarte?\n\t<\/p>\n<\/div>\n<div class=\"row\">\n\t<div class=\"col-md-6\" style='margin-bottom:20px;'>\n\t\t<p><label>Nombre y Apellidos*<\/label><span class=\"wpcf7-form-control-wrap\" data-name=\"your-name\"><input size=\"40\" maxlength=\"400\" class=\"wpcf7-form-control wpcf7-text wpcf7-validates-as-required\" aria-required=\"true\" aria-invalid=\"false\" value=\"\" type=\"text\" name=\"your-name\" \/><\/span>\n\t\t<\/p>\n\t<\/div>\n\t<div class=\"col-md-6\" style='margin-bottom:20px;'>\n\t\t<p><label>Empresa\/Univ\/Hosp*<\/label><span class=\"wpcf7-form-control-wrap\" data-name=\"your-job\"><input size=\"40\" maxlength=\"400\" class=\"wpcf7-form-control wpcf7-text wpcf7-validates-as-required\" aria-required=\"true\" aria-invalid=\"false\" value=\"\" type=\"text\" name=\"your-job\" \/><\/span>\n\t\t<\/p>\n\t<\/div>\n<\/div>\n<div class=\"row\">\n\t<div class=\"col-md-6\" style='margin-bottom:20px;'>\n\t\t<p><label>Email*<\/label><span class=\"wpcf7-form-control-wrap\" data-name=\"your-email\"><input size=\"40\" maxlength=\"400\" class=\"wpcf7-form-control wpcf7-email wpcf7-validates-as-required wpcf7-text wpcf7-validates-as-email\" aria-required=\"true\" aria-invalid=\"false\" value=\"\" type=\"email\" name=\"your-email\" \/><\/span>\n\t\t<\/p>\n\t<\/div>\n\t<div class=\"col-md-6\" style='margin-bottom:20px;'>\n\t\t<p><label>Tel\u00e9fono*<\/label><span class=\"wpcf7-form-control-wrap\" data-name=\"your-number\"><input size=\"40\" maxlength=\"400\" class=\"wpcf7-form-control wpcf7-text wpcf7-validates-as-required\" aria-required=\"true\" aria-invalid=\"false\" value=\"\" type=\"text\" name=\"your-number\" \/><\/span>\n\t\t<\/p>\n\t<\/div>\n<\/div>\n<p><label>\u00bfEn qu\u00e9 est\u00e1s interesado?<\/label><span class=\"wpcf7-form-control-wrap\" data-name=\"your-message\"><textarea cols=\"40\" rows=\"10\" maxlength=\"2000\" class=\"wpcf7-form-control wpcf7-textarea\" aria-invalid=\"false\" name=\"your-message\"><\/textarea><\/span>\n<\/p>\n<p><span class=\"wpcf7-form-control-wrap\" data-name=\"acceptance-412\"><span class=\"wpcf7-form-control wpcf7-acceptance\"><span class=\"wpcf7-list-item\"><label><input type=\"checkbox\" name=\"acceptance-412\" value=\"1\" aria-invalid=\"false\" \/><span class=\"wpcf7-list-item-label\">He le\u00eddo y acepto la <a href=\"https:\/\/www.controltecnica.com\/bio\/privacidad\" target=\"_blank\">pol\u00edtica de privacidad<\/a><\/span><\/label><\/span><\/span><\/span><br \/>\n<span class=\"wpcf7-form-control-wrap\" data-name=\"acceptance-581\"><span class=\"wpcf7-form-control wpcf7-acceptance optional\"><span class=\"wpcf7-list-item\"><label><input type=\"checkbox\" name=\"acceptance-581\" value=\"1\" aria-invalid=\"false\" \/><span class=\"wpcf7-list-item-label\">Acepto recibir informaci\u00f3n comercial de CONTROLTECNICA<\/span><\/label><\/span><\/span><\/span>\n<\/p>\n<p><input class=\"wpcf7-form-control wpcf7-submit has-spinner btn-size-large btn btn-color-primary\" type=\"submit\" value=\"ENVIAR MENSAJE\" \/>\n<\/p><div class=\"wpcf7-response-output\" aria-hidden=\"true\"><\/div>\n<\/form>\n<\/div>\n[\/vc_column][\/vc_row]<\/p>\n","protected":false},"excerpt":{"rendered":"<p><strong>Gyrozen Mini. Microcentr\u00edfuga<\/strong><\/p>\n<p><strong>Mini centr\u00edfuga\u00a0Gyrozen<\/strong>, peque\u00f1a y compacta que alcanza hasta 13.500 r.p.m. y con capacidad para 12 microtubos, 10 criotubos o 32 tiras de PCR.<\/p>\n<p>Entre las caracter\u00edsticas m\u00e1s destacables se encuentran:<\/p>\n<ul>\n<li>Sistema \u201cAuto-Lock\u201d de la\u00a0tapa;<\/li>\n<li>Display LCD que muestra la velocidad y el tiempo;<\/li>\n<li>M\u00ednima generaci\u00f3n de calor y de ruido;<\/li>\n<li>Sistema \u201cPulse\u201d para centrifugados r\u00e1pidos;<\/li>\n<li>Apertura autom\u00e1tica de la puerta al finalizar el programa seleccionado<\/li>\n<li>R\u00e1pida aceleraci\u00f3n y deceleraci\u00f3n.<\/li>\n<li>Dotada con sistemas de seguridad por sobre-aceleraci\u00f3n y sobre-calentamiento.<\/li>\n<\/ul>\n<p>Con la centr\u00edfuga se incluye el\u00a0<strong>rotor GRF-m2.0-12<\/strong>\u00a0para 12 microtubos, completamente autoclavable.<\/p>\n<p>Tambi\u00e9n existen otros modelos de rotores compatibles para esta centr\u00edfuga:<\/p>\n<ul>\n<li>rotor angular sin tapa para 4 x 8 tiras de PCR (32 x 0,2 ml) que alcanza velocidades de hasta 6000 r.p.m.<\/li>\n<li>rotor angular con tapa para criotubos 10 x 1,8ml.<\/li>\n<\/ul>\n<p>Se incluyen con la centr\u00edfuga y el rotor la\u00a0<strong>tapa de seguridad<\/strong>\u00a0+\u00a0<strong>12 adaptadores de 0,2 ml<\/strong><\/p>\n","protected":false},"featured_media":7816,"template":"","meta":{"iawp_total_views":41},"product_brand":[],"product_cat":[38],"product_tag":[],"class_list":{"0":"post-7815","1":"product","2":"type-product","3":"status-publish","4":"has-post-thumbnail","6":"product_cat-microcentrifugas","8":"first","9":"instock","10":"shipping-taxable","11":"product-type-simple"},"_links":{"self":[{"href":"https:\/\/www.controltecnica.com\/bio\/wp-json\/wp\/v2\/product\/7815","targetHints":{"allow":["GET"]}}],"collection":[{"href":"https:\/\/www.controltecnica.com\/bio\/wp-json\/wp\/v2\/product"}],"about":[{"href":"https:\/\/www.controltecnica.com\/bio\/wp-json\/wp\/v2\/types\/product"}],"wp:featuredmedia":[{"embeddable":true,"href":"https:\/\/www.controltecnica.com\/bio\/wp-json\/wp\/v2\/media\/7816"}],"wp:attachment":[{"href":"https:\/\/www.controltecnica.com\/bio\/wp-json\/wp\/v2\/media?parent=7815"}],"wp:term":[{"taxonomy":"product_brand","embeddable":true,"href":"https:\/\/www.controltecnica.com\/bio\/wp-json\/wp\/v2\/product_brand?post=7815"},{"taxonomy":"product_cat","embeddable":true,"href":"https:\/\/www.controltecnica.com\/bio\/wp-json\/wp\/v2\/product_cat?post=7815"},{"taxonomy":"product_tag","embeddable":true,"href":"https:\/\/www.controltecnica.com\/bio\/wp-json\/wp\/v2\/product_tag?post=7815"}],"curies":[{"name":"wp","href":"https:\/\/api.w.org\/{rel}","templated":true}]}}