{"id":7634,"date":"2021-11-25T09:59:15","date_gmt":"2021-11-25T09:59:15","guid":{"rendered":"https:\/\/www.controltecnica.com\/bio\/?post_type=product&#038;p=7634"},"modified":"2023-06-14T14:15:40","modified_gmt":"2023-06-14T14:15:40","slug":"afi-katrina","status":"publish","type":"product","link":"https:\/\/www.controltecnica.com\/bio\/producto\/afi-katrina\/","title":{"rendered":"AFI Katrina"},"content":{"rendered":"<p>[vc_row][vc_column width=\u00bb1\/2&#8243;][vc_column_text text_larger=\u00bbno\u00bb]<\/p>\n<table class=\"table-condensed table-striped\">\n<tbody class=\"row-hover\">\n<tr class=\"row-1 odd\">\n<td class=\"column-1\">Capacidad m\u00e1x.<\/td>\n<td class=\"column-2\">De 4L a 6L<\/td>\n<\/tr>\n<tr class=\"row-2 even\">\n<td class=\"column-1\">Modelo<\/td>\n<td class=\"column-2\">Refrigerado<\/td>\n<\/tr>\n<tr class=\"row-3 odd\">\n<td class=\"column-1\">Velocidad m\u00e1x.<\/td>\n<td class=\"column-2\">4 300 rpm<\/td>\n<\/tr>\n<tr class=\"row-4 even\">\n<td class=\"column-1\">Fuerza centr\u00edfuga m\u00e1x.<\/td>\n<td class=\"column-2\">5 931 xg<\/td>\n<\/tr>\n<tr class=\"row-5 odd\">\n<td class=\"column-1\">Aceleraci\u00f3n \/ Deceleraci\u00f3n<\/td>\n<td class=\"column-2\">11 Y 12<\/td>\n<\/tr>\n<tr class=\"row-6 even\">\n<td class=\"column-1\">N\u00ba de programas<\/td>\n<td class=\"column-2\">120<\/td>\n<\/tr>\n<tr class=\"row-7 odd\">\n<td class=\"column-1\">Dimensiones externas (alto x ancho x fondo)<\/td>\n<td class=\"column-2\">94,5 x 78 x 90 cm<\/td>\n<\/tr>\n<tr class=\"row-8 even\">\n<td class=\"column-1\">Peso neto (sin rotor)<\/td>\n<td class=\"column-2\">352 kg<\/td>\n<\/tr>\n<tr class=\"row-9 odd\">\n<td class=\"column-1\">Nivel ruido<\/td>\n<td class=\"column-2\">\u2264 61 dB<\/td>\n<\/tr>\n<tr class=\"row-10 even\">\n<td class=\"column-1\">Voltaje<\/td>\n<td class=\"column-2\">230V \u00b110% | 50 Hz<\/td>\n<\/tr>\n<\/tbody>\n<\/table>\n<p>[\/vc_column_text][\/vc_column][vc_column width=\u00bb1\/2&#8243;]\n<div class=\"wpcf7 no-js\" id=\"wpcf7-f7-o1\" lang=\"es-ES\" dir=\"ltr\" data-wpcf7-id=\"7\">\n<div class=\"screen-reader-response\"><p role=\"status\" aria-live=\"polite\" aria-atomic=\"true\"><\/p> <ul><\/ul><\/div>\n<form action=\"\/bio\/wp-json\/wp\/v2\/product\/7634#wpcf7-f7-o1\" method=\"post\" class=\"wpcf7-form init\" aria-label=\"Formulario de contacto\" novalidate=\"novalidate\" data-status=\"init\">\n<fieldset class=\"hidden-fields-container\"><input type=\"hidden\" name=\"_wpcf7\" value=\"7\" \/><input type=\"hidden\" name=\"_wpcf7_version\" value=\"6.1.5\" \/><input type=\"hidden\" name=\"_wpcf7_locale\" value=\"es_ES\" \/><input type=\"hidden\" name=\"_wpcf7_unit_tag\" value=\"wpcf7-f7-o1\" \/><input type=\"hidden\" name=\"_wpcf7_container_post\" value=\"0\" \/><input type=\"hidden\" name=\"_wpcf7_posted_data_hash\" value=\"\" \/><input type=\"hidden\" name=\"_wpcf7_recaptcha_response\" value=\"\" \/>\n<\/fieldset>\n<div style=\"color:#e30614;font-weight:600;font-size:30px;margin-bottom:10px;\">\n\t<p>\u00bfPodemos ayudarte?\n\t<\/p>\n<\/div>\n<div class=\"row\">\n\t<div class=\"col-md-6\" style='margin-bottom:20px;'>\n\t\t<p><label>Nombre y Apellidos*<\/label><span class=\"wpcf7-form-control-wrap\" data-name=\"your-name\"><input size=\"40\" maxlength=\"400\" class=\"wpcf7-form-control wpcf7-text wpcf7-validates-as-required\" aria-required=\"true\" aria-invalid=\"false\" value=\"\" type=\"text\" name=\"your-name\" \/><\/span>\n\t\t<\/p>\n\t<\/div>\n\t<div class=\"col-md-6\" style='margin-bottom:20px;'>\n\t\t<p><label>Empresa\/Univ\/Hosp*<\/label><span class=\"wpcf7-form-control-wrap\" data-name=\"your-job\"><input size=\"40\" maxlength=\"400\" class=\"wpcf7-form-control wpcf7-text wpcf7-validates-as-required\" aria-required=\"true\" aria-invalid=\"false\" value=\"\" type=\"text\" name=\"your-job\" \/><\/span>\n\t\t<\/p>\n\t<\/div>\n<\/div>\n<div class=\"row\">\n\t<div class=\"col-md-6\" style='margin-bottom:20px;'>\n\t\t<p><label>Email*<\/label><span class=\"wpcf7-form-control-wrap\" data-name=\"your-email\"><input size=\"40\" maxlength=\"400\" class=\"wpcf7-form-control wpcf7-email wpcf7-validates-as-required wpcf7-text wpcf7-validates-as-email\" aria-required=\"true\" aria-invalid=\"false\" value=\"\" type=\"email\" name=\"your-email\" \/><\/span>\n\t\t<\/p>\n\t<\/div>\n\t<div class=\"col-md-6\" style='margin-bottom:20px;'>\n\t\t<p><label>Tel\u00e9fono*<\/label><span class=\"wpcf7-form-control-wrap\" data-name=\"your-number\"><input size=\"40\" maxlength=\"400\" class=\"wpcf7-form-control wpcf7-text wpcf7-validates-as-required\" aria-required=\"true\" aria-invalid=\"false\" value=\"\" type=\"text\" name=\"your-number\" \/><\/span>\n\t\t<\/p>\n\t<\/div>\n<\/div>\n<p><label>\u00bfEn qu\u00e9 est\u00e1s interesado?<\/label><span class=\"wpcf7-form-control-wrap\" data-name=\"your-message\"><textarea cols=\"40\" rows=\"10\" maxlength=\"2000\" class=\"wpcf7-form-control wpcf7-textarea\" aria-invalid=\"false\" name=\"your-message\"><\/textarea><\/span>\n<\/p>\n<p><span class=\"wpcf7-form-control-wrap\" data-name=\"acceptance-412\"><span class=\"wpcf7-form-control wpcf7-acceptance\"><span class=\"wpcf7-list-item\"><label><input type=\"checkbox\" name=\"acceptance-412\" value=\"1\" aria-invalid=\"false\" \/><span class=\"wpcf7-list-item-label\">He le\u00eddo y acepto la <a href=\"https:\/\/www.controltecnica.com\/bio\/privacidad\" target=\"_blank\">pol\u00edtica de privacidad<\/a><\/span><\/label><\/span><\/span><\/span><br \/>\n<span class=\"wpcf7-form-control-wrap\" data-name=\"acceptance-581\"><span class=\"wpcf7-form-control wpcf7-acceptance optional\"><span class=\"wpcf7-list-item\"><label><input type=\"checkbox\" name=\"acceptance-581\" value=\"1\" aria-invalid=\"false\" \/><span class=\"wpcf7-list-item-label\">Acepto recibir informaci\u00f3n comercial de CONTROLTECNICA<\/span><\/label><\/span><\/span><\/span>\n<\/p>\n<p><input class=\"wpcf7-form-control wpcf7-submit has-spinner btn-size-large btn btn-color-primary\" type=\"submit\" value=\"ENVIAR MENSAJE\" \/>\n<\/p><div class=\"wpcf7-response-output\" aria-hidden=\"true\"><\/div>\n<\/form>\n<\/div>\n[\/vc_column][\/vc_row]<\/p>\n","protected":false},"excerpt":{"rendered":"<p><strong>AFI KATRINA\u00a0<\/strong><\/p>\n<p>Centrifugadoras AFI dise\u00f1adas y fabricadas en Francia, basadas en Ch\u00e2teau-Gontier en Mayenne, fueron dise\u00f1ados para satisfacer las necesidades y los requisitos de los laboratorios de an\u00e1lisis cl\u00ednicos, investigaci\u00f3n biom\u00e9dica y de centros de transfusi\u00f3n.<\/p>\n<p>Ofreciendo una variedad de rotores y accesorios, el usuario podr\u00e1 disponer de todas las soluciones para la separaci\u00f3n y preparaci\u00f3n de sus muestras. Ya sea a partir de muestras de sangre en la investigaci\u00f3n biol\u00f3gica b\u00e1sica, cultivos m\u00e9dicos, farmac\u00e9uticos o celulares.<\/p>\n<p>Dise\u00f1ado para satisfacer todas las necesidades de centrifugaci\u00f3n de los centros de sangre, su capacidad, ergonom\u00eda\u00a0y su interfaz se han optimizado para facilitar su uso.<\/p>\n<p>La aplicaci\u00f3n \u201cIDEM\u201d combinada con la tecnolog\u00eda PFC (Power Factor Control) garantiza la reproducibilidad de sus ciclos, lo que convierte a Katrina en una centr\u00edfuga ideal para simplificar el procesamiento de sangre.<\/p>\n<p><strong>\u00a0Caracter\u00edsticas que facilitan su trabajo diario:<\/strong><\/p>\n<ul>\n<li>Pantalla t\u00e1ctil a color \u201cSmartphone\u201d, le garantiza una comunicaci\u00f3n interactiva entre el usuario y el equipo.<\/li>\n<li>Pantalla retroiluminada para una mejor visibilidad.<\/li>\n<li>Compatible con el uso de guantes.<\/li>\n<li>Iconos intuitivos y subtitulados, simplicidad en programaci\u00f3n y uso.<\/li>\n<li>Asignaci\u00f3n de nombres de programas para una b\u00fasqueda r\u00e1pida de sus diferentes ciclos.<\/li>\n<li>Acceso r\u00e1pido a la funci\u00f3n \u201cIDEM\u201d (Funci\u00f3n de reproducibilidad de ciclos)<\/li>\n<\/ul>\n","protected":false},"featured_media":7635,"template":"","meta":{"iawp_total_views":18},"product_brand":[],"product_cat":[43],"product_tag":[],"class_list":{"0":"post-7634","1":"product","2":"type-product","3":"status-publish","4":"has-post-thumbnail","6":"product_cat-centrifugas-banco-de-sangre","8":"first","9":"instock","10":"shipping-taxable","11":"product-type-simple"},"_links":{"self":[{"href":"https:\/\/www.controltecnica.com\/bio\/wp-json\/wp\/v2\/product\/7634","targetHints":{"allow":["GET"]}}],"collection":[{"href":"https:\/\/www.controltecnica.com\/bio\/wp-json\/wp\/v2\/product"}],"about":[{"href":"https:\/\/www.controltecnica.com\/bio\/wp-json\/wp\/v2\/types\/product"}],"wp:featuredmedia":[{"embeddable":true,"href":"https:\/\/www.controltecnica.com\/bio\/wp-json\/wp\/v2\/media\/7635"}],"wp:attachment":[{"href":"https:\/\/www.controltecnica.com\/bio\/wp-json\/wp\/v2\/media?parent=7634"}],"wp:term":[{"taxonomy":"product_brand","embeddable":true,"href":"https:\/\/www.controltecnica.com\/bio\/wp-json\/wp\/v2\/product_brand?post=7634"},{"taxonomy":"product_cat","embeddable":true,"href":"https:\/\/www.controltecnica.com\/bio\/wp-json\/wp\/v2\/product_cat?post=7634"},{"taxonomy":"product_tag","embeddable":true,"href":"https:\/\/www.controltecnica.com\/bio\/wp-json\/wp\/v2\/product_tag?post=7634"}],"curies":[{"name":"wp","href":"https:\/\/api.w.org\/{rel}","templated":true}]}}