{"id":7567,"date":"2021-11-25T08:36:43","date_gmt":"2021-11-25T08:36:43","guid":{"rendered":"https:\/\/www.controltecnica.com\/bio\/?post_type=product&#038;p=7567"},"modified":"2021-11-29T12:45:45","modified_gmt":"2021-11-29T12:45:45","slug":"balanza-analiticas-serie-321-ls","status":"publish","type":"product","link":"https:\/\/www.controltecnica.com\/bio\/producto\/balanza-analiticas-serie-321-ls\/","title":{"rendered":"Balanza Anal\u00edticas Serie 321 LS"},"content":{"rendered":"<p>[vc_row][vc_column width=\u00bb1\/2&#8243;][vc_column_text text_larger=\u00bbno\u00bb]<\/p>\n<table class=\"table-condensed table-striped\">\n<thead>\n<tr class=\"row-1 odd\">\n<th class=\"column-1\">MODELO<\/th>\n<th class=\"column-2\">Serie 321 LS<\/th>\n<\/tr>\n<\/thead>\n<tbody class=\"row-hover\">\n<tr class=\"row-2 even\">\n<td class=\"column-1\">Capacidad<\/td>\n<td class=\"column-2\">120g, 220g o 320g seg\u00fan modelo<\/td>\n<\/tr>\n<tr class=\"row-3 odd\">\n<td class=\"column-1\">Legibilidad<\/td>\n<td class=\"column-2\">0,1 mg<\/td>\n<\/tr>\n<tr class=\"row-4 even\">\n<td class=\"column-1\">Repetibilidad<\/td>\n<td class=\"column-2\">0,1 mg<\/td>\n<\/tr>\n<tr class=\"row-5 odd\">\n<td class=\"column-1\">Linealidad<\/td>\n<td class=\"column-2\">0,2 mg<\/td>\n<\/tr>\n<tr class=\"row-6 even\">\n<td class=\"column-1\">Tama\u00f1o de plato<\/td>\n<td class=\"column-2\">Di\u00e1metro 90 mm<\/td>\n<\/tr>\n<tr class=\"row-7 odd\">\n<td class=\"column-1\">Tiempo de respuesta<\/td>\n<td class=\"column-2\">2 s<\/td>\n<\/tr>\n<tr class=\"row-8 even\">\n<td class=\"column-1\">Dimensiones (WxLxH)<\/td>\n<td class=\"column-2\">228x381x342 mm<\/td>\n<\/tr>\n<tr class=\"row-9 odd\">\n<td class=\"column-1\">Dimensiones del Corta-vientos<\/td>\n<td class=\"column-2\">180x172x227 mm<\/td>\n<\/tr>\n<tr class=\"row-10 even\">\n<td class=\"column-1\">Drift de sensibilidad (10&#8230;30\u00b0C)<\/td>\n<td class=\"column-2\">1,5 ppm\/\u00b0C<\/td>\n<\/tr>\n<tr class=\"row-11 odd\">\n<td class=\"column-1\">Intervalod de temperatura<\/td>\n<td class=\"column-2\">0-40\u00b0C<\/td>\n<\/tr>\n<tr class=\"row-12 even\">\n<td class=\"column-1\">Filtros ambientales<\/td>\n<td class=\"column-2\">ajustables<\/td>\n<\/tr>\n<tr class=\"row-13 odd\">\n<td class=\"column-1\">Voltaje ,Tolerancia<\/td>\n<td class=\"column-2\">90\/264 V, +15%\/-20%<\/td>\n<\/tr>\n<tr class=\"row-14 even\">\n<td class=\"column-1\">Frecuencia<\/td>\n<td class=\"column-2\">47-63 Hz<\/td>\n<\/tr>\n<tr class=\"row-15 odd\">\n<td class=\"column-1\">Consumo de energ\u00eda<\/td>\n<td class=\"column-2\">18 VA<\/td>\n<\/tr>\n<\/tbody>\n<\/table>\n<p>[\/vc_column_text][\/vc_column][vc_column width=\u00bb1\/2&#8243;]\n<div class=\"wpcf7 no-js\" id=\"wpcf7-f7-o1\" lang=\"es-ES\" dir=\"ltr\" data-wpcf7-id=\"7\">\n<div class=\"screen-reader-response\"><p role=\"status\" aria-live=\"polite\" aria-atomic=\"true\"><\/p> <ul><\/ul><\/div>\n<form action=\"\/bio\/wp-json\/wp\/v2\/product\/7567#wpcf7-f7-o1\" method=\"post\" class=\"wpcf7-form init\" aria-label=\"Formulario de contacto\" novalidate=\"novalidate\" data-status=\"init\">\n<fieldset class=\"hidden-fields-container\"><input type=\"hidden\" name=\"_wpcf7\" value=\"7\" \/><input type=\"hidden\" name=\"_wpcf7_version\" value=\"6.1.5\" \/><input type=\"hidden\" name=\"_wpcf7_locale\" value=\"es_ES\" \/><input type=\"hidden\" name=\"_wpcf7_unit_tag\" value=\"wpcf7-f7-o1\" \/><input type=\"hidden\" name=\"_wpcf7_container_post\" value=\"0\" \/><input type=\"hidden\" name=\"_wpcf7_posted_data_hash\" value=\"\" \/><input type=\"hidden\" name=\"_wpcf7_recaptcha_response\" value=\"\" \/>\n<\/fieldset>\n<div style=\"color:#e30614;font-weight:600;font-size:30px;margin-bottom:10px;\">\n\t<p>\u00bfPodemos ayudarte?\n\t<\/p>\n<\/div>\n<div class=\"row\">\n\t<div class=\"col-md-6\" style='margin-bottom:20px;'>\n\t\t<p><label>Nombre y Apellidos*<\/label><span class=\"wpcf7-form-control-wrap\" data-name=\"your-name\"><input size=\"40\" maxlength=\"400\" class=\"wpcf7-form-control wpcf7-text wpcf7-validates-as-required\" aria-required=\"true\" aria-invalid=\"false\" value=\"\" type=\"text\" name=\"your-name\" \/><\/span>\n\t\t<\/p>\n\t<\/div>\n\t<div class=\"col-md-6\" style='margin-bottom:20px;'>\n\t\t<p><label>Empresa\/Univ\/Hosp*<\/label><span class=\"wpcf7-form-control-wrap\" data-name=\"your-job\"><input size=\"40\" maxlength=\"400\" class=\"wpcf7-form-control wpcf7-text wpcf7-validates-as-required\" aria-required=\"true\" aria-invalid=\"false\" value=\"\" type=\"text\" name=\"your-job\" \/><\/span>\n\t\t<\/p>\n\t<\/div>\n<\/div>\n<div class=\"row\">\n\t<div class=\"col-md-6\" style='margin-bottom:20px;'>\n\t\t<p><label>Email*<\/label><span class=\"wpcf7-form-control-wrap\" data-name=\"your-email\"><input size=\"40\" maxlength=\"400\" class=\"wpcf7-form-control wpcf7-email wpcf7-validates-as-required wpcf7-text wpcf7-validates-as-email\" aria-required=\"true\" aria-invalid=\"false\" value=\"\" type=\"email\" name=\"your-email\" \/><\/span>\n\t\t<\/p>\n\t<\/div>\n\t<div class=\"col-md-6\" style='margin-bottom:20px;'>\n\t\t<p><label>Tel\u00e9fono*<\/label><span class=\"wpcf7-form-control-wrap\" data-name=\"your-number\"><input size=\"40\" maxlength=\"400\" class=\"wpcf7-form-control wpcf7-text wpcf7-validates-as-required\" aria-required=\"true\" aria-invalid=\"false\" value=\"\" type=\"text\" name=\"your-number\" \/><\/span>\n\t\t<\/p>\n\t<\/div>\n<\/div>\n<p><label>\u00bfEn qu\u00e9 est\u00e1s interesado?<\/label><span class=\"wpcf7-form-control-wrap\" data-name=\"your-message\"><textarea cols=\"40\" rows=\"10\" maxlength=\"2000\" class=\"wpcf7-form-control wpcf7-textarea\" aria-invalid=\"false\" name=\"your-message\"><\/textarea><\/span>\n<\/p>\n<p><span class=\"wpcf7-form-control-wrap\" data-name=\"acceptance-412\"><span class=\"wpcf7-form-control wpcf7-acceptance\"><span class=\"wpcf7-list-item\"><label><input type=\"checkbox\" name=\"acceptance-412\" value=\"1\" aria-invalid=\"false\" \/><span class=\"wpcf7-list-item-label\">He le\u00eddo y acepto la <a href=\"https:\/\/www.controltecnica.com\/bio\/privacidad\" target=\"_blank\">pol\u00edtica de privacidad<\/a><\/span><\/label><\/span><\/span><\/span><br \/>\n<span class=\"wpcf7-form-control-wrap\" data-name=\"acceptance-581\"><span class=\"wpcf7-form-control wpcf7-acceptance optional\"><span class=\"wpcf7-list-item\"><label><input type=\"checkbox\" name=\"acceptance-581\" value=\"1\" aria-invalid=\"false\" \/><span class=\"wpcf7-list-item-label\">Acepto recibir informaci\u00f3n comercial de CONTROLTECNICA<\/span><\/label><\/span><\/span><\/span>\n<\/p>\n<p><input class=\"wpcf7-form-control wpcf7-submit has-spinner btn-size-large btn btn-color-primary\" type=\"submit\" value=\"ENVIAR MENSAJE\" \/>\n<\/p><div class=\"wpcf7-response-output\" aria-hidden=\"true\"><\/div>\n<\/form>\n<\/div>\n[\/vc_column][\/vc_row]<\/p>\n","protected":false},"excerpt":{"rendered":"<p><strong>Balanza Anal\u00edticas Serie 321 LS<\/strong><\/p>\n<p>Las balanzas anal\u00edticas LS tienes un dise\u00f1o compacto desarrollado con los m\u00e1s altos est\u00e1ndares de calidad. Combinan precisi\u00f3n con la facilidad de uso integral y un dise\u00f1o atractivo. Su tecnolog\u00eda de pesaje integrado fiable es extremadamente robusto y duradero.<\/p>\n<p>Los usuarios pueden confiar en esta gama de modelos, incluso en las condiciones ambientales m\u00e1s duras. Una pantalla de alto contraste ofrece una perfecta legibilidad en cualquier entorno. Un corta-vientos f\u00e1cil de usar, muchas aplicaciones de pesaje integradas e interfaces para accesorios de gran versatilidad hacen de estas balanzas una herramienta excelente en el laboratorio y la industria.<\/p>\n<p>Vienen equipadas de f\u00e1brica con interfaz para dispositivo USB para comunicarse con un ordenador, adem\u00e1s del puerto RS232 para conexi\u00f3n a PC e impresora.<\/p>\n<p><strong>Caracter\u00edsticas:<\/strong><\/p>\n<ul>\n<li>Balanza de precisi\u00f3n anal\u00edtica con capacidad hasta 120 g<\/li>\n<li>Sistema de autocalibraci\u00f3n interno opcional (SCS), con control de programaci\u00f3n de tiempo y temperatura<\/li>\n<li>Calibraci\u00f3n externa inteligente (ACW) si no lleva la calibraci\u00f3n interna autom\u00e1tica<\/li>\n<li>El cortavientos de apertura manual, f\u00e1cil de usar y limpiar<\/li>\n<li>Teclado de 5 botones f\u00e1cil de manejar y acceder a todo el men\u00fa completo<\/li>\n<li>Reloj con fecha y hora. Cumple GLP\/GMP<\/li>\n<li>Pantalla de vac\u00edo fluorescente<\/li>\n<li>C\u00e9lula de pesaje por compensaci\u00f3n de fuerzas aporta una gran precisi\u00f3n y durabilidad. Se realiza a mano y puede ser reparado directamente en las instalaciones del cliente, garantizando la inversi\u00f3n<\/li>\n<li>Pesaje por debajo de la balanza<\/li>\n<li>Puerto USB y RS232<\/li>\n<li>Validaci\u00f3n IQ\/OQ\/PQ<\/li>\n<li>Incluye adaptador de corriente el\u00e9ctrica<\/li>\n<\/ul>\n<p><strong>Funciones integradas:<\/strong><\/p>\n<ul>\n<li>Determinaci\u00f3n de densidad<\/li>\n<li>Pesaje de animales<\/li>\n<li>Conteo<\/li>\n<li>Pesaje en %<\/li>\n<li>Variedad de unidades de medida<\/li>\n<li>Test de reproducibilidad autom\u00e1tico<\/li>\n<\/ul>\n","protected":false},"featured_media":7568,"template":"","meta":{"iawp_total_views":56},"product_brand":[],"product_cat":[45],"product_tag":[],"class_list":{"0":"post-7567","1":"product","2":"type-product","3":"status-publish","4":"has-post-thumbnail","6":"product_cat-balanzas","8":"first","9":"instock","10":"shipping-taxable","11":"product-type-simple"},"_links":{"self":[{"href":"https:\/\/www.controltecnica.com\/bio\/wp-json\/wp\/v2\/product\/7567","targetHints":{"allow":["GET"]}}],"collection":[{"href":"https:\/\/www.controltecnica.com\/bio\/wp-json\/wp\/v2\/product"}],"about":[{"href":"https:\/\/www.controltecnica.com\/bio\/wp-json\/wp\/v2\/types\/product"}],"wp:featuredmedia":[{"embeddable":true,"href":"https:\/\/www.controltecnica.com\/bio\/wp-json\/wp\/v2\/media\/7568"}],"wp:attachment":[{"href":"https:\/\/www.controltecnica.com\/bio\/wp-json\/wp\/v2\/media?parent=7567"}],"wp:term":[{"taxonomy":"product_brand","embeddable":true,"href":"https:\/\/www.controltecnica.com\/bio\/wp-json\/wp\/v2\/product_brand?post=7567"},{"taxonomy":"product_cat","embeddable":true,"href":"https:\/\/www.controltecnica.com\/bio\/wp-json\/wp\/v2\/product_cat?post=7567"},{"taxonomy":"product_tag","embeddable":true,"href":"https:\/\/www.controltecnica.com\/bio\/wp-json\/wp\/v2\/product_tag?post=7567"}],"curies":[{"name":"wp","href":"https:\/\/api.w.org\/{rel}","templated":true}]}}