{"id":7561,"date":"2021-11-25T08:30:16","date_gmt":"2021-11-25T08:30:16","guid":{"rendered":"https:\/\/www.controltecnica.com\/bio\/?post_type=product&#038;p=7561"},"modified":"2024-05-21T07:37:20","modified_gmt":"2024-05-21T07:37:20","slug":"balanzas-de-precision-2-decimales","status":"publish","type":"product","link":"https:\/\/www.controltecnica.com\/bio\/producto\/balanzas-de-precision-2-decimales\/","title":{"rendered":"Balanzas de precisi\u00f3n \u2013 2 decimales"},"content":{"rendered":"<p>[vc_row][vc_column][vc_column_text text_larger=\u00bbno\u00bb]<\/p>\n<table class=\"table-condensed table-striped\">\n<thead>\n<tr class=\"row-1 odd\">\n<th class=\"column-1\">MODELO<\/th>\n<th class=\"column-2\"><center>BJ 410C<\/center><\/th>\n<th class=\"column-3\"><center>BJ 610C<\/center><\/th>\n<th class=\"column-4\"><center>BJ 1000C<\/center><\/th>\n<th class=\"column-5\"><center>BJ 1200C<\/center><\/th>\n<th class=\"column-6\"><center>BJ 2200C<\/center><\/th>\n<\/tr>\n<\/thead>\n<tbody class=\"row-hover\">\n<tr class=\"row-2 even\">\n<td class=\"column-1\">Capacidad<\/td>\n<td class=\"column-2\"><center>410 g<\/center><\/td>\n<td class=\"column-3\"><center>610 g<\/center><\/td>\n<td class=\"column-4\"><center>1000 g<\/center><\/td>\n<td class=\"column-5\"><center>1200 g<\/center><\/td>\n<td class=\"column-6\"><center>2200 g<\/center><\/td>\n<\/tr>\n<tr class=\"row-3 odd\">\n<td class=\"column-1\">Repetibilidad<\/td>\n<td class=\"column-2\" colspan=\"5\"><center>0,01 g<\/center><\/td>\n<\/tr>\n<tr class=\"row-4 even\">\n<td class=\"column-1\">Legibilidad<\/td>\n<td class=\"column-2\" colspan=\"5\"><center>0,01 g<\/center><\/td>\n<\/tr>\n<tr class=\"row-5 odd\">\n<td class=\"column-1\">Linealidad<\/td>\n<td class=\"column-2\" colspan=\"5\"><center>0,02 g<\/center><\/td>\n<\/tr>\n<tr class=\"row-6 even\">\n<td class=\"column-1\">Intervalod de temperatura<\/td>\n<td class=\"column-2\" colspan=\"5\"><center>0-40\u00b0C<\/center><\/td>\n<\/tr>\n<tr class=\"row-7 odd\">\n<td class=\"column-1\">Drift de sensibilidad<\/td>\n<td class=\"column-2\" colspan=\"5\"><center>2 ppm\/\u00baC<\/center><\/td>\n<\/tr>\n<tr class=\"row-8 even\">\n<td class=\"column-1\">Tiempo de respuesta<\/td>\n<td class=\"column-2\" colspan=\"5\"><center>2 s<\/center><\/td>\n<\/tr>\n<tr class=\"row-9 odd\">\n<td class=\"column-1\">Consumo de energ\u00eda<\/td>\n<td class=\"column-2\" colspan=\"5\"><center>9 Vcc<\/center><\/td>\n<\/tr>\n<tr class=\"row-10 even\">\n<td class=\"column-1\">Frecuencia<\/td>\n<td class=\"column-2\" colspan=\"5\"><center>50 &#8211; 60 Hz<\/center><\/td>\n<\/tr>\n<tr class=\"row-11 odd\">\n<td class=\"column-1\">Voltaje ,Tolerancia<\/td>\n<td class=\"column-2\" colspan=\"5\"><center>100 &#8211; 240 V<\/center><\/td>\n<\/tr>\n<tr class=\"row-12 even\">\n<td class=\"column-1\">Tama\u00f1o de plato<\/td>\n<td class=\"column-2\" colspan=\"5\"><center>135 x 135 mm<\/center><\/td>\n<\/tr>\n<tr class=\"row-13 odd\">\n<td class=\"column-1\">Filtros ambientales<\/td>\n<td class=\"column-2\" colspan=\"5\"><center>ajustables<\/center><\/td>\n<\/tr>\n<\/tbody>\n<\/table>\n<p>[\/vc_column_text][vc_empty_space woodmart_hide_large=\u00bb0&#8243; woodmart_hide_medium=\u00bb0&#8243; woodmart_hide_small=\u00bb0&#8243; woodmart_hide_extra_small=\u00bb0&#8243;]\n<div class=\"wpcf7 no-js\" id=\"wpcf7-f7-o1\" lang=\"es-ES\" dir=\"ltr\" data-wpcf7-id=\"7\">\n<div class=\"screen-reader-response\"><p role=\"status\" aria-live=\"polite\" aria-atomic=\"true\"><\/p> <ul><\/ul><\/div>\n<form action=\"\/bio\/wp-json\/wp\/v2\/product\/7561#wpcf7-f7-o1\" method=\"post\" class=\"wpcf7-form init\" aria-label=\"Formulario de contacto\" novalidate=\"novalidate\" data-status=\"init\">\n<fieldset class=\"hidden-fields-container\"><input type=\"hidden\" name=\"_wpcf7\" value=\"7\" \/><input type=\"hidden\" name=\"_wpcf7_version\" value=\"6.1.5\" \/><input type=\"hidden\" name=\"_wpcf7_locale\" value=\"es_ES\" \/><input type=\"hidden\" name=\"_wpcf7_unit_tag\" value=\"wpcf7-f7-o1\" \/><input type=\"hidden\" name=\"_wpcf7_container_post\" value=\"0\" \/><input type=\"hidden\" name=\"_wpcf7_posted_data_hash\" value=\"\" \/><input type=\"hidden\" name=\"_wpcf7_recaptcha_response\" value=\"\" \/>\n<\/fieldset>\n<div style=\"color:#e30614;font-weight:600;font-size:30px;margin-bottom:10px;\">\n\t<p>\u00bfPodemos ayudarte?\n\t<\/p>\n<\/div>\n<div class=\"row\">\n\t<div class=\"col-md-6\" style='margin-bottom:20px;'>\n\t\t<p><label>Nombre y Apellidos*<\/label><span class=\"wpcf7-form-control-wrap\" data-name=\"your-name\"><input size=\"40\" maxlength=\"400\" class=\"wpcf7-form-control wpcf7-text wpcf7-validates-as-required\" aria-required=\"true\" aria-invalid=\"false\" value=\"\" type=\"text\" name=\"your-name\" \/><\/span>\n\t\t<\/p>\n\t<\/div>\n\t<div class=\"col-md-6\" style='margin-bottom:20px;'>\n\t\t<p><label>Empresa\/Univ\/Hosp*<\/label><span class=\"wpcf7-form-control-wrap\" data-name=\"your-job\"><input size=\"40\" maxlength=\"400\" class=\"wpcf7-form-control wpcf7-text wpcf7-validates-as-required\" aria-required=\"true\" aria-invalid=\"false\" value=\"\" type=\"text\" name=\"your-job\" \/><\/span>\n\t\t<\/p>\n\t<\/div>\n<\/div>\n<div class=\"row\">\n\t<div class=\"col-md-6\" style='margin-bottom:20px;'>\n\t\t<p><label>Email*<\/label><span class=\"wpcf7-form-control-wrap\" data-name=\"your-email\"><input size=\"40\" maxlength=\"400\" class=\"wpcf7-form-control wpcf7-email wpcf7-validates-as-required wpcf7-text wpcf7-validates-as-email\" aria-required=\"true\" aria-invalid=\"false\" value=\"\" type=\"email\" name=\"your-email\" \/><\/span>\n\t\t<\/p>\n\t<\/div>\n\t<div class=\"col-md-6\" style='margin-bottom:20px;'>\n\t\t<p><label>Tel\u00e9fono*<\/label><span class=\"wpcf7-form-control-wrap\" data-name=\"your-number\"><input size=\"40\" maxlength=\"400\" class=\"wpcf7-form-control wpcf7-text wpcf7-validates-as-required\" aria-required=\"true\" aria-invalid=\"false\" value=\"\" type=\"text\" name=\"your-number\" \/><\/span>\n\t\t<\/p>\n\t<\/div>\n<\/div>\n<p><label>\u00bfEn qu\u00e9 est\u00e1s interesado?<\/label><span class=\"wpcf7-form-control-wrap\" data-name=\"your-message\"><textarea cols=\"40\" rows=\"10\" maxlength=\"2000\" class=\"wpcf7-form-control wpcf7-textarea\" aria-invalid=\"false\" name=\"your-message\"><\/textarea><\/span>\n<\/p>\n<p><span class=\"wpcf7-form-control-wrap\" data-name=\"acceptance-412\"><span class=\"wpcf7-form-control wpcf7-acceptance\"><span class=\"wpcf7-list-item\"><label><input type=\"checkbox\" name=\"acceptance-412\" value=\"1\" aria-invalid=\"false\" \/><span class=\"wpcf7-list-item-label\">He le\u00eddo y acepto la <a href=\"https:\/\/www.controltecnica.com\/bio\/privacidad\" target=\"_blank\">pol\u00edtica de privacidad<\/a><\/span><\/label><\/span><\/span><\/span><br \/>\n<span class=\"wpcf7-form-control-wrap\" data-name=\"acceptance-581\"><span class=\"wpcf7-form-control wpcf7-acceptance optional\"><span class=\"wpcf7-list-item\"><label><input type=\"checkbox\" name=\"acceptance-581\" value=\"1\" aria-invalid=\"false\" \/><span class=\"wpcf7-list-item-label\">Acepto recibir informaci\u00f3n comercial de CONTROLTECNICA<\/span><\/label><\/span><\/span><\/span>\n<\/p>\n<p><input class=\"wpcf7-form-control wpcf7-submit has-spinner btn-size-large btn btn-color-primary\" type=\"submit\" value=\"ENVIAR MENSAJE\" \/>\n<\/p><div class=\"wpcf7-response-output\" aria-hidden=\"true\"><\/div>\n<\/form>\n<\/div>\n[\/vc_column][\/vc_row]<\/p>\n","protected":false},"excerpt":{"rendered":"<p><strong>Balanzas de precisi\u00f3n de 2 decimales \u2013 Serie BJ \u2013 Precisa Gravimetrics<\/strong><\/p>\n<p>Las balanzas de precisi\u00f3n BJ tienen un dise\u00f1o compacto desarrollado con los m\u00e1s altos est\u00e1ndares de calidad. Precisa se caracteriza por el desarrollo de instrumentos de pesaje con innovaci\u00f3n tecnol\u00f3gica permitiendo as\u00ed un manejo m\u00e1s amigable para el usuario con sus 5 teclas de acceso directo.<\/p>\n<p>Estas balanzas presentan un sistema de calibraci\u00f3n externo logrado a trav\u00e9s del Modo de Calibraci\u00f3n Inteligente (ICM) con pesas externas.<\/p>\n<p><strong>Caracter\u00edsticas:<\/strong><\/p>\n<ul>\n<li>Balanza de precisi\u00f3n de 0.01 g, con capacidad desde 410 g hasta 1020 g seg\u00fan modelo.<\/li>\n<li>Sistema externo de calibraci\u00f3n; Modo de Calibraci\u00f3n Inteligente (ICM)<\/li>\n<li>Teclado de 5 botones f\u00e1cil de manejar y acceder a todo el men\u00fa completo<\/li>\n<li>Puede crear c\u00f3digos de seguridad<\/li>\n<li>Pantalla de cristal l\u00edquido LCD retroiluminada<\/li>\n<li>Pesaje por debajo de la balanza<\/li>\n<li>Reloj con fecha y hora. Cumple GLP\/GMP<\/li>\n<li>Validaci\u00f3n IQ\/OQ\/PQ<\/li>\n<li>Puerto RS232<\/li>\n<li>Incluye adaptador de corriente el\u00e9ctrica<\/li>\n<\/ul>\n<p><strong>Funciones integradas:<\/strong><\/p>\n<ul>\n<li>Pesaje de animales<\/li>\n<li>Conteo<\/li>\n<li>Pesaje en %<\/li>\n<li>Variedad de unidades de medida<\/li>\n<li>Estad\u00edsticas<\/li>\n<\/ul>\n","protected":false},"featured_media":7562,"template":"","meta":{"iawp_total_views":365},"product_brand":[],"product_cat":[45],"product_tag":[],"class_list":{"0":"post-7561","1":"product","2":"type-product","3":"status-publish","4":"has-post-thumbnail","6":"product_cat-balanzas","8":"first","9":"instock","10":"shipping-taxable","11":"product-type-simple"},"_links":{"self":[{"href":"https:\/\/www.controltecnica.com\/bio\/wp-json\/wp\/v2\/product\/7561","targetHints":{"allow":["GET"]}}],"collection":[{"href":"https:\/\/www.controltecnica.com\/bio\/wp-json\/wp\/v2\/product"}],"about":[{"href":"https:\/\/www.controltecnica.com\/bio\/wp-json\/wp\/v2\/types\/product"}],"wp:featuredmedia":[{"embeddable":true,"href":"https:\/\/www.controltecnica.com\/bio\/wp-json\/wp\/v2\/media\/7562"}],"wp:attachment":[{"href":"https:\/\/www.controltecnica.com\/bio\/wp-json\/wp\/v2\/media?parent=7561"}],"wp:term":[{"taxonomy":"product_brand","embeddable":true,"href":"https:\/\/www.controltecnica.com\/bio\/wp-json\/wp\/v2\/product_brand?post=7561"},{"taxonomy":"product_cat","embeddable":true,"href":"https:\/\/www.controltecnica.com\/bio\/wp-json\/wp\/v2\/product_cat?post=7561"},{"taxonomy":"product_tag","embeddable":true,"href":"https:\/\/www.controltecnica.com\/bio\/wp-json\/wp\/v2\/product_tag?post=7561"}],"curies":[{"name":"wp","href":"https:\/\/api.w.org\/{rel}","templated":true}]}}