{"id":7552,"date":"2021-11-25T08:21:55","date_gmt":"2021-11-25T08:21:55","guid":{"rendered":"https:\/\/www.controltecnica.com\/bio\/?post_type=product&#038;p=7552"},"modified":"2021-11-29T12:08:39","modified_gmt":"2021-11-29T12:08:39","slug":"bano-ultrasonidos-wuc-d-digitales","status":"publish","type":"product","link":"https:\/\/www.controltecnica.com\/bio\/producto\/bano-ultrasonidos-wuc-d-digitales\/","title":{"rendered":"Ba\u00f1o ultrasonidos WUC-D (digitales)"},"content":{"rendered":"<p>[vc_row][vc_column][vc_column_text text_larger=\u00bbno\u00bb]<\/p>\n<table class=\"table-condensed table-striped\">\n<thead>\n<tr class=\"row-1 odd\">\n<th class=\"column-1\">Modelo<\/th>\n<th class=\"column-2\"><center>WUC-D03H<\/center><\/th>\n<th class=\"column-3\"><center>WUC-D06H<\/center><\/th>\n<th class=\"column-4\"><center>WUC-D10H<\/center><\/th>\n<th class=\"column-5\"><center>WUC-D22H<\/center><\/th>\n<\/tr>\n<\/thead>\n<tbody class=\"row-hover\">\n<tr class=\"row-2 even\">\n<td class=\"column-1\">Volumen<\/td>\n<td class=\"column-2\"><center>3,3 L<\/center><\/td>\n<td class=\"column-3\"><center>6 L<\/center><\/td>\n<td class=\"column-4\"><center>10 L<\/center><\/td>\n<td class=\"column-5\"><center>22 L<\/center><\/td>\n<\/tr>\n<tr class=\"row-3 odd\">\n<td class=\"column-1\">Frecuencia<\/td>\n<td class=\"column-2\"><center>40 KHz<\/center><\/td>\n<td class=\"column-3\"><center>40 KHz<\/center><\/td>\n<td class=\"column-4\"><center>40 KHz<\/center><\/td>\n<td class=\"column-5\"><center>40 KHz<\/center><\/td>\n<\/tr>\n<tr class=\"row-4 even\">\n<td class=\"column-1\">HF-peak-out<\/td>\n<td class=\"column-2\"><center>100W<\/center><\/td>\n<td class=\"column-3\"><center>253W<\/center><\/td>\n<td class=\"column-4\"><center>407W<\/center><\/td>\n<td class=\"column-5\"><center>528W<\/center><\/td>\n<\/tr>\n<tr class=\"row-5 odd\">\n<td class=\"column-1\">Temperatura<\/td>\n<td class=\"column-2\"><center>Amb. a 80\u00baC<\/center><\/td>\n<td class=\"column-3\"><center>Amb. a 80\u00baC<\/center><\/td>\n<td class=\"column-4\"><center>Amb. a 80\u00baC<\/center><\/td>\n<td class=\"column-5\"><center>Amb. a 80\u00baC<\/center><\/td>\n<\/tr>\n<tr class=\"row-6 even\">\n<td class=\"column-1\">Potencia calefactora<\/td>\n<td class=\"column-2\"><center>172 W<\/center><\/td>\n<td class=\"column-3\"><center>172 W<\/center><\/td>\n<td class=\"column-4\"><center>258 W<\/center><\/td>\n<td class=\"column-5\"><center>344W<\/center><\/td>\n<\/tr>\n<tr class=\"row-7 odd\">\n<td class=\"column-1\">Temporizador (min)<\/td>\n<td class=\"column-2\"><center>0 &#8211; 30 min<\/center><\/td>\n<td class=\"column-3\"><center>0-60 min<\/center><\/td>\n<td class=\"column-4\"><center>0-60 min<\/center><\/td>\n<td class=\"column-5\"><center>0-60 min<\/center><\/td>\n<\/tr>\n<tr class=\"row-8 even\">\n<td class=\"column-1\">V\u00e1lvula de drenaje<\/td>\n<td class=\"column-2\"><center>No<\/center><\/td>\n<td class=\"column-3\"><center>No<\/center><\/td>\n<td class=\"column-4\"><center>1\/2&#8243; NPT<\/center><\/td>\n<td class=\"column-5\"><center>1\/2&#8243; NPT<\/center><\/td>\n<\/tr>\n<tr class=\"row-9 odd\">\n<td class=\"column-1\">Dimensiones int. (w x d x h) (mm)<\/td>\n<td class=\"column-2\"><center>240x140x100<\/center><\/td>\n<td class=\"column-3\"><center>290x150x150<\/center><\/td>\n<td class=\"column-4\"><center>290x240x150<\/center><\/td>\n<td class=\"column-5\"><center>500x300x150<\/center><\/td>\n<\/tr>\n<tr class=\"row-10 even\">\n<td class=\"column-1\">Consumo<\/td>\n<td class=\"column-2\"><center>290W<\/center><\/td>\n<td class=\"column-3\"><center>425W<\/center><\/td>\n<td class=\"column-4\"><center>665W<\/center><\/td>\n<td class=\"column-5\"><center>872W<\/center><\/td>\n<\/tr>\n<tr class=\"row-11 odd\">\n<td class=\"column-1\">Peso neto<\/td>\n<td class=\"column-2\"><center>3,7 Kg<\/center><\/td>\n<td class=\"column-3\"><center>6,3 Kg<\/center><\/td>\n<td class=\"column-4\"><center>8,5 Kg<\/center><\/td>\n<td class=\"column-5\"><center>12,9 Kg<\/center><\/td>\n<\/tr>\n<\/tbody>\n<\/table>\n<p>[\/vc_column_text][vc_empty_space woodmart_hide_large=\u00bb0&#8243; woodmart_hide_medium=\u00bb0&#8243; woodmart_hide_small=\u00bb0&#8243; woodmart_hide_extra_small=\u00bb0&#8243;]\n<div class=\"wpcf7 no-js\" id=\"wpcf7-f7-o1\" lang=\"es-ES\" dir=\"ltr\" data-wpcf7-id=\"7\">\n<div class=\"screen-reader-response\"><p role=\"status\" aria-live=\"polite\" aria-atomic=\"true\"><\/p> <ul><\/ul><\/div>\n<form action=\"\/bio\/wp-json\/wp\/v2\/product\/7552#wpcf7-f7-o1\" method=\"post\" class=\"wpcf7-form init\" aria-label=\"Formulario de contacto\" novalidate=\"novalidate\" data-status=\"init\">\n<fieldset class=\"hidden-fields-container\"><input type=\"hidden\" name=\"_wpcf7\" value=\"7\" \/><input type=\"hidden\" name=\"_wpcf7_version\" value=\"6.1.5\" \/><input type=\"hidden\" name=\"_wpcf7_locale\" value=\"es_ES\" \/><input type=\"hidden\" name=\"_wpcf7_unit_tag\" value=\"wpcf7-f7-o1\" \/><input type=\"hidden\" name=\"_wpcf7_container_post\" value=\"0\" \/><input type=\"hidden\" name=\"_wpcf7_posted_data_hash\" value=\"\" \/><input type=\"hidden\" name=\"_wpcf7_recaptcha_response\" value=\"\" \/>\n<\/fieldset>\n<div style=\"color:#e30614;font-weight:600;font-size:30px;margin-bottom:10px;\">\n\t<p>\u00bfPodemos ayudarte?\n\t<\/p>\n<\/div>\n<div class=\"row\">\n\t<div class=\"col-md-6\" style='margin-bottom:20px;'>\n\t\t<p><label>Nombre y Apellidos*<\/label><span class=\"wpcf7-form-control-wrap\" data-name=\"your-name\"><input size=\"40\" maxlength=\"400\" class=\"wpcf7-form-control wpcf7-text wpcf7-validates-as-required\" aria-required=\"true\" aria-invalid=\"false\" value=\"\" type=\"text\" name=\"your-name\" \/><\/span>\n\t\t<\/p>\n\t<\/div>\n\t<div class=\"col-md-6\" style='margin-bottom:20px;'>\n\t\t<p><label>Empresa\/Univ\/Hosp*<\/label><span class=\"wpcf7-form-control-wrap\" data-name=\"your-job\"><input size=\"40\" maxlength=\"400\" class=\"wpcf7-form-control wpcf7-text wpcf7-validates-as-required\" aria-required=\"true\" aria-invalid=\"false\" value=\"\" type=\"text\" name=\"your-job\" \/><\/span>\n\t\t<\/p>\n\t<\/div>\n<\/div>\n<div class=\"row\">\n\t<div class=\"col-md-6\" style='margin-bottom:20px;'>\n\t\t<p><label>Email*<\/label><span class=\"wpcf7-form-control-wrap\" data-name=\"your-email\"><input size=\"40\" maxlength=\"400\" class=\"wpcf7-form-control wpcf7-email wpcf7-validates-as-required wpcf7-text wpcf7-validates-as-email\" aria-required=\"true\" aria-invalid=\"false\" value=\"\" type=\"email\" name=\"your-email\" \/><\/span>\n\t\t<\/p>\n\t<\/div>\n\t<div class=\"col-md-6\" style='margin-bottom:20px;'>\n\t\t<p><label>Tel\u00e9fono*<\/label><span class=\"wpcf7-form-control-wrap\" data-name=\"your-number\"><input size=\"40\" maxlength=\"400\" class=\"wpcf7-form-control wpcf7-text wpcf7-validates-as-required\" aria-required=\"true\" aria-invalid=\"false\" value=\"\" type=\"text\" name=\"your-number\" \/><\/span>\n\t\t<\/p>\n\t<\/div>\n<\/div>\n<p><label>\u00bfEn qu\u00e9 est\u00e1s interesado?<\/label><span class=\"wpcf7-form-control-wrap\" data-name=\"your-message\"><textarea cols=\"40\" rows=\"10\" maxlength=\"2000\" class=\"wpcf7-form-control wpcf7-textarea\" aria-invalid=\"false\" name=\"your-message\"><\/textarea><\/span>\n<\/p>\n<p><span class=\"wpcf7-form-control-wrap\" data-name=\"acceptance-412\"><span class=\"wpcf7-form-control wpcf7-acceptance\"><span class=\"wpcf7-list-item\"><label><input type=\"checkbox\" name=\"acceptance-412\" value=\"1\" aria-invalid=\"false\" \/><span class=\"wpcf7-list-item-label\">He le\u00eddo y acepto la <a href=\"https:\/\/www.controltecnica.com\/bio\/privacidad\" target=\"_blank\">pol\u00edtica de privacidad<\/a><\/span><\/label><\/span><\/span><\/span><br \/>\n<span class=\"wpcf7-form-control-wrap\" data-name=\"acceptance-581\"><span class=\"wpcf7-form-control wpcf7-acceptance optional\"><span class=\"wpcf7-list-item\"><label><input type=\"checkbox\" name=\"acceptance-581\" value=\"1\" aria-invalid=\"false\" \/><span class=\"wpcf7-list-item-label\">Acepto recibir informaci\u00f3n comercial de CONTROLTECNICA<\/span><\/label><\/span><\/span><\/span>\n<\/p>\n<p><input class=\"wpcf7-form-control wpcf7-submit has-spinner btn-size-large btn btn-color-primary\" type=\"submit\" value=\"ENVIAR MENSAJE\" \/>\n<\/p><div class=\"wpcf7-response-output\" aria-hidden=\"true\"><\/div>\n<\/form>\n<\/div>\n[\/vc_column][\/vc_row]<\/p>\n","protected":false},"excerpt":{"rendered":"<p><strong>BA\u00d1OS DE ULTRASONIDOS DIGITALES SERIE \u201cWUC-D\u201d \u2013 WITEG<\/strong><\/p>\n<p>Ideales para tareas de limpieza de grasas, restos de aceites, desgasificaci\u00f3n\u2026 para todo tipo de instrumental de laboratorio.<\/p>\n<ul>\n<li>Control por microprocesador y display digital<\/li>\n<li>Frecuencia ultrasonidos 40kHz<\/li>\n<li>Temporizador integrado de 0 a 60min<\/li>\n<li>Rango de trabajo: de temperatura ambiente hasta 80\u00baC.<\/li>\n<li>2 a\u00f1os de garant\u00eda.<\/li>\n<\/ul>\n<p>4 modelos disponibles seg\u00fan su capacidad:<\/p>\n<ul>\n<li><strong>\u201cWUC-D03H\u201d<\/strong>\u00a0 \u2013 3.3 litros (Para este modelo existe adem\u00e1s la funci\u00f3n de desgasificaci\u00f3n)<\/li>\n<li><strong>\u201cWUC-D06H\u201d<\/strong>\u00a0\u00a0\u2013 \u00a06 litros<\/li>\n<li><strong>\u201cWUC-D10H\u201d<\/strong>\u00a0\u00a0\u2013 10 litros<\/li>\n<li><strong>\u201cWUC-D22H\u201d<\/strong>\u00a0\u00a0\u2013 22 litros<\/li>\n<\/ul>\n","protected":false},"featured_media":7553,"template":"","meta":{"iawp_total_views":66},"product_brand":[],"product_cat":[46],"product_tag":[],"class_list":{"0":"post-7552","1":"product","2":"type-product","3":"status-publish","4":"has-post-thumbnail","6":"product_cat-banos-y-recirculadores","8":"first","9":"instock","10":"shipping-taxable","11":"product-type-simple"},"_links":{"self":[{"href":"https:\/\/www.controltecnica.com\/bio\/wp-json\/wp\/v2\/product\/7552","targetHints":{"allow":["GET"]}}],"collection":[{"href":"https:\/\/www.controltecnica.com\/bio\/wp-json\/wp\/v2\/product"}],"about":[{"href":"https:\/\/www.controltecnica.com\/bio\/wp-json\/wp\/v2\/types\/product"}],"wp:featuredmedia":[{"embeddable":true,"href":"https:\/\/www.controltecnica.com\/bio\/wp-json\/wp\/v2\/media\/7553"}],"wp:attachment":[{"href":"https:\/\/www.controltecnica.com\/bio\/wp-json\/wp\/v2\/media?parent=7552"}],"wp:term":[{"taxonomy":"product_brand","embeddable":true,"href":"https:\/\/www.controltecnica.com\/bio\/wp-json\/wp\/v2\/product_brand?post=7552"},{"taxonomy":"product_cat","embeddable":true,"href":"https:\/\/www.controltecnica.com\/bio\/wp-json\/wp\/v2\/product_cat?post=7552"},{"taxonomy":"product_tag","embeddable":true,"href":"https:\/\/www.controltecnica.com\/bio\/wp-json\/wp\/v2\/product_tag?post=7552"}],"curies":[{"name":"wp","href":"https:\/\/api.w.org\/{rel}","templated":true}]}}