{"id":7544,"date":"2021-11-25T08:12:17","date_gmt":"2021-11-25T08:12:17","guid":{"rendered":"https:\/\/www.controltecnica.com\/bio\/?post_type=product&#038;p=7544"},"modified":"2021-11-29T12:00:25","modified_gmt":"2021-11-29T12:00:25","slug":"criotermostatos-wcl-35oc","status":"publish","type":"product","link":"https:\/\/www.controltecnica.com\/bio\/producto\/criotermostatos-wcl-35oc\/","title":{"rendered":"Criotermostatos WCL -35\u00baC"},"content":{"rendered":"<p>[vc_row][vc_column][vc_column_text text_larger=\u00bbno\u00bb]<\/p>\n<table class=\"table-condensed table-striped\">\n<thead>\n<tr class=\"row-1 odd\">\n<th class=\"column-1\">Modelo<\/th>\n<th class=\"column-2\"><center>WCL-P8<\/center><\/th>\n<th class=\"column-3\"><center>WCL-P12<\/center><\/th>\n<th class=\"column-4\"><center>WCL-P22<\/center><\/th>\n<th class=\"column-5\"><center>WCL-P30<\/center><\/th>\n<\/tr>\n<\/thead>\n<tbody class=\"row-hover\">\n<tr class=\"row-2 even\">\n<td class=\"column-1\">Capacidad<\/td>\n<td class=\"column-2\"><center>8 L<\/center><\/td>\n<td class=\"column-3\"><center>12 L<\/center><\/td>\n<td class=\"column-4\"><center>22 L<\/center><\/td>\n<td class=\"column-5\"><center>30 L<\/center><\/td>\n<\/tr>\n<tr class=\"row-3 odd\">\n<td class=\"column-1\">Rango de temperatura \/ Precisi\u00f3n<\/td>\n<td class=\"column-2\" colspan=\"4\"><center>-35\u00baC a 150 \u00baC; \u00b1 0.1\u00baC<\/center><\/td>\n<\/tr>\n<tr class=\"row-4 even\">\n<td class=\"column-1\">Uniformidad de la temperatura<\/td>\n<td class=\"column-2\" colspan=\"4\"><center>\u00b1 0.2\u00baC a -20\u00baC, PT100<\/center><\/td>\n<\/tr>\n<tr class=\"row-5 odd\">\n<td class=\"column-1\">Potencia calefactora<\/td>\n<td class=\"column-2\"><center>1 Kw<\/center><\/td>\n<td class=\"column-3\"><center>1,5 kW<\/center><\/td>\n<td class=\"column-4\"><center>2 kW<\/center><\/td>\n<td class=\"column-5\"><center>2.2 kW<\/center><\/td>\n<\/tr>\n<tr class=\"row-6 even\">\n<td class=\"column-1\">Refrigerante<\/td>\n<td class=\"column-2\" colspan=\"4\"><center>Libre CFC (404A)<\/center><\/td>\n<\/tr>\n<tr class=\"row-7 odd\">\n<td class=\"column-1\">Refrigerador<\/td>\n<td class=\"column-2\"><center>1\/3 HP<\/center><\/td>\n<td class=\"column-3\"><center>1\/3 HP<\/center><\/td>\n<td class=\"column-4\"><center>3\/4 HP<\/center><\/td>\n<td class=\"column-5\"><center>7\/8 HP<\/center><\/td>\n<\/tr>\n<tr class=\"row-8 even\">\n<td class=\"column-1\">Bomba<\/td>\n<td class=\"column-2\" colspan=\"4\"><center>25 L\/min; 7.5 psi de m\u00e1xima presi\u00f3n<\/center><\/td>\n<\/tr>\n<tr class=\"row-9 odd\">\n<td class=\"column-1\">Temporizador<\/td>\n<td class=\"column-2\" colspan=\"4\"><center>99 hr, 59 min o continuo. Funci\u00f3n Delay<\/center><\/td>\n<\/tr>\n<tr class=\"row-10 even\">\n<td class=\"column-1\">Display<\/td>\n<td class=\"column-2\" colspan=\"4\"><center>Digital LCD retroiluminado<\/center><\/td>\n<\/tr>\n<tr class=\"row-11 odd\">\n<td class=\"column-1\">Material<\/td>\n<td class=\"column-2\" colspan=\"4\"><center>Interior y tapa de acero inoxidable.<\/center><\/td>\n<\/tr>\n<tr class=\"row-12 even\">\n<td class=\"column-1\">Dimensiones internas<\/td>\n<td class=\"column-2\"><center>175 x 153 x 150<\/center><\/td>\n<td class=\"column-3\"><center>230 x 181 x 150<\/center><\/td>\n<td class=\"column-4\"><center>290 x 220 x 200<\/center><\/td>\n<td class=\"column-5\"><center>330 x 290 x 200<\/center><\/td>\n<\/tr>\n<tr class=\"row-13 odd\">\n<td class=\"column-1\">Dimensiones externas<\/td>\n<td class=\"column-2\"><center>400 x 523 x 807<\/center><\/td>\n<td class=\"column-3\"><center>400 x 523 x 807<\/center><\/td>\n<td class=\"column-4\"><center>483 x 563 x 850<\/center><\/td>\n<td class=\"column-5\"><center>494 x 633 x 906<\/center><\/td>\n<\/tr>\n<tr class=\"row-14 even\">\n<td class=\"column-1\">Peso<\/td>\n<td class=\"column-2\"><center>50 Kg<\/center><\/td>\n<td class=\"column-3\"><center>55 Kg<\/center><\/td>\n<td class=\"column-4\"><center>65 Kg<\/center><\/td>\n<td class=\"column-5\"><center>78 Kg<\/center><\/td>\n<\/tr>\n<tr class=\"row-15 odd\">\n<td class=\"column-1\">Alimentaci\u00f3n<\/td>\n<td class=\"column-2\" colspan=\"4\"><center>230V, 50\/60 Hz<\/center><\/td>\n<\/tr>\n<\/tbody>\n<\/table>\n<p>[\/vc_column_text][vc_empty_space woodmart_hide_large=\u00bb0&#8243; woodmart_hide_medium=\u00bb0&#8243; woodmart_hide_small=\u00bb0&#8243; woodmart_hide_extra_small=\u00bb0&#8243;]\n<div class=\"wpcf7 no-js\" id=\"wpcf7-f7-o1\" lang=\"es-ES\" dir=\"ltr\" data-wpcf7-id=\"7\">\n<div class=\"screen-reader-response\"><p role=\"status\" aria-live=\"polite\" aria-atomic=\"true\"><\/p> <ul><\/ul><\/div>\n<form action=\"\/bio\/wp-json\/wp\/v2\/product\/7544#wpcf7-f7-o1\" method=\"post\" class=\"wpcf7-form init\" aria-label=\"Formulario de contacto\" novalidate=\"novalidate\" data-status=\"init\">\n<fieldset class=\"hidden-fields-container\"><input type=\"hidden\" name=\"_wpcf7\" value=\"7\" \/><input type=\"hidden\" name=\"_wpcf7_version\" value=\"6.1.5\" \/><input type=\"hidden\" name=\"_wpcf7_locale\" value=\"es_ES\" \/><input type=\"hidden\" name=\"_wpcf7_unit_tag\" value=\"wpcf7-f7-o1\" \/><input type=\"hidden\" name=\"_wpcf7_container_post\" value=\"0\" \/><input type=\"hidden\" name=\"_wpcf7_posted_data_hash\" value=\"\" \/><input type=\"hidden\" name=\"_wpcf7_recaptcha_response\" value=\"\" \/>\n<\/fieldset>\n<div style=\"color:#e30614;font-weight:600;font-size:30px;margin-bottom:10px;\">\n\t<p>\u00bfPodemos ayudarte?\n\t<\/p>\n<\/div>\n<div class=\"row\">\n\t<div class=\"col-md-6\" style='margin-bottom:20px;'>\n\t\t<p><label>Nombre y Apellidos*<\/label><span class=\"wpcf7-form-control-wrap\" data-name=\"your-name\"><input size=\"40\" maxlength=\"400\" class=\"wpcf7-form-control wpcf7-text wpcf7-validates-as-required\" aria-required=\"true\" aria-invalid=\"false\" value=\"\" type=\"text\" name=\"your-name\" \/><\/span>\n\t\t<\/p>\n\t<\/div>\n\t<div class=\"col-md-6\" style='margin-bottom:20px;'>\n\t\t<p><label>Empresa\/Univ\/Hosp*<\/label><span class=\"wpcf7-form-control-wrap\" data-name=\"your-job\"><input size=\"40\" maxlength=\"400\" class=\"wpcf7-form-control wpcf7-text wpcf7-validates-as-required\" aria-required=\"true\" aria-invalid=\"false\" value=\"\" type=\"text\" name=\"your-job\" \/><\/span>\n\t\t<\/p>\n\t<\/div>\n<\/div>\n<div class=\"row\">\n\t<div class=\"col-md-6\" style='margin-bottom:20px;'>\n\t\t<p><label>Email*<\/label><span class=\"wpcf7-form-control-wrap\" data-name=\"your-email\"><input size=\"40\" maxlength=\"400\" class=\"wpcf7-form-control wpcf7-email wpcf7-validates-as-required wpcf7-text wpcf7-validates-as-email\" aria-required=\"true\" aria-invalid=\"false\" value=\"\" type=\"email\" name=\"your-email\" \/><\/span>\n\t\t<\/p>\n\t<\/div>\n\t<div class=\"col-md-6\" style='margin-bottom:20px;'>\n\t\t<p><label>Tel\u00e9fono*<\/label><span class=\"wpcf7-form-control-wrap\" data-name=\"your-number\"><input size=\"40\" maxlength=\"400\" class=\"wpcf7-form-control wpcf7-text wpcf7-validates-as-required\" aria-required=\"true\" aria-invalid=\"false\" value=\"\" type=\"text\" name=\"your-number\" \/><\/span>\n\t\t<\/p>\n\t<\/div>\n<\/div>\n<p><label>\u00bfEn qu\u00e9 est\u00e1s interesado?<\/label><span class=\"wpcf7-form-control-wrap\" data-name=\"your-message\"><textarea cols=\"40\" rows=\"10\" maxlength=\"2000\" class=\"wpcf7-form-control wpcf7-textarea\" aria-invalid=\"false\" name=\"your-message\"><\/textarea><\/span>\n<\/p>\n<p><span class=\"wpcf7-form-control-wrap\" data-name=\"acceptance-412\"><span class=\"wpcf7-form-control wpcf7-acceptance\"><span class=\"wpcf7-list-item\"><label><input type=\"checkbox\" name=\"acceptance-412\" value=\"1\" aria-invalid=\"false\" \/><span class=\"wpcf7-list-item-label\">He le\u00eddo y acepto la <a href=\"https:\/\/www.controltecnica.com\/bio\/privacidad\" target=\"_blank\">pol\u00edtica de privacidad<\/a><\/span><\/label><\/span><\/span><\/span><br \/>\n<span class=\"wpcf7-form-control-wrap\" data-name=\"acceptance-581\"><span class=\"wpcf7-form-control wpcf7-acceptance optional\"><span class=\"wpcf7-list-item\"><label><input type=\"checkbox\" name=\"acceptance-581\" value=\"1\" aria-invalid=\"false\" \/><span class=\"wpcf7-list-item-label\">Acepto recibir informaci\u00f3n comercial de CONTROLTECNICA<\/span><\/label><\/span><\/span><\/span>\n<\/p>\n<p><input class=\"wpcf7-form-control wpcf7-submit has-spinner btn-size-large btn btn-color-primary\" type=\"submit\" value=\"ENVIAR MENSAJE\" \/>\n<\/p><div class=\"wpcf7-response-output\" aria-hidden=\"true\"><\/div>\n<\/form>\n<\/div>\n[\/vc_column][\/vc_row]<\/p>\n","protected":false},"excerpt":{"rendered":"<p><strong>Criotermostato de recirculaci\u00f3n digital MaXircu<\/strong>\u00a0(8-30L).<\/p>\n<p>Calefacci\u00f3n y refrigeraci\u00f3n para regulaci\u00f3n de temperatura rentable en el laboratorio a temperaturas desde -35 hasta 150\u00baC, intervalo que cubre la mayor parte de todas las aplicaciones termost\u00e1ticas b\u00e1sicas dentro del laboratorio. Nuevo modelo, ahora con bomba m\u00e1s potente, que ofrece mayor potencia y caudal de trabajo (25 L\/min; 7.5 psi de m\u00e1xima presi\u00f3n.<\/p>\n<p>Los termostatos son adecuados para el funcionamiento con l\u00edquidos no inflamables y para ambas aplicaciones generales de regulaci\u00f3n de temperatura internas y externas: aplicaciones de inmersi\u00f3n de muestras en estudios de temperatura y aplicaciones de control de temperatura externa como viscos\u00edmetros, fermentadores, rotavapores,\u2026<\/p>\n<p>Caracter\u00edsticas principales:<\/p>\n<ul>\n<li>Control digital<\/li>\n<li>Sistema de refrigeraci\u00f3n libre de CFC (R-404A)<\/li>\n<li>Pantalla digital LCD con retroiluminaci\u00f3n<\/li>\n<li>Puerto RS232 para seguimiento y control desde PC<\/li>\n<li>Tiempo de enfriamiento m\u00e1s r\u00e1pido<\/li>\n<li>Modelos con ruedas<\/li>\n<li>Ba\u00f1o de acero inox #304<\/li>\n<li>Apto para conexi\u00f3n a rotavapor o viscos\u00edmetro<\/li>\n<li>Funci\u00f3n de auto-compensaci\u00f3n para controlar la diferencia entre temperatura real y temperatura indicada<\/li>\n<li>Funci\u00f3n auto-stop en caso de escasez de l\u00edquido<\/li>\n<li>Sistema de refrigeraci\u00f3n auto-controlado para la protecci\u00f3n del compresor y ahorro de energ\u00eda<\/li>\n<li>Modo de bloqueo apoyado por la seguridad experimental<\/li>\n<\/ul>\n<p>Referencias:<\/p>\n<p>\u2013 Criotermostato de recirculaci\u00f3n digital MaXircu 8 L (<strong>Ref. WCL00408<\/strong>)<\/p>\n<p>\u2013\u00a0Criotermostato de recirculaci\u00f3n digital MaXircu 12 L (<strong>Ref. WCL00412<\/strong>)<\/p>\n<p>\u2013\u00a0Criotermostato de recirculaci\u00f3n digital MaXircu 22 L (<strong>Ref. WCL00422<\/strong>)<\/p>\n<p>\u2013\u00a0Criotermostato de recirculaci\u00f3n digital MaXircu 30 L (<strong>Ref. WCL00430<\/strong>)<\/p>\n","protected":false},"featured_media":7545,"template":"","meta":{"iawp_total_views":16},"product_brand":[],"product_cat":[46],"product_tag":[],"class_list":{"0":"post-7544","1":"product","2":"type-product","3":"status-publish","4":"has-post-thumbnail","6":"product_cat-banos-y-recirculadores","8":"first","9":"instock","10":"shipping-taxable","11":"product-type-simple"},"_links":{"self":[{"href":"https:\/\/www.controltecnica.com\/bio\/wp-json\/wp\/v2\/product\/7544","targetHints":{"allow":["GET"]}}],"collection":[{"href":"https:\/\/www.controltecnica.com\/bio\/wp-json\/wp\/v2\/product"}],"about":[{"href":"https:\/\/www.controltecnica.com\/bio\/wp-json\/wp\/v2\/types\/product"}],"wp:featuredmedia":[{"embeddable":true,"href":"https:\/\/www.controltecnica.com\/bio\/wp-json\/wp\/v2\/media\/7545"}],"wp:attachment":[{"href":"https:\/\/www.controltecnica.com\/bio\/wp-json\/wp\/v2\/media?parent=7544"}],"wp:term":[{"taxonomy":"product_brand","embeddable":true,"href":"https:\/\/www.controltecnica.com\/bio\/wp-json\/wp\/v2\/product_brand?post=7544"},{"taxonomy":"product_cat","embeddable":true,"href":"https:\/\/www.controltecnica.com\/bio\/wp-json\/wp\/v2\/product_cat?post=7544"},{"taxonomy":"product_tag","embeddable":true,"href":"https:\/\/www.controltecnica.com\/bio\/wp-json\/wp\/v2\/product_tag?post=7544"}],"curies":[{"name":"wp","href":"https:\/\/api.w.org\/{rel}","templated":true}]}}