{"id":7532,"date":"2021-11-25T07:51:24","date_gmt":"2021-11-25T07:51:24","guid":{"rendered":"https:\/\/www.controltecnica.com\/bio\/?post_type=product&#038;p=7532"},"modified":"2021-11-29T11:49:48","modified_gmt":"2021-11-29T11:49:48","slug":"banos-maria-wb","status":"publish","type":"product","link":"https:\/\/www.controltecnica.com\/bio\/producto\/banos-maria-wb\/","title":{"rendered":"Ba\u00f1os Mar\u00eda WB"},"content":{"rendered":"<p>[vc_row][vc_column][vc_column_text text_larger=\u00bbno\u00bb]<\/p>\n<table class=\"table-condensed table-striped\">\n<thead>\n<tr class=\"row-1 odd\">\n<th class=\"column-1\">Modelo<\/th>\n<th class=\"column-2\"><center>WB-6<\/center><\/th>\n<th class=\"column-3\"><center>WB-11<\/center><\/th>\n<th class=\"column-4\"><center>WB-22<\/center><\/th>\n<\/tr>\n<\/thead>\n<tbody class=\"row-hover\">\n<tr class=\"row-2 even\">\n<td class=\"column-1\">Volumen<\/td>\n<td class=\"column-2\"><center>6 L<\/center><\/td>\n<td class=\"column-3\"><center>11 L<\/center><\/td>\n<td class=\"column-4\"><center>22 L<\/center><\/td>\n<\/tr>\n<tr class=\"row-3 odd\">\n<td class=\"column-1\">Rango de temperatura \/ Precisi\u00f3n<\/td>\n<td class=\"column-2\" colspan=\"3\"><center>Amb. + 5\u00baC hasta 100\u00baC \/ \u00b1 0,1\u00baC<\/center><\/td>\n<\/tr>\n<tr class=\"row-4 even\">\n<td class=\"column-1\">Uniformidad de temperatura<\/td>\n<td class=\"column-2\" colspan=\"3\"><center>\u00b1 1.0 \u00baC, PT100<\/center><\/td>\n<\/tr>\n<tr class=\"row-5 odd\">\n<td class=\"column-1\">Potencia calefactora<\/td>\n<td class=\"column-2\"><center>800 W<\/center><\/td>\n<td class=\"column-3\"><center>1 kW<\/center><\/td>\n<td class=\"column-4\"><center>2 kW<\/center><\/td>\n<\/tr>\n<tr class=\"row-6 even\">\n<td class=\"column-1\">Temporizador<\/td>\n<td class=\"column-2\" colspan=\"3\"><center>99 hr, 59 min o continuo. Funci\u00f3n \u00abDelay\u00bb.<\/center><\/td>\n<\/tr>\n<tr class=\"row-7 odd\">\n<td class=\"column-1\">Alarmas<\/td>\n<td class=\"column-2\" colspan=\"3\"><center>Estado de error o fin de programa<\/center><\/td>\n<\/tr>\n<tr class=\"row-8 even\">\n<td class=\"column-1\">Display<\/td>\n<td class=\"column-2\" colspan=\"3\"><center>Digital LCD retroiluminado<\/center><\/td>\n<\/tr>\n<tr class=\"row-9 odd\">\n<td class=\"column-1\">Material<\/td>\n<td class=\"column-2\" colspan=\"3\"><center>Interior acero inoxidable (#304), Exterior acero pintado. Tapa: acero inoxidable<\/center><\/td>\n<\/tr>\n<tr class=\"row-10 even\">\n<td class=\"column-1\">V\u00e1lvula de drenaje<\/td>\n<td class=\"column-2\"><center>No<\/center><\/td>\n<td class=\"column-3\">No<\/td>\n<td class=\"column-4\">Incluida<\/td>\n<\/tr>\n<tr class=\"row-11 odd\">\n<td class=\"column-1\">Dimensiones internas<\/td>\n<td class=\"column-2\"><center>300 x 155 x h110 mm<\/center><\/td>\n<td class=\"column-3\">302 x 240 x h110 mm<\/td>\n<td class=\"column-4\">500 x 295 x h110 mm<\/td>\n<\/tr>\n<tr class=\"row-12 even\">\n<td class=\"column-1\">Dimensiones externas<\/td>\n<td class=\"column-2\"><center>325 x 180 x h260 mm<\/center><\/td>\n<td class=\"column-3\">325 x 265 x h260 mm<\/td>\n<td class=\"column-4\">535 x 330 x h260 mm<\/td>\n<\/tr>\n<tr class=\"row-13 odd\">\n<td class=\"column-1\">Peso<\/td>\n<td class=\"column-2\"><center>8 Kg<\/center><\/td>\n<td class=\"column-3\">10 Kg<\/td>\n<td class=\"column-4\">14 Kg<\/td>\n<\/tr>\n<tr class=\"row-14 even\">\n<td class=\"column-1\">Alimentaci\u00f3n<\/td>\n<td class=\"column-2\" colspan=\"3\"><center>240V, 50\/60 Hz<\/center><\/td>\n<\/tr>\n<\/tbody>\n<\/table>\n<p>[\/vc_column_text][vc_empty_space woodmart_hide_large=\u00bb0&#8243; woodmart_hide_medium=\u00bb0&#8243; woodmart_hide_small=\u00bb0&#8243; woodmart_hide_extra_small=\u00bb0&#8243;]\n<div class=\"wpcf7 no-js\" id=\"wpcf7-f7-o1\" lang=\"es-ES\" dir=\"ltr\" data-wpcf7-id=\"7\">\n<div class=\"screen-reader-response\"><p role=\"status\" aria-live=\"polite\" aria-atomic=\"true\"><\/p> <ul><\/ul><\/div>\n<form action=\"\/bio\/wp-json\/wp\/v2\/product\/7532#wpcf7-f7-o1\" method=\"post\" class=\"wpcf7-form init\" aria-label=\"Formulario de contacto\" novalidate=\"novalidate\" data-status=\"init\">\n<fieldset class=\"hidden-fields-container\"><input type=\"hidden\" name=\"_wpcf7\" value=\"7\" \/><input type=\"hidden\" name=\"_wpcf7_version\" value=\"6.1.5\" \/><input type=\"hidden\" name=\"_wpcf7_locale\" value=\"es_ES\" \/><input type=\"hidden\" name=\"_wpcf7_unit_tag\" value=\"wpcf7-f7-o1\" \/><input type=\"hidden\" name=\"_wpcf7_container_post\" value=\"0\" \/><input type=\"hidden\" name=\"_wpcf7_posted_data_hash\" value=\"\" \/><input type=\"hidden\" name=\"_wpcf7_recaptcha_response\" value=\"\" \/>\n<\/fieldset>\n<div style=\"color:#e30614;font-weight:600;font-size:30px;margin-bottom:10px;\">\n\t<p>\u00bfPodemos ayudarte?\n\t<\/p>\n<\/div>\n<div class=\"row\">\n\t<div class=\"col-md-6\" style='margin-bottom:20px;'>\n\t\t<p><label>Nombre y Apellidos*<\/label><span class=\"wpcf7-form-control-wrap\" data-name=\"your-name\"><input size=\"40\" maxlength=\"400\" class=\"wpcf7-form-control wpcf7-text wpcf7-validates-as-required\" aria-required=\"true\" aria-invalid=\"false\" value=\"\" type=\"text\" name=\"your-name\" \/><\/span>\n\t\t<\/p>\n\t<\/div>\n\t<div class=\"col-md-6\" style='margin-bottom:20px;'>\n\t\t<p><label>Empresa\/Univ\/Hosp*<\/label><span class=\"wpcf7-form-control-wrap\" data-name=\"your-job\"><input size=\"40\" maxlength=\"400\" class=\"wpcf7-form-control wpcf7-text wpcf7-validates-as-required\" aria-required=\"true\" aria-invalid=\"false\" value=\"\" type=\"text\" name=\"your-job\" \/><\/span>\n\t\t<\/p>\n\t<\/div>\n<\/div>\n<div class=\"row\">\n\t<div class=\"col-md-6\" style='margin-bottom:20px;'>\n\t\t<p><label>Email*<\/label><span class=\"wpcf7-form-control-wrap\" data-name=\"your-email\"><input size=\"40\" maxlength=\"400\" class=\"wpcf7-form-control wpcf7-email wpcf7-validates-as-required wpcf7-text wpcf7-validates-as-email\" aria-required=\"true\" aria-invalid=\"false\" value=\"\" type=\"email\" name=\"your-email\" \/><\/span>\n\t\t<\/p>\n\t<\/div>\n\t<div class=\"col-md-6\" style='margin-bottom:20px;'>\n\t\t<p><label>Tel\u00e9fono*<\/label><span class=\"wpcf7-form-control-wrap\" data-name=\"your-number\"><input size=\"40\" maxlength=\"400\" class=\"wpcf7-form-control wpcf7-text wpcf7-validates-as-required\" aria-required=\"true\" aria-invalid=\"false\" value=\"\" type=\"text\" name=\"your-number\" \/><\/span>\n\t\t<\/p>\n\t<\/div>\n<\/div>\n<p><label>\u00bfEn qu\u00e9 est\u00e1s interesado?<\/label><span class=\"wpcf7-form-control-wrap\" data-name=\"your-message\"><textarea cols=\"40\" rows=\"10\" maxlength=\"2000\" class=\"wpcf7-form-control wpcf7-textarea\" aria-invalid=\"false\" name=\"your-message\"><\/textarea><\/span>\n<\/p>\n<p><span class=\"wpcf7-form-control-wrap\" data-name=\"acceptance-412\"><span class=\"wpcf7-form-control wpcf7-acceptance\"><span class=\"wpcf7-list-item\"><label><input type=\"checkbox\" name=\"acceptance-412\" value=\"1\" aria-invalid=\"false\" \/><span class=\"wpcf7-list-item-label\">He le\u00eddo y acepto la <a href=\"https:\/\/www.controltecnica.com\/bio\/privacidad\" target=\"_blank\">pol\u00edtica de privacidad<\/a><\/span><\/label><\/span><\/span><\/span><br \/>\n<span class=\"wpcf7-form-control-wrap\" data-name=\"acceptance-581\"><span class=\"wpcf7-form-control wpcf7-acceptance optional\"><span class=\"wpcf7-list-item\"><label><input type=\"checkbox\" name=\"acceptance-581\" value=\"1\" aria-invalid=\"false\" \/><span class=\"wpcf7-list-item-label\">Acepto recibir informaci\u00f3n comercial de CONTROLTECNICA<\/span><\/label><\/span><\/span><\/span>\n<\/p>\n<p><input class=\"wpcf7-form-control wpcf7-submit has-spinner btn-size-large btn btn-color-primary\" type=\"submit\" value=\"ENVIAR MENSAJE\" \/>\n<\/p><div class=\"wpcf7-response-output\" aria-hidden=\"true\"><\/div>\n<\/form>\n<\/div>\n[\/vc_column][\/vc_row]<\/p>\n","protected":false},"excerpt":{"rendered":"<p><strong>BA\u00d1OS MAR\u00cdA TERMOST\u00c1TICOS DIGITALES SERIE \u201cWB\u201d<\/strong><\/p>\n<p>Caracter\u00edsticas principales:<\/p>\n<ul>\n<li>Temperatura amb + 5\u00baC a 100\u00baC<\/li>\n<li>Cubeta y tapa acero inoxidable #304 anticorrosi\u00f3n<\/li>\n<li>Display digital LCD retroiluminado<\/li>\n<li>Programaci\u00f3n del temporizador: \u00a099h 59min \u00f3 continuo (con funci\u00f3n de inicio retardado \u201cStart Delay\u201d)<\/li>\n<li>Incluye tapa plana, SUS, con referencia DH.WB010106<\/li>\n<li>2 a\u00f1os de garant\u00eda<\/li>\n<\/ul>\n<p>3 modelos seg\u00fan su capacidad:<\/p>\n<ul>\n<li><strong>\u201cWB-6\u201d<\/strong>\u00a0 \u2013 \u00a06 Litros<\/li>\n<li><strong>\u201cWB-11\u201d<\/strong>\u00a0 \u2013 \u00a011 Litros<\/li>\n<li><strong>\u201cWB-22\u201d<\/strong>\u00a0 \u2013 \u00a022 Litros<\/li>\n<\/ul>\n","protected":false},"featured_media":7533,"template":"","meta":{"iawp_total_views":68},"product_brand":[],"product_cat":[46],"product_tag":[],"class_list":{"0":"post-7532","1":"product","2":"type-product","3":"status-publish","4":"has-post-thumbnail","6":"product_cat-banos-y-recirculadores","8":"first","9":"instock","10":"shipping-taxable","11":"product-type-simple"},"_links":{"self":[{"href":"https:\/\/www.controltecnica.com\/bio\/wp-json\/wp\/v2\/product\/7532","targetHints":{"allow":["GET"]}}],"collection":[{"href":"https:\/\/www.controltecnica.com\/bio\/wp-json\/wp\/v2\/product"}],"about":[{"href":"https:\/\/www.controltecnica.com\/bio\/wp-json\/wp\/v2\/types\/product"}],"wp:featuredmedia":[{"embeddable":true,"href":"https:\/\/www.controltecnica.com\/bio\/wp-json\/wp\/v2\/media\/7533"}],"wp:attachment":[{"href":"https:\/\/www.controltecnica.com\/bio\/wp-json\/wp\/v2\/media?parent=7532"}],"wp:term":[{"taxonomy":"product_brand","embeddable":true,"href":"https:\/\/www.controltecnica.com\/bio\/wp-json\/wp\/v2\/product_brand?post=7532"},{"taxonomy":"product_cat","embeddable":true,"href":"https:\/\/www.controltecnica.com\/bio\/wp-json\/wp\/v2\/product_cat?post=7532"},{"taxonomy":"product_tag","embeddable":true,"href":"https:\/\/www.controltecnica.com\/bio\/wp-json\/wp\/v2\/product_tag?post=7532"}],"curies":[{"name":"wp","href":"https:\/\/api.w.org\/{rel}","templated":true}]}}