{"id":7511,"date":"2021-11-23T13:11:18","date_gmt":"2021-11-23T13:11:18","guid":{"rendered":"https:\/\/www.controltecnica.com\/bio\/?post_type=product&#038;p=7511"},"modified":"2021-11-25T07:27:35","modified_gmt":"2021-11-25T07:27:35","slug":"cabinas-de-carbon-activo-circulaire","status":"publish","type":"product","link":"https:\/\/www.controltecnica.com\/bio\/producto\/cabinas-de-carbon-activo-circulaire\/","title":{"rendered":"Cabinas de carb\u00f3n Activo Circulaire"},"content":{"rendered":"<p>[vc_row][vc_column][vc_column_text text_larger=\u00bbno\u00bb]<\/p>\n<table class=\"table-condensed table-striped\">\n<thead>\n<tr class=\"row-1 odd\">\n<th class=\"column-1\">Modelo<\/th>\n<th class=\"column-2\"><center>Circulaire T800<\/center><\/th>\n<th class=\"column-3\"><center>Circulaire T1100<\/center><\/th>\n<th class=\"column-4\"><center>Circulaire T1400<\/center><\/th>\n<th class=\"column-5\"><center>Circulaire T1800<\/center><\/th>\n<\/tr>\n<\/thead>\n<tbody class=\"row-hover\">\n<tr class=\"row-2 even\">\n<td class=\"column-1\">Dimensiones ext. (wxdxh)<\/td>\n<td class=\"column-2\"><center>800 x 700 x 1280 mm<\/center><\/td>\n<td class=\"column-3\"><center>1100 x 700 x 1280 mm<\/center><\/td>\n<td class=\"column-4\"><center>1400 x 700 x 1280 mm<\/center><\/td>\n<td class=\"column-5\"><center>1800 x 700 x 1280 mm<\/center><\/td>\n<\/tr>\n<tr class=\"row-3 odd\">\n<td class=\"column-1\">Dimensiones int. (wxhxd)<\/td>\n<td class=\"column-2\"><center>785 x 650 x 840 mm<\/center><\/td>\n<td class=\"column-3\"><center>1185 x 650 x 840 mm<\/center><\/td>\n<td class=\"column-4\"><center>1385 x 650 x 840 mm<\/center><\/td>\n<td class=\"column-5\"><center>1785 x 650 x 840 mm<\/center><\/td>\n<\/tr>\n<tr class=\"row-4 even\">\n<td class=\"column-1\">Apertura ventana (w x h)<\/td>\n<td class=\"column-2\"><center>500 x 300 mm<\/center><\/td>\n<td class=\"column-3\"><center>800 x 300 mm<\/center><\/td>\n<td class=\"column-4\"><center>1100 x 300 mm<\/center><\/td>\n<td class=\"column-5\"><center>1500 x 300 mm<\/center><\/td>\n<\/tr>\n<tr class=\"row-5 odd\">\n<td class=\"column-1\">Flujo de aire<\/td>\n<td class=\"column-2\"><center>300 m<sup>3<\/sup>\/hr<\/center><\/td>\n<td class=\"column-3\"><center>475 m<sup>3<\/sup>\/hr<\/center><\/td>\n<td class=\"column-4\"><center>650 m<sup>3<\/sup>\/hr<\/center><\/td>\n<td class=\"column-5\"><center>890 m<sup>3<\/sup>\/hr<\/center><\/td>\n<\/tr>\n<tr class=\"row-6 even\">\n<td class=\"column-1\">Nivel de ruido<\/td>\n<td class=\"column-2\"><center>&lt; 48dB<\/center><\/td>\n<td class=\"column-3\"><center>&lt;54 dB<\/center><\/td>\n<td class=\"column-4\"><center>&lt;54 dB<\/center><\/td>\n<td class=\"column-5\"><center>&lt; 55 dB<\/center><\/td>\n<\/tr>\n<tr class=\"row-7 odd\">\n<td class=\"column-1\">Filtros principales<\/td>\n<td class=\"column-2\"><center>1 x 16Kg de Carb\u00f3n<\/center><\/td>\n<td class=\"column-3\"><center>2 x 14Kg de Carb\u00f3n<\/center><\/td>\n<td class=\"column-4\"><center>2 x 16Kg de Carb\u00f3n<\/center><\/td>\n<td class=\"column-5\"><center>2 x 14Kg y 1 x 16 Kg de Carb\u00f3n<\/center><\/td>\n<\/tr>\n<tr class=\"row-8 even\">\n<td class=\"column-1\">Filtros de salida<\/td>\n<td class=\"column-2\"><center>1 x 5 Kg de carb\u00f3n<\/center><\/td>\n<td class=\"column-3\"><center>2 x 4 Kg de carb\u00f3n<\/center><\/td>\n<td class=\"column-4\"><center>2 x 5 Kg de carb\u00f3n<\/center><\/td>\n<td class=\"column-5\"><center>3 x 4 Kg de carb\u00f3n<\/center><\/td>\n<\/tr>\n<tr class=\"row-9 odd\">\n<td class=\"column-1\">Velocidad (m\/seg)<\/td>\n<td class=\"column-2\" colspan=\"4\"><center>Ajustado a 0,55 m\/s. Ajustable a 0,3 m\/s o 1 m\/s. Compensaci\u00f3n autom\u00e1tica.<\/center><\/td>\n<\/tr>\n<tr class=\"row-10 even\">\n<td class=\"column-1\">Luz interna<\/td>\n<td class=\"column-2\" colspan=\"4\"><center>Doble full LED &#8211; &gt;900 Lux &#8211; regulable<\/center><\/td>\n<\/tr>\n<tr class=\"row-11 odd\">\n<td class=\"column-1\">Prefiltros<\/td>\n<td class=\"column-2\" colspan=\"4\"><center>Facilmente reemplazables con sistema de seguridad<\/center><\/td>\n<\/tr>\n<tr class=\"row-12 even\">\n<td class=\"column-1\">Monitorizaci\u00f3n<\/td>\n<td class=\"column-2\" colspan=\"4\"><center>Del flujo de aire, del estado de los filtros y su saturaci\u00f3n con sistemas de alarma acustico y visual.<\/center><\/td>\n<\/tr>\n<tr class=\"row-13 odd\">\n<td class=\"column-1\">ECO Mode<\/td>\n<td class=\"column-2\" colspan=\"4\"><center>S\u00ed &#8211; regulable entre 5&#8242; y 60&#8242;<\/center><\/td>\n<\/tr>\n<tr class=\"row-14 even\">\n<td class=\"column-1\">Potencia<\/td>\n<td class=\"column-2\"><center>57 Watt<\/center><\/td>\n<td class=\"column-3\"><center>100 Watt<\/center><\/td>\n<td class=\"column-4\"><center>110 Watt<\/center><\/td>\n<td class=\"column-5\"><center>160 Watt<\/center><\/td>\n<\/tr>\n<\/tbody>\n<\/table>\n<p>[\/vc_column_text][vc_empty_space woodmart_hide_large=\u00bb0&#8243; woodmart_hide_medium=\u00bb0&#8243; woodmart_hide_small=\u00bb0&#8243; woodmart_hide_extra_small=\u00bb0&#8243;]\n<div class=\"wpcf7 no-js\" id=\"wpcf7-f7-o1\" lang=\"es-ES\" dir=\"ltr\" data-wpcf7-id=\"7\">\n<div class=\"screen-reader-response\"><p role=\"status\" aria-live=\"polite\" aria-atomic=\"true\"><\/p> <ul><\/ul><\/div>\n<form action=\"\/bio\/wp-json\/wp\/v2\/product\/7511#wpcf7-f7-o1\" method=\"post\" class=\"wpcf7-form init\" aria-label=\"Formulario de contacto\" novalidate=\"novalidate\" data-status=\"init\">\n<fieldset class=\"hidden-fields-container\"><input type=\"hidden\" name=\"_wpcf7\" value=\"7\" \/><input type=\"hidden\" name=\"_wpcf7_version\" value=\"6.1.5\" \/><input type=\"hidden\" name=\"_wpcf7_locale\" value=\"es_ES\" \/><input type=\"hidden\" name=\"_wpcf7_unit_tag\" value=\"wpcf7-f7-o1\" \/><input type=\"hidden\" name=\"_wpcf7_container_post\" value=\"0\" \/><input type=\"hidden\" name=\"_wpcf7_posted_data_hash\" value=\"\" \/><input type=\"hidden\" name=\"_wpcf7_recaptcha_response\" value=\"\" \/>\n<\/fieldset>\n<div style=\"color:#e30614;font-weight:600;font-size:30px;margin-bottom:10px;\">\n\t<p>\u00bfPodemos ayudarte?\n\t<\/p>\n<\/div>\n<div class=\"row\">\n\t<div class=\"col-md-6\" style='margin-bottom:20px;'>\n\t\t<p><label>Nombre y Apellidos*<\/label><span class=\"wpcf7-form-control-wrap\" data-name=\"your-name\"><input size=\"40\" maxlength=\"400\" class=\"wpcf7-form-control wpcf7-text wpcf7-validates-as-required\" aria-required=\"true\" aria-invalid=\"false\" value=\"\" type=\"text\" name=\"your-name\" \/><\/span>\n\t\t<\/p>\n\t<\/div>\n\t<div class=\"col-md-6\" style='margin-bottom:20px;'>\n\t\t<p><label>Empresa\/Univ\/Hosp*<\/label><span class=\"wpcf7-form-control-wrap\" data-name=\"your-job\"><input size=\"40\" maxlength=\"400\" class=\"wpcf7-form-control wpcf7-text wpcf7-validates-as-required\" aria-required=\"true\" aria-invalid=\"false\" value=\"\" type=\"text\" name=\"your-job\" \/><\/span>\n\t\t<\/p>\n\t<\/div>\n<\/div>\n<div class=\"row\">\n\t<div class=\"col-md-6\" style='margin-bottom:20px;'>\n\t\t<p><label>Email*<\/label><span class=\"wpcf7-form-control-wrap\" data-name=\"your-email\"><input size=\"40\" maxlength=\"400\" class=\"wpcf7-form-control wpcf7-email wpcf7-validates-as-required wpcf7-text wpcf7-validates-as-email\" aria-required=\"true\" aria-invalid=\"false\" value=\"\" type=\"email\" name=\"your-email\" \/><\/span>\n\t\t<\/p>\n\t<\/div>\n\t<div class=\"col-md-6\" style='margin-bottom:20px;'>\n\t\t<p><label>Tel\u00e9fono*<\/label><span class=\"wpcf7-form-control-wrap\" data-name=\"your-number\"><input size=\"40\" maxlength=\"400\" class=\"wpcf7-form-control wpcf7-text wpcf7-validates-as-required\" aria-required=\"true\" aria-invalid=\"false\" value=\"\" type=\"text\" name=\"your-number\" \/><\/span>\n\t\t<\/p>\n\t<\/div>\n<\/div>\n<p><label>\u00bfEn qu\u00e9 est\u00e1s interesado?<\/label><span class=\"wpcf7-form-control-wrap\" data-name=\"your-message\"><textarea cols=\"40\" rows=\"10\" maxlength=\"2000\" class=\"wpcf7-form-control wpcf7-textarea\" aria-invalid=\"false\" name=\"your-message\"><\/textarea><\/span>\n<\/p>\n<p><span class=\"wpcf7-form-control-wrap\" data-name=\"acceptance-412\"><span class=\"wpcf7-form-control wpcf7-acceptance\"><span class=\"wpcf7-list-item\"><label><input type=\"checkbox\" name=\"acceptance-412\" value=\"1\" aria-invalid=\"false\" \/><span class=\"wpcf7-list-item-label\">He le\u00eddo y acepto la <a href=\"https:\/\/www.controltecnica.com\/bio\/privacidad\" target=\"_blank\">pol\u00edtica de privacidad<\/a><\/span><\/label><\/span><\/span><\/span><br \/>\n<span class=\"wpcf7-form-control-wrap\" data-name=\"acceptance-581\"><span class=\"wpcf7-form-control wpcf7-acceptance optional\"><span class=\"wpcf7-list-item\"><label><input type=\"checkbox\" name=\"acceptance-581\" value=\"1\" aria-invalid=\"false\" \/><span class=\"wpcf7-list-item-label\">Acepto recibir informaci\u00f3n comercial de CONTROLTECNICA<\/span><\/label><\/span><\/span><\/span>\n<\/p>\n<p><input class=\"wpcf7-form-control wpcf7-submit has-spinner btn-size-large btn btn-color-primary\" type=\"submit\" value=\"ENVIAR MENSAJE\" \/>\n<\/p><div class=\"wpcf7-response-output\" aria-hidden=\"true\"><\/div>\n<\/form>\n<\/div>\n[\/vc_column][\/vc_row]<\/p>\n","protected":false},"excerpt":{"rendered":"<p><strong>Cabinas de Carb\u00f3n Activo Circulaire con Panel t\u00e1ctil Visionaire<\/strong><\/p>\n<p>Las cabinas de carb\u00f3n activo Circulaire de Monmouth Scientific con el panel t\u00e1ctil Visionaire utilizan la \u00faltima tecnolog\u00eda en sus filtros HEPA y de carb\u00f3n activo. La profunda capa de los filtros de carb\u00f3n activo y la amplia apertura de trabajo de las cabinas ofrecen una protecci\u00f3n inigualable del usuario evitando las inhalaciones de humo y otras part\u00edculas.<\/p>\n<p>Las cabinas de carb\u00f3n activo est\u00e1n disponibles en varios tama\u00f1os, cubriendo as\u00ed todas las necesidades del laboratorio: desde 800mm hasta 1800mm.<\/p>\n<p>Es posible equipar la cabina con una selecci\u00f3n de opciones est\u00e1ndar.<\/p>\n<p><strong>Caracter\u00edsticas principales:<\/strong><\/p>\n<ul>\n<li>Panel t\u00e1ctil Visionaire de 4,3\u2033 a color<\/li>\n<li>Bajo consumo<\/li>\n<li>Niveles de ruido muy bajos<\/li>\n<li>Aplicaciones personalizadas<\/li>\n<li>5 a\u00f1os de garant\u00eda<\/li>\n<\/ul>\n","protected":false},"featured_media":7520,"template":"","meta":{"iawp_total_views":43},"product_brand":[],"product_cat":[48],"product_tag":[],"class_list":{"0":"post-7511","1":"product","2":"type-product","3":"status-publish","4":"has-post-thumbnail","6":"product_cat-cabinas-de-carbon-activo","8":"first","9":"instock","10":"shipping-taxable","11":"product-type-simple"},"_links":{"self":[{"href":"https:\/\/www.controltecnica.com\/bio\/wp-json\/wp\/v2\/product\/7511","targetHints":{"allow":["GET"]}}],"collection":[{"href":"https:\/\/www.controltecnica.com\/bio\/wp-json\/wp\/v2\/product"}],"about":[{"href":"https:\/\/www.controltecnica.com\/bio\/wp-json\/wp\/v2\/types\/product"}],"wp:featuredmedia":[{"embeddable":true,"href":"https:\/\/www.controltecnica.com\/bio\/wp-json\/wp\/v2\/media\/7520"}],"wp:attachment":[{"href":"https:\/\/www.controltecnica.com\/bio\/wp-json\/wp\/v2\/media?parent=7511"}],"wp:term":[{"taxonomy":"product_brand","embeddable":true,"href":"https:\/\/www.controltecnica.com\/bio\/wp-json\/wp\/v2\/product_brand?post=7511"},{"taxonomy":"product_cat","embeddable":true,"href":"https:\/\/www.controltecnica.com\/bio\/wp-json\/wp\/v2\/product_cat?post=7511"},{"taxonomy":"product_tag","embeddable":true,"href":"https:\/\/www.controltecnica.com\/bio\/wp-json\/wp\/v2\/product_tag?post=7511"}],"curies":[{"name":"wp","href":"https:\/\/api.w.org\/{rel}","templated":true}]}}