{"id":7416,"date":"2021-11-18T09:27:48","date_gmt":"2021-11-18T09:27:48","guid":{"rendered":"https:\/\/www.controltecnica.com\/bio\/?post_type=product&#038;p=7416"},"modified":"2021-11-22T12:28:45","modified_gmt":"2021-11-22T12:28:45","slug":"estufas-con-humedad-serie-kk","status":"publish","type":"product","link":"https:\/\/www.controltecnica.com\/bio\/producto\/estufas-con-humedad-serie-kk\/","title":{"rendered":"Estufas con humedad serie KK"},"content":{"rendered":"<p>[vc_row][vc_column][vc_column_text text_larger=\u00bbno\u00bb]<\/p>\n<table class=\"table-condensed table-striped\">\n<thead>\n<tr class=\"row-1 odd\">\n<th class=\"column-1\">Modelos<\/th>\n<th class=\"column-2\"><center>KK 115<\/center><\/th>\n<th class=\"column-3\"><center>KK 240<\/center><\/th>\n<th class=\"column-4\"><center>KK 350<\/center><\/th>\n<th class=\"column-5\"><center>KK 400<\/center><\/th>\n<th class=\"column-6\"><center>KK 500<\/center><\/th>\n<th class=\"column-7\"><center>KK 700<\/center><\/th>\n<th class=\"column-8\"><center>KK 750<\/center><\/th>\n<th class=\"column-9\"><center>KK 1200<\/center><\/th>\n<th class=\"column-10\"><center>KK 1450<\/center><\/th>\n<\/tr>\n<\/thead>\n<tbody class=\"row-hover\">\n<tr class=\"row-2 even\">\n<td class=\"column-1\">Capacidad<\/td>\n<td class=\"column-2\"><center>112 L<\/center><\/td>\n<td class=\"column-3\"><center>245 L<\/center><\/td>\n<td class=\"column-4\"><center>335 L<\/center><\/td>\n<td class=\"column-5\"><center>424 L<\/center><\/td>\n<td class=\"column-6\"><center>493 L<\/center><\/td>\n<td class=\"column-7\"><center>625 L<\/center><\/td>\n<td class=\"column-8\"><center>749 L<\/center><\/td>\n<td class=\"column-9\"><center>1365 L<\/center><\/td>\n<td class=\"column-10\"><center>1467 L<\/center><\/td>\n<\/tr>\n<tr class=\"row-3 odd\">\n<td class=\"column-1\">Dimensiones Ext. [cm] (WxHxD)<\/td>\n<td class=\"column-2\"><center>65 x 116 x 96<\/center><\/td>\n<td class=\"column-3\"><center>81 x 160 x 100<\/center><\/td>\n<td class=\"column-4\"><center>64 x 200 x 98<\/center><\/td>\n<td class=\"column-5\"><center>102 x 184 x 100<\/center><\/td>\n<td class=\"column-6\"><center>63 x 199 x 104<\/center><\/td>\n<td class=\"column-7\"><center>73 x 200 x 107<\/center><\/td>\n<td class=\"column-8\"><center>125 x 200 x 110<\/center><\/td>\n<td class=\"column-9\"><center>146 x 199 x 107<\/center><\/td>\n<td class=\"column-10\"><center>144 x 197 x 117<\/center><\/td>\n<\/tr>\n<tr class=\"row-4 even\">\n<td class=\"column-1\">M\u00e1x. carga\/equipo<\/td>\n<td class=\"column-2\"><center>60 Kg<\/center><\/td>\n<td class=\"column-3\"><center>90 Kg<\/center><\/td>\n<td class=\"column-4\"><center>100 Kg<\/center><\/td>\n<td class=\"column-5\"><center>120 Kg<\/center><\/td>\n<td class=\"column-6\"><center>100 Kg<\/center><\/td>\n<td class=\"column-7\"><center>150 Kg<\/center><\/td>\n<td class=\"column-8\"><center>140 kg<\/center><\/td>\n<td class=\"column-9\"><center>300 Kg<\/center><\/td>\n<td class=\"column-10\"><center>300 Kg<\/center><\/td>\n<\/tr>\n<tr class=\"row-5 odd\">\n<td class=\"column-1\">Fluctuaciones de Humedad a 25\u00baC, 60% r.h.<\/td>\n<td class=\"column-2\"><center>0.023<\/center><\/td>\n<td class=\"column-3\"><center>0.031<\/center><\/td>\n<td class=\"column-4\"><center>0.015<\/center><\/td>\n<td class=\"column-5\"><center>0.03<\/center><\/td>\n<td class=\"column-6\"><center>0.024<\/center><\/td>\n<td class=\"column-7\"><center>0.023<\/center><\/td>\n<td class=\"column-8\"><center>0.013<\/center><\/td>\n<td class=\"column-9\"><center>0.014<\/center><\/td>\n<td class=\"column-10\"><center>0.014<\/center><\/td>\n<\/tr>\n<tr class=\"row-6 even\">\n<td class=\"column-1\">Fluctuaciones Temperatura a +25\u00baC, 60% r.h.<\/td>\n<td class=\"column-2\"><center>0,2 \u00baC<\/center><\/td>\n<td class=\"column-3\"><center>0,5 \u00baC<\/center><\/td>\n<td class=\"column-4\"><center>0,4\u00baC<\/center><\/td>\n<td class=\"column-5\"><center>0,4\u00baC<\/center><\/td>\n<td class=\"column-6\"><center>0,3 \u00baC<\/center><\/td>\n<td class=\"column-7\"><center>0,3 \u00baC<\/center><\/td>\n<td class=\"column-8\"><center>0,3 \u00baC<\/center><\/td>\n<td class=\"column-9\"><center>0,3 \u00baC<\/center><\/td>\n<td class=\"column-10\"><center>0,3 \u00baC<\/center><\/td>\n<\/tr>\n<tr class=\"row-7 odd\">\n<td class=\"column-1\">Estantes incluidos\/ m\u00e1ximos<\/td>\n<td class=\"column-2\"><center>2\/7<\/center><\/td>\n<td class=\"column-3\">3\/10<\/td>\n<td class=\"column-4\"><center>3\/11<\/center><\/td>\n<td class=\"column-5\"><center>3\/14<\/center><\/td>\n<td class=\"column-6\"><center>3\/11<\/center><\/td>\n<td class=\"column-7\"><center>3\/11<\/center><\/td>\n<td class=\"column-8\"><center>5\/16<\/center><\/td>\n<td class=\"column-9\"><center>2 x 3\/11<\/center><\/td>\n<td class=\"column-10\"><center>2 x 3\/11<\/center><\/td>\n<\/tr>\n<tr class=\"row-8 even\">\n<td class=\"column-1\">M\u00e1x. carga\/estante<\/td>\n<td class=\"column-2\" colspan=\"4\"><center>10 Kg<\/center><\/td>\n<td class=\"column-6\"><center>20 Kg<\/center><\/td>\n<td class=\"column-7\"><center>30 Kg<\/center><\/td>\n<td class=\"column-8\"><center>&#8211;<\/center><\/td>\n<td class=\"column-9\" colspan=\"2\"><center>30 Kg<\/center><\/td>\n<\/tr>\n<tr class=\"row-9 odd\">\n<td class=\"column-1\">Potencia [W] Sin Luz<\/td>\n<td class=\"column-2\"><center>1000<\/center><\/td>\n<td class=\"column-3\"><center>1500<\/center><\/td>\n<td class=\"column-4\"><center>1400<\/center><\/td>\n<td class=\"column-5\"><center>2000<\/center><\/td>\n<td class=\"column-6\"><center>1600<\/center><\/td>\n<td class=\"column-7\"><center>1600<\/center><\/td>\n<td class=\"column-8\"><center>2500<\/center><\/td>\n<td class=\"column-9\"><center>2200<\/center><\/td>\n<td class=\"column-10\"><center>2200<\/center><\/td>\n<\/tr>\n<tr class=\"row-10 even\">\n<td class=\"column-1\">Potencia [W] Con luz (FIT)<\/td>\n<td class=\"column-2\"><center>1200<\/center><\/td>\n<td class=\"column-3\"><center>1800<\/center><\/td>\n<td class=\"column-4\"><center>2600<\/center><\/td>\n<td class=\"column-5\"><center>2300<\/center><\/td>\n<td class=\"column-6\"><center>2000<\/center><\/td>\n<td class=\"column-7\"><center>2000<\/center><\/td>\n<td class=\"column-8\"><center>2900<\/center><\/td>\n<td class=\"column-9\"><center>3000<\/center><\/td>\n<td class=\"column-10\"><center>3000<\/center><\/td>\n<\/tr>\n<tr class=\"row-11 odd\">\n<td class=\"column-1\">Peso (Kg)<\/td>\n<td class=\"column-2\"><center>90<\/center><\/td>\n<td class=\"column-3\"><center>140<\/center><\/td>\n<td class=\"column-4\"><center>125<\/center><\/td>\n<td class=\"column-5\"><center>185<\/center><\/td>\n<td class=\"column-6\"><center>130<\/center><\/td>\n<td class=\"column-7\"><center>170<\/center><\/td>\n<td class=\"column-8\"><center>275<\/center><\/td>\n<td class=\"column-9\"><center>220<\/center><\/td>\n<td class=\"column-10\"><center>230<\/center><\/td>\n<\/tr>\n<tr class=\"row-12 even\">\n<td class=\"column-1\">Convecci\u00f3n Aire<\/td>\n<td class=\"column-2\" colspan=\"9\"><center>Convecci\u00f3n Forzada<\/center><\/td>\n<\/tr>\n<tr class=\"row-13 odd\">\n<td class=\"column-1\">Tipo de puerta<\/td>\n<td class=\"column-2\" colspan=\"9\"><center>Doble (externa s\u00f3lida, interna cristal) \/ Opcional puerta externa cristal<\/center><\/td>\n<\/tr>\n<tr class=\"row-14 even\">\n<td class=\"column-1\">Rango de T\u00aa<\/td>\n<td class=\"column-2\" colspan=\"9\"><center>-10\u00baC a +60\u00baC (con luz: +10\u00baC a +50\u00baC)<\/center><\/td>\n<\/tr>\n<tr class=\"row-15 odd\">\n<td class=\"column-1\">Rango de Humedad<\/td>\n<td class=\"column-2\" colspan=\"9\"><center>De 30% a 90% (en el rango de temperatura de +10\u00baC a +60\u00baC)<\/center><\/td>\n<\/tr>\n<tr class=\"row-16 even\">\n<td class=\"column-1\">Controlador<\/td>\n<td class=\"column-2\" colspan=\"9\"><center>Microprocesador con display gr\u00e1fico externo TOP +<\/center><\/td>\n<\/tr>\n<tr class=\"row-17 odd\">\n<td class=\"column-1\">Interior<\/td>\n<td class=\"column-2\" colspan=\"9\"><center>Acero Inoxidable a prueba de \u00e1cidos de acuerdo a DIN 1.4301<\/center><\/td>\n<\/tr>\n<tr class=\"row-18 even\">\n<td class=\"column-1\">Resoluci\u00f3n T\u00aa<\/td>\n<td class=\"column-2\" colspan=\"9\"><center>Cada 0,1 \u00baC<\/center><\/td>\n<\/tr>\n<tr class=\"row-19 odd\">\n<td class=\"column-1\">Voltaje<\/td>\n<td class=\"column-2\" colspan=\"9\"><center>230 V \/60Hz<\/center><\/td>\n<\/tr>\n<\/tbody>\n<\/table>\n<p>[\/vc_column_text][vc_empty_space woodmart_hide_large=\u00bb0&#8243; woodmart_hide_medium=\u00bb0&#8243; woodmart_hide_small=\u00bb0&#8243; woodmart_hide_extra_small=\u00bb0&#8243;]\n<div class=\"wpcf7 no-js\" id=\"wpcf7-f7-o1\" lang=\"es-ES\" dir=\"ltr\" data-wpcf7-id=\"7\">\n<div class=\"screen-reader-response\"><p role=\"status\" aria-live=\"polite\" aria-atomic=\"true\"><\/p> <ul><\/ul><\/div>\n<form action=\"\/bio\/wp-json\/wp\/v2\/product\/7416#wpcf7-f7-o1\" method=\"post\" class=\"wpcf7-form init\" aria-label=\"Formulario de contacto\" novalidate=\"novalidate\" data-status=\"init\">\n<fieldset class=\"hidden-fields-container\"><input type=\"hidden\" name=\"_wpcf7\" value=\"7\" \/><input type=\"hidden\" name=\"_wpcf7_version\" value=\"6.1.5\" \/><input type=\"hidden\" name=\"_wpcf7_locale\" value=\"es_ES\" \/><input type=\"hidden\" name=\"_wpcf7_unit_tag\" value=\"wpcf7-f7-o1\" \/><input type=\"hidden\" name=\"_wpcf7_container_post\" value=\"0\" \/><input type=\"hidden\" name=\"_wpcf7_posted_data_hash\" value=\"\" \/><input type=\"hidden\" name=\"_wpcf7_recaptcha_response\" value=\"\" \/>\n<\/fieldset>\n<div style=\"color:#e30614;font-weight:600;font-size:30px;margin-bottom:10px;\">\n\t<p>\u00bfPodemos ayudarte?\n\t<\/p>\n<\/div>\n<div class=\"row\">\n\t<div class=\"col-md-6\" style='margin-bottom:20px;'>\n\t\t<p><label>Nombre y Apellidos*<\/label><span class=\"wpcf7-form-control-wrap\" data-name=\"your-name\"><input size=\"40\" maxlength=\"400\" class=\"wpcf7-form-control wpcf7-text wpcf7-validates-as-required\" aria-required=\"true\" aria-invalid=\"false\" value=\"\" type=\"text\" name=\"your-name\" \/><\/span>\n\t\t<\/p>\n\t<\/div>\n\t<div class=\"col-md-6\" style='margin-bottom:20px;'>\n\t\t<p><label>Empresa\/Univ\/Hosp*<\/label><span class=\"wpcf7-form-control-wrap\" data-name=\"your-job\"><input size=\"40\" maxlength=\"400\" class=\"wpcf7-form-control wpcf7-text wpcf7-validates-as-required\" aria-required=\"true\" aria-invalid=\"false\" value=\"\" type=\"text\" name=\"your-job\" \/><\/span>\n\t\t<\/p>\n\t<\/div>\n<\/div>\n<div class=\"row\">\n\t<div class=\"col-md-6\" style='margin-bottom:20px;'>\n\t\t<p><label>Email*<\/label><span class=\"wpcf7-form-control-wrap\" data-name=\"your-email\"><input size=\"40\" maxlength=\"400\" class=\"wpcf7-form-control wpcf7-email wpcf7-validates-as-required wpcf7-text wpcf7-validates-as-email\" aria-required=\"true\" aria-invalid=\"false\" value=\"\" type=\"email\" name=\"your-email\" \/><\/span>\n\t\t<\/p>\n\t<\/div>\n\t<div class=\"col-md-6\" style='margin-bottom:20px;'>\n\t\t<p><label>Tel\u00e9fono*<\/label><span class=\"wpcf7-form-control-wrap\" data-name=\"your-number\"><input size=\"40\" maxlength=\"400\" class=\"wpcf7-form-control wpcf7-text wpcf7-validates-as-required\" aria-required=\"true\" aria-invalid=\"false\" value=\"\" type=\"text\" name=\"your-number\" \/><\/span>\n\t\t<\/p>\n\t<\/div>\n<\/div>\n<p><label>\u00bfEn qu\u00e9 est\u00e1s interesado?<\/label><span class=\"wpcf7-form-control-wrap\" data-name=\"your-message\"><textarea cols=\"40\" rows=\"10\" maxlength=\"2000\" class=\"wpcf7-form-control wpcf7-textarea\" aria-invalid=\"false\" name=\"your-message\"><\/textarea><\/span>\n<\/p>\n<p><span class=\"wpcf7-form-control-wrap\" data-name=\"acceptance-412\"><span class=\"wpcf7-form-control wpcf7-acceptance\"><span class=\"wpcf7-list-item\"><label><input type=\"checkbox\" name=\"acceptance-412\" value=\"1\" aria-invalid=\"false\" \/><span class=\"wpcf7-list-item-label\">He le\u00eddo y acepto la <a href=\"https:\/\/www.controltecnica.com\/bio\/privacidad\" target=\"_blank\">pol\u00edtica de privacidad<\/a><\/span><\/label><\/span><\/span><\/span><br \/>\n<span class=\"wpcf7-form-control-wrap\" data-name=\"acceptance-581\"><span class=\"wpcf7-form-control wpcf7-acceptance optional\"><span class=\"wpcf7-list-item\"><label><input type=\"checkbox\" name=\"acceptance-581\" value=\"1\" aria-invalid=\"false\" \/><span class=\"wpcf7-list-item-label\">Acepto recibir informaci\u00f3n comercial de CONTROLTECNICA<\/span><\/label><\/span><\/span><\/span>\n<\/p>\n<p><input class=\"wpcf7-form-control wpcf7-submit has-spinner btn-size-large btn btn-color-primary\" type=\"submit\" value=\"ENVIAR MENSAJE\" \/>\n<\/p><div class=\"wpcf7-response-output\" aria-hidden=\"true\"><\/div>\n<\/form>\n<\/div>\n[\/vc_column][\/vc_row]<\/p>\n","protected":false},"excerpt":{"rendered":"<p><strong>ESTUFAS CON HUMEDAD CONTROLADA DE LA SERIE KK<\/strong><\/p>\n<p>Estufas con humedad para ensayos de muestras con condiciones de humedad y temperatura controladas. Opcionalmente puede admitir sistema FIT para control de iluminaci\u00f3n y simulaci\u00f3n del d\u00eda y la noche.<\/p>\n<ul>\n<li>Sistema de generaci\u00f3n de humedad mediante ultrasonidos.<\/li>\n<li>Rango de Temperatura -10\u2026+60\u00baC y Rango de Humedad de 30 a 90% hr.<\/li>\n<li>Camara exterior en l\u00e1mina de acero pintada o en acero inoxidable e interior en acero inoxidable.<\/li>\n<li>Control por microprocesador, y ventilacion de aire forzada para mejor homogeneidad, con control de la velocidad del ventilador de 10 a 100%.<\/li>\n<li>Puerta s\u00f3lida u opcionalmente de vidrio.<\/li>\n<li>Aislamiento t\u00e9rmico por espuma de poliuretano.<\/li>\n<li>Sistemas de protecci\u00f3n por fallo de energ\u00eda, por sobre tempratura, y alarma ac\u00fastica. Self-check control.<\/li>\n<li>El\u00a0<strong>panel de control TOP<\/strong>\u00a0es un display a color t\u00e1ctil avanzado, que permite visualizar humedad y temperatura al mismo tiempo, y ver los par\u00e1metros remotamente a trav\u00e9s de Ethernet y con el software Control TOP+<\/li>\n<\/ul>\n<p><strong>Caracter\u00edsticas est\u00e1ndar:<\/strong><\/p>\n<ul>\n<li>Camara termostatica de circulacion forzada con refrigeracion y humedad<\/li>\n<li>Velocidad del ventilador regulable 10% hasta 100%<\/li>\n<li>Acabado exterior de serie en acero pintado o acero inoxidable ( INOX\/G )<\/li>\n<li>Camara interior de acero inoxidable<\/li>\n<li>Rango de Temperatura -10\u00baC a+ 60\u00baC<\/li>\n<li>Rango de Humedad 30%-90% ( requiere de agua desionizada )<\/li>\n<li>Pasamuros lateral izquierdo<\/li>\n<li>Puerta exterior ciega<\/li>\n<li>Puerta interior de cristal<\/li>\n<li>Cerradura con llave<\/li>\n<li>Proteccion muestras sobretemperatura clase 3.3<\/li>\n<li>Puerto USB y RS 232, para conexi\u00f3n a PC<\/li>\n<li>Alarma por puerta abierta, fallo del sensor T\u00aa, contador tiempo corte electrico<\/li>\n<li>Memoria datos no volatil<\/li>\n<li>Incluye bidon de plastico para el agua de alimentacion<\/li>\n<li>Certificado de fabrica a 25\u00baC y 60% humedad<\/li>\n<\/ul>\n","protected":false},"featured_media":7420,"template":"","meta":{"iawp_total_views":142},"product_brand":[],"product_cat":[15],"product_tag":[],"class_list":{"0":"post-7416","1":"product","2":"type-product","3":"status-publish","4":"has-post-thumbnail","6":"product_cat-sin-categorizar","8":"first","9":"instock","10":"shipping-taxable","11":"product-type-simple"},"_links":{"self":[{"href":"https:\/\/www.controltecnica.com\/bio\/wp-json\/wp\/v2\/product\/7416","targetHints":{"allow":["GET"]}}],"collection":[{"href":"https:\/\/www.controltecnica.com\/bio\/wp-json\/wp\/v2\/product"}],"about":[{"href":"https:\/\/www.controltecnica.com\/bio\/wp-json\/wp\/v2\/types\/product"}],"wp:featuredmedia":[{"embeddable":true,"href":"https:\/\/www.controltecnica.com\/bio\/wp-json\/wp\/v2\/media\/7420"}],"wp:attachment":[{"href":"https:\/\/www.controltecnica.com\/bio\/wp-json\/wp\/v2\/media?parent=7416"}],"wp:term":[{"taxonomy":"product_brand","embeddable":true,"href":"https:\/\/www.controltecnica.com\/bio\/wp-json\/wp\/v2\/product_brand?post=7416"},{"taxonomy":"product_cat","embeddable":true,"href":"https:\/\/www.controltecnica.com\/bio\/wp-json\/wp\/v2\/product_cat?post=7416"},{"taxonomy":"product_tag","embeddable":true,"href":"https:\/\/www.controltecnica.com\/bio\/wp-json\/wp\/v2\/product_tag?post=7416"}],"curies":[{"name":"wp","href":"https:\/\/api.w.org\/{rel}","templated":true}]}}