{"id":7414,"date":"2021-11-18T09:23:19","date_gmt":"2021-11-18T09:23:19","guid":{"rendered":"https:\/\/www.controltecnica.com\/bio\/?post_type=product&#038;p=7414"},"modified":"2021-11-22T12:23:00","modified_gmt":"2021-11-22T12:23:00","slug":"horno-mufla-m-110-1100oc-thermo-heraeus","status":"publish","type":"product","link":"https:\/\/www.controltecnica.com\/bio\/producto\/horno-mufla-m-110-1100oc-thermo-heraeus\/","title":{"rendered":"Horno Mufla M-110 | 1100\u00baC Thermo Heraeus"},"content":{"rendered":"<p>[vc_row][vc_column width=\u00bb1\/2&#8243;][vc_column_text text_larger=\u00bbno\u00bb]<\/p>\n<table class=\"table-condensed table-striped\">\n<thead>\n<tr class=\"row-1 odd\">\n<th class=\"column-1\">Modelo<\/th>\n<th class=\"column-2\">MUFLA HERAEUS M 110 &#8211; 1100\u00baC<\/th>\n<\/tr>\n<\/thead>\n<tbody class=\"row-hover\">\n<tr class=\"row-2 even\">\n<td class=\"column-1\">General<\/td>\n<td class=\"column-2\">Con control electr\u00f3nico, l\u00edmite superior de desconexi\u00f3n y temporizador 24h.<\/td>\n<\/tr>\n<tr class=\"row-3 odd\">\n<td class=\"column-1\">Temperatura M\u00e1x.<\/td>\n<td class=\"column-2\">1100\u00baC<\/td>\n<\/tr>\n<tr class=\"row-4 even\">\n<td class=\"column-1\">Volumen interno<\/td>\n<td class=\"column-2\">9 L<\/td>\n<\/tr>\n<tr class=\"row-5 odd\">\n<td class=\"column-1\">Dimensiones internas (dxwxh)<\/td>\n<td class=\"column-2\">30 x 20 x 15 cm<\/td>\n<\/tr>\n<tr class=\"row-6 even\">\n<td class=\"column-1\">Dimensiones externas (dxwxh)<\/td>\n<td class=\"column-2\">72 x 57,6 x 75,2 cm<\/td>\n<\/tr>\n<tr class=\"row-7 odd\">\n<td class=\"column-1\">Peso<\/td>\n<td class=\"column-2\">50 Kg<\/td>\n<\/tr>\n<tr class=\"row-8 even\">\n<td class=\"column-1\">Potencia<\/td>\n<td class=\"column-2\">230 V, 50\/60 Hz<\/td>\n<\/tr>\n<tr class=\"row-9 odd\">\n<td class=\"column-1\">Salida de calor<\/td>\n<td class=\"column-2\">2,9 kW<\/td>\n<\/tr>\n<\/tbody>\n<\/table>\n<p>[\/vc_column_text][\/vc_column][vc_column width=\u00bb1\/2&#8243;]\n<div class=\"wpcf7 no-js\" id=\"wpcf7-f7-o1\" lang=\"es-ES\" dir=\"ltr\" data-wpcf7-id=\"7\">\n<div class=\"screen-reader-response\"><p role=\"status\" aria-live=\"polite\" aria-atomic=\"true\"><\/p> <ul><\/ul><\/div>\n<form action=\"\/bio\/wp-json\/wp\/v2\/product\/7414#wpcf7-f7-o1\" method=\"post\" class=\"wpcf7-form init\" aria-label=\"Formulario de contacto\" novalidate=\"novalidate\" data-status=\"init\">\n<fieldset class=\"hidden-fields-container\"><input type=\"hidden\" name=\"_wpcf7\" value=\"7\" \/><input type=\"hidden\" name=\"_wpcf7_version\" value=\"6.1.5\" \/><input type=\"hidden\" name=\"_wpcf7_locale\" value=\"es_ES\" \/><input type=\"hidden\" name=\"_wpcf7_unit_tag\" value=\"wpcf7-f7-o1\" \/><input type=\"hidden\" name=\"_wpcf7_container_post\" value=\"0\" \/><input type=\"hidden\" name=\"_wpcf7_posted_data_hash\" value=\"\" \/><input type=\"hidden\" name=\"_wpcf7_recaptcha_response\" value=\"\" \/>\n<\/fieldset>\n<div style=\"color:#e30614;font-weight:600;font-size:30px;margin-bottom:10px;\">\n\t<p>\u00bfPodemos ayudarte?\n\t<\/p>\n<\/div>\n<div class=\"row\">\n\t<div class=\"col-md-6\" style='margin-bottom:20px;'>\n\t\t<p><label>Nombre y Apellidos*<\/label><span class=\"wpcf7-form-control-wrap\" data-name=\"your-name\"><input size=\"40\" maxlength=\"400\" class=\"wpcf7-form-control wpcf7-text wpcf7-validates-as-required\" aria-required=\"true\" aria-invalid=\"false\" value=\"\" type=\"text\" name=\"your-name\" \/><\/span>\n\t\t<\/p>\n\t<\/div>\n\t<div class=\"col-md-6\" style='margin-bottom:20px;'>\n\t\t<p><label>Empresa\/Univ\/Hosp*<\/label><span class=\"wpcf7-form-control-wrap\" data-name=\"your-job\"><input size=\"40\" maxlength=\"400\" class=\"wpcf7-form-control wpcf7-text wpcf7-validates-as-required\" aria-required=\"true\" aria-invalid=\"false\" value=\"\" type=\"text\" name=\"your-job\" \/><\/span>\n\t\t<\/p>\n\t<\/div>\n<\/div>\n<div class=\"row\">\n\t<div class=\"col-md-6\" style='margin-bottom:20px;'>\n\t\t<p><label>Email*<\/label><span class=\"wpcf7-form-control-wrap\" data-name=\"your-email\"><input size=\"40\" maxlength=\"400\" class=\"wpcf7-form-control wpcf7-email wpcf7-validates-as-required wpcf7-text wpcf7-validates-as-email\" aria-required=\"true\" aria-invalid=\"false\" value=\"\" type=\"email\" name=\"your-email\" \/><\/span>\n\t\t<\/p>\n\t<\/div>\n\t<div class=\"col-md-6\" style='margin-bottom:20px;'>\n\t\t<p><label>Tel\u00e9fono*<\/label><span class=\"wpcf7-form-control-wrap\" data-name=\"your-number\"><input size=\"40\" maxlength=\"400\" class=\"wpcf7-form-control wpcf7-text wpcf7-validates-as-required\" aria-required=\"true\" aria-invalid=\"false\" value=\"\" type=\"text\" name=\"your-number\" \/><\/span>\n\t\t<\/p>\n\t<\/div>\n<\/div>\n<p><label>\u00bfEn qu\u00e9 est\u00e1s interesado?<\/label><span class=\"wpcf7-form-control-wrap\" data-name=\"your-message\"><textarea cols=\"40\" rows=\"10\" maxlength=\"2000\" class=\"wpcf7-form-control wpcf7-textarea\" aria-invalid=\"false\" name=\"your-message\"><\/textarea><\/span>\n<\/p>\n<p><span class=\"wpcf7-form-control-wrap\" data-name=\"acceptance-412\"><span class=\"wpcf7-form-control wpcf7-acceptance\"><span class=\"wpcf7-list-item\"><label><input type=\"checkbox\" name=\"acceptance-412\" value=\"1\" aria-invalid=\"false\" \/><span class=\"wpcf7-list-item-label\">He le\u00eddo y acepto la <a href=\"https:\/\/www.controltecnica.com\/bio\/privacidad\" target=\"_blank\">pol\u00edtica de privacidad<\/a><\/span><\/label><\/span><\/span><\/span><br \/>\n<span class=\"wpcf7-form-control-wrap\" data-name=\"acceptance-581\"><span class=\"wpcf7-form-control wpcf7-acceptance optional\"><span class=\"wpcf7-list-item\"><label><input type=\"checkbox\" name=\"acceptance-581\" value=\"1\" aria-invalid=\"false\" \/><span class=\"wpcf7-list-item-label\">Acepto recibir informaci\u00f3n comercial de CONTROLTECNICA<\/span><\/label><\/span><\/span><\/span>\n<\/p>\n<p><input class=\"wpcf7-form-control wpcf7-submit has-spinner btn-size-large btn btn-color-primary\" type=\"submit\" value=\"ENVIAR MENSAJE\" \/>\n<\/p><div class=\"wpcf7-response-output\" aria-hidden=\"true\"><\/div>\n<\/form>\n<\/div>\n[\/vc_column][\/vc_row]<\/p>\n","protected":false},"excerpt":{"rendered":"<p><strong>HORNO DE MUFLA M-110 (1.100\u00baC) Thermo Heraeus<\/strong><\/p>\n<p>Este modelo tiene un aislamiento excepcional y disposici\u00f3n de elementos de calefacci\u00f3n que\u00a0 dan una distribuci\u00f3n uniforme del calor con una fluctuaci\u00f3n m\u00ednima. Requiere s\u00f3lo de 0,41 metros cuadrados de espacio en el laboratorio. Es\u00a0 robusto y flexible \u2013 para todos los tipos de aplicaciones de laboratorio, incluyendo calentamiento de metales y el secado a altas temperaturas, con m\u00faltiples capas de aislamiento de fibra cer\u00e1mica de alta calidad, libre de asbesto. Sus elementos calefactores\u00a0 son colocados con seguridad en bloques ranurados en las paredes laterales de la zona de trabajo, cubiertos con placas de cer\u00e1mica. La\u00a0 puerta abatible tiene un dise\u00f1o con sistema de gu\u00eda paralela forzada \u2013 superficie caliente siempre se enfrenta lejos de usuario cuando la puerta est\u00e1 abierta.\u00a0 Alcanza 1.100 \u00b0 C en 100 min.\u00a0 Distribuci\u00f3n uniforme del calor y un funcionamiento econ\u00f3mico en un espacio reducido<strong><br \/>\n<\/strong><\/p>\n<ul>\n<li>Digicon, controlador de T\u00aa y limitador de sobretemperatura.<\/li>\n<li>Dimensiones: 72 x 57.6 x 75.2cm<\/li>\n<li>Temperatura maxima: 1100\u00baC. Capacidad: 9 litros<\/li>\n<li>Muy alta precisi\u00f3n de la temperatura<\/li>\n<li>Puerta basculante lateral, mas seguridad al usuario<\/li>\n<li>Doble carcasa, lo que permite una temepratura exterior &lt; 80\u00baC para evitar quemaduras y mejor aprovechamiento de la energia.<\/li>\n<li>F\u00e1cil manejo<\/li>\n<li>M\u00ednima necesidad de espacio<\/li>\n<li>Alta durabilidad<\/li>\n<\/ul>\n<p><strong>POSIBILIDAD DE EXTRAS:<\/strong><br \/>\n\u2013 Temporizador<br \/>\n\u2013 Ventilador 230V<br \/>\n\u2013 Programador<br \/>\n\u2013 Chimenea de evacuaci\u00f3n<\/p>\n","protected":false},"featured_media":7415,"template":"","meta":{"iawp_total_views":141},"product_brand":[],"product_cat":[15],"product_tag":[],"class_list":{"0":"post-7414","1":"product","2":"type-product","3":"status-publish","4":"has-post-thumbnail","6":"product_cat-sin-categorizar","8":"first","9":"instock","10":"shipping-taxable","11":"product-type-simple"},"_links":{"self":[{"href":"https:\/\/www.controltecnica.com\/bio\/wp-json\/wp\/v2\/product\/7414","targetHints":{"allow":["GET"]}}],"collection":[{"href":"https:\/\/www.controltecnica.com\/bio\/wp-json\/wp\/v2\/product"}],"about":[{"href":"https:\/\/www.controltecnica.com\/bio\/wp-json\/wp\/v2\/types\/product"}],"wp:featuredmedia":[{"embeddable":true,"href":"https:\/\/www.controltecnica.com\/bio\/wp-json\/wp\/v2\/media\/7415"}],"wp:attachment":[{"href":"https:\/\/www.controltecnica.com\/bio\/wp-json\/wp\/v2\/media?parent=7414"}],"wp:term":[{"taxonomy":"product_brand","embeddable":true,"href":"https:\/\/www.controltecnica.com\/bio\/wp-json\/wp\/v2\/product_brand?post=7414"},{"taxonomy":"product_cat","embeddable":true,"href":"https:\/\/www.controltecnica.com\/bio\/wp-json\/wp\/v2\/product_cat?post=7414"},{"taxonomy":"product_tag","embeddable":true,"href":"https:\/\/www.controltecnica.com\/bio\/wp-json\/wp\/v2\/product_tag?post=7414"}],"curies":[{"name":"wp","href":"https:\/\/api.w.org\/{rel}","templated":true}]}}