{"id":7361,"date":"2021-11-18T08:14:43","date_gmt":"2021-11-18T08:14:43","guid":{"rendered":"https:\/\/www.controltecnica.com\/bio\/?post_type=product&#038;p=7361"},"modified":"2021-11-19T11:55:32","modified_gmt":"2021-11-19T11:55:32","slug":"estufas-de-secado-serie-slw-conveccion-forzada","status":"publish","type":"product","link":"https:\/\/www.controltecnica.com\/bio\/producto\/estufas-de-secado-serie-slw-conveccion-forzada\/","title":{"rendered":"Estufas de secado Serie SLW Convecci\u00f3n Forzada"},"content":{"rendered":"<p>[vc_row][vc_column][vc_column_text text_larger=\u00bbno\u00bb]<\/p>\n<table class=\"table-condensed table-striped\">\n<thead>\n<tr class=\"row-1 odd\">\n<th class=\"column-1\">Modelos<\/th>\n<th class=\"column-2\"><center>SL 15<\/center><\/th>\n<th class=\"column-3\"><center>SL 32<\/center><\/th>\n<th class=\"column-4\"><center>SL 53<\/center><\/th>\n<th class=\"column-5\"><center>SL 115<\/center><\/th>\n<th class=\"column-6\"><center>SL 180<\/center><\/th>\n<th class=\"column-7\"><center>SL 240<\/center><\/th>\n<th class=\"column-8\"><center>SL 400<\/center><\/th>\n<th class=\"column-9\"><center>SL 750<\/center><\/th>\n<th class=\"column-10\"><center>SL 1000<\/center><\/th>\n<\/tr>\n<\/thead>\n<tbody class=\"row-hover\">\n<tr class=\"row-2 even\">\n<td class=\"column-1\">Convecci\u00f3n Aire<\/td>\n<td class=\"column-2\" colspan=\"6\"><center>Convecci\u00f3n Forzada o Natural<\/center><\/td>\n<td class=\"column-8\" colspan=\"3\"><center>Convecci\u00f3n Forzada<\/center><\/td>\n<\/tr>\n<tr class=\"row-3 odd\">\n<td class=\"column-1\">Estantes incluidos \/ m\u00e1ximos<\/td>\n<td class=\"column-2\"><center>1\/2<\/center><\/td>\n<td class=\"column-3\"><center>1\/3<\/center><\/td>\n<td class=\"column-4\"><center>2\/5<\/center><\/td>\n<td class=\"column-5\"><center>2\/7<\/center><\/td>\n<td class=\"column-6\"><center>3\/9<\/center><\/td>\n<td class=\"column-7\"><center>3\/10<\/center><\/td>\n<td class=\"column-8\"><center>3\/14<\/center><\/td>\n<td class=\"column-9\"><center>5\/16<\/center><\/td>\n<td class=\"column-10\"><center>6\/22<\/center><\/td>\n<\/tr>\n<tr class=\"row-4 even\">\n<td class=\"column-1\">M\u00e1x. carga\/estante<\/td>\n<td class=\"column-2\"><center>10 Kg<\/center><\/td>\n<td class=\"column-3\"><center>10 Kg<\/center><\/td>\n<td class=\"column-4\"><center>25 Kg<\/center><\/td>\n<td class=\"column-5\"><center>25 Kg<\/center><\/td>\n<td class=\"column-6\"><center>25 Kg<\/center><\/td>\n<td class=\"column-7\"><center>25 Kg<\/center><\/td>\n<td class=\"column-8\"><center>25 Kg<\/center><\/td>\n<td class=\"column-9\"><center>100 Kg<\/center><\/td>\n<td class=\"column-10\"><center>100 Kg<\/center><\/td>\n<\/tr>\n<tr class=\"row-5 odd\">\n<td class=\"column-1\">Dimensiones Int. [cm] (WxHxD)<\/td>\n<td class=\"column-2\"><center>32x23x20<\/center><\/td>\n<td class=\"column-3\"><center>40x32x25<\/center><\/td>\n<td class=\"column-4\"><center>40x39x36<\/center><\/td>\n<td class=\"column-5\"><center>46x54x45<\/center><\/td>\n<td class=\"column-6\"><center>47x72x56<\/center><\/td>\n<td class=\"column-7\"><center>60x80x51<\/center><\/td>\n<td class=\"column-8\"><center>80x104x51<\/center><\/td>\n<td class=\"column-9\"><center>104x120x60<\/center><\/td>\n<td class=\"column-10\"><center>104x161x60<\/center><\/td>\n<\/tr>\n<tr class=\"row-6 even\">\n<td class=\"column-1\">Dimensiones Ext. [cm] (WxHxD)<\/td>\n<td class=\"column-2\"><center>51x55x44<\/center><\/td>\n<td class=\"column-3\"><center>59x63x50<\/center><\/td>\n<td class=\"column-4\"><center>59x70x60<\/center><\/td>\n<td class=\"column-5\"><center>65x85x70<\/center><\/td>\n<td class=\"column-6\"><center>65x103x76<\/center><\/td>\n<td class=\"column-7\"><center>81x120x76<\/center><\/td>\n<td class=\"column-8\"><center>101x143x75<\/center><\/td>\n<td class=\"column-9\"><center>126x160x85<\/center><\/td>\n<td class=\"column-10\"><center>126x200x85<\/center><\/td>\n<\/tr>\n<tr class=\"row-7 odd\">\n<td class=\"column-1\">M\u00e1x. carga\/equipo<\/td>\n<td class=\"column-2\"><center>20 Kg<\/center><\/td>\n<td class=\"column-3\"><center>30 kg<\/center><\/td>\n<td class=\"column-4\"><center>40 kg<\/center><\/td>\n<td class=\"column-5\"><center>60 kg<\/center><\/td>\n<td class=\"column-6\"><center>75 kg<\/center><\/td>\n<td class=\"column-7\"><center>90 kg<\/center><\/td>\n<td class=\"column-8\"><center>120 kg<\/center><\/td>\n<td class=\"column-9\"><center>140 kg<\/center><\/td>\n<td class=\"column-10\"><center>300 kg<\/center><\/td>\n<\/tr>\n<tr class=\"row-8 even\">\n<td class=\"column-1\">Peso (Kg)<\/td>\n<td class=\"column-2\"><center>27<\/center><\/td>\n<td class=\"column-3\"><center>35<\/center><\/td>\n<td class=\"column-4\"><center>50<\/center><\/td>\n<td class=\"column-5\"><center>65<\/center><\/td>\n<td class=\"column-6\"><center>94<\/center><\/td>\n<td class=\"column-7\"><center>126<\/center><\/td>\n<td class=\"column-8\"><center>174<\/center><\/td>\n<td class=\"column-9\"><center>260<\/center><\/td>\n<td class=\"column-10\"><center>330<\/center><\/td>\n<\/tr>\n<tr class=\"row-9 odd\">\n<td class=\"column-1\">Capacidad<\/td>\n<td class=\"column-2\"><center>15 L<\/center><\/td>\n<td class=\"column-3\"><center>32 L<\/center><\/td>\n<td class=\"column-4\"><center>56 L<\/center><\/td>\n<td class=\"column-5\"><center>112 L<\/center><\/td>\n<td class=\"column-6\"><center>180 L<\/center><\/td>\n<td class=\"column-7\"><center>245 L<\/center><\/td>\n<td class=\"column-8\"><center>424 L<\/center><\/td>\n<td class=\"column-9\"><center>749 L<\/center><\/td>\n<td class=\"column-10\"><center>1005 L<\/center><\/td>\n<\/tr>\n<tr class=\"row-10 even\">\n<td class=\"column-1\">Resoluci\u00f3n T\u00aa<\/td>\n<td class=\"column-2\" colspan=\"9\"><center>Cada 0,1 \u00baC<\/center><\/td>\n<\/tr>\n<tr class=\"row-11 odd\">\n<td class=\"column-1\">Interior<\/td>\n<td class=\"column-2\" colspan=\"9\"><center>Acero Inoxidable a prueba de \u00e1cidos de acuerdo a DIN 1.4301<\/center><\/td>\n<\/tr>\n<tr class=\"row-12 even\">\n<td class=\"column-1\">Rango de T\u00aa<\/td>\n<td class=\"column-2\" colspan=\"9\"><center>Amb + 5\u00baC hasta 300\u00baC<\/center><\/td>\n<\/tr>\n<tr class=\"row-13 odd\">\n<td class=\"column-1\">Voltaje<\/td>\n<td class=\"column-2\" colspan=\"9\"><center>230 V \/60Hz<\/center><\/td>\n<\/tr>\n<\/tbody>\n<\/table>\n<p>[\/vc_column_text][vc_empty_space woodmart_hide_large=\u00bb0&#8243; woodmart_hide_medium=\u00bb0&#8243; woodmart_hide_small=\u00bb0&#8243; woodmart_hide_extra_small=\u00bb0&#8243;]\n<div class=\"wpcf7 no-js\" id=\"wpcf7-f7-o1\" lang=\"es-ES\" dir=\"ltr\" data-wpcf7-id=\"7\">\n<div class=\"screen-reader-response\"><p role=\"status\" aria-live=\"polite\" aria-atomic=\"true\"><\/p> <ul><\/ul><\/div>\n<form action=\"\/bio\/wp-json\/wp\/v2\/product\/7361#wpcf7-f7-o1\" method=\"post\" class=\"wpcf7-form init\" aria-label=\"Formulario de contacto\" novalidate=\"novalidate\" data-status=\"init\">\n<fieldset class=\"hidden-fields-container\"><input type=\"hidden\" name=\"_wpcf7\" value=\"7\" \/><input type=\"hidden\" name=\"_wpcf7_version\" value=\"6.1.5\" \/><input type=\"hidden\" name=\"_wpcf7_locale\" value=\"es_ES\" \/><input type=\"hidden\" name=\"_wpcf7_unit_tag\" value=\"wpcf7-f7-o1\" \/><input type=\"hidden\" name=\"_wpcf7_container_post\" value=\"0\" \/><input type=\"hidden\" name=\"_wpcf7_posted_data_hash\" value=\"\" \/><input type=\"hidden\" name=\"_wpcf7_recaptcha_response\" value=\"\" \/>\n<\/fieldset>\n<div style=\"color:#e30614;font-weight:600;font-size:30px;margin-bottom:10px;\">\n\t<p>\u00bfPodemos ayudarte?\n\t<\/p>\n<\/div>\n<div class=\"row\">\n\t<div class=\"col-md-6\" style='margin-bottom:20px;'>\n\t\t<p><label>Nombre y Apellidos*<\/label><span class=\"wpcf7-form-control-wrap\" data-name=\"your-name\"><input size=\"40\" maxlength=\"400\" class=\"wpcf7-form-control wpcf7-text wpcf7-validates-as-required\" aria-required=\"true\" aria-invalid=\"false\" value=\"\" type=\"text\" name=\"your-name\" \/><\/span>\n\t\t<\/p>\n\t<\/div>\n\t<div class=\"col-md-6\" style='margin-bottom:20px;'>\n\t\t<p><label>Empresa\/Univ\/Hosp*<\/label><span class=\"wpcf7-form-control-wrap\" data-name=\"your-job\"><input size=\"40\" maxlength=\"400\" class=\"wpcf7-form-control wpcf7-text wpcf7-validates-as-required\" aria-required=\"true\" aria-invalid=\"false\" value=\"\" type=\"text\" name=\"your-job\" \/><\/span>\n\t\t<\/p>\n\t<\/div>\n<\/div>\n<div class=\"row\">\n\t<div class=\"col-md-6\" style='margin-bottom:20px;'>\n\t\t<p><label>Email*<\/label><span class=\"wpcf7-form-control-wrap\" data-name=\"your-email\"><input size=\"40\" maxlength=\"400\" class=\"wpcf7-form-control wpcf7-email wpcf7-validates-as-required wpcf7-text wpcf7-validates-as-email\" aria-required=\"true\" aria-invalid=\"false\" value=\"\" type=\"email\" name=\"your-email\" \/><\/span>\n\t\t<\/p>\n\t<\/div>\n\t<div class=\"col-md-6\" style='margin-bottom:20px;'>\n\t\t<p><label>Tel\u00e9fono*<\/label><span class=\"wpcf7-form-control-wrap\" data-name=\"your-number\"><input size=\"40\" maxlength=\"400\" class=\"wpcf7-form-control wpcf7-text wpcf7-validates-as-required\" aria-required=\"true\" aria-invalid=\"false\" value=\"\" type=\"text\" name=\"your-number\" \/><\/span>\n\t\t<\/p>\n\t<\/div>\n<\/div>\n<p><label>\u00bfEn qu\u00e9 est\u00e1s interesado?<\/label><span class=\"wpcf7-form-control-wrap\" data-name=\"your-message\"><textarea cols=\"40\" rows=\"10\" maxlength=\"2000\" class=\"wpcf7-form-control wpcf7-textarea\" aria-invalid=\"false\" name=\"your-message\"><\/textarea><\/span>\n<\/p>\n<p><span class=\"wpcf7-form-control-wrap\" data-name=\"acceptance-412\"><span class=\"wpcf7-form-control wpcf7-acceptance\"><span class=\"wpcf7-list-item\"><label><input type=\"checkbox\" name=\"acceptance-412\" value=\"1\" aria-invalid=\"false\" \/><span class=\"wpcf7-list-item-label\">He le\u00eddo y acepto la <a href=\"https:\/\/www.controltecnica.com\/bio\/privacidad\" target=\"_blank\">pol\u00edtica de privacidad<\/a><\/span><\/label><\/span><\/span><\/span><br \/>\n<span class=\"wpcf7-form-control-wrap\" data-name=\"acceptance-581\"><span class=\"wpcf7-form-control wpcf7-acceptance optional\"><span class=\"wpcf7-list-item\"><label><input type=\"checkbox\" name=\"acceptance-581\" value=\"1\" aria-invalid=\"false\" \/><span class=\"wpcf7-list-item-label\">Acepto recibir informaci\u00f3n comercial de CONTROLTECNICA<\/span><\/label><\/span><\/span><\/span>\n<\/p>\n<p><input class=\"wpcf7-form-control wpcf7-submit has-spinner btn-size-large btn btn-color-primary\" type=\"submit\" value=\"ENVIAR MENSAJE\" \/>\n<\/p><div class=\"wpcf7-response-output\" aria-hidden=\"true\"><\/div>\n<\/form>\n<\/div>\n[\/vc_column][\/vc_row]<\/p>\n","protected":false},"excerpt":{"rendered":"<p><strong>ESTUFAS DE SECADO FORZADO SLW-SERIES<\/strong><\/p>\n<p>Las estufas de secado de la serie SL de Poleko son capaces de proporcionar temperaturas superiores al ambiente hasta 300\u00baC para aplicaciones como an\u00e1lisis de resistencia t\u00e9rmica de materiales de construcci\u00f3n, componentes electr\u00f3nicos y electrot\u00e9cnicos\u2026,\u00a0supervisi\u00f3n de las propiedades de productos sujetos a altas temperaturas,\u00a0secado de alambres de m\u00e1quinas de fabricaci\u00f3n de papel,\u00a0secado de cristales de laboratorio,\u00a0envejecimiento y curado en general,\u00a0calentamiento general,\u00a0prueba de materiales de artiller\u00eda,\u00a0pre-calentamiento,\u00a0gen\u00e9tica de agricultura,\u00a0metabolismo de medicinas, secado de papel y an\u00e1lisis de prote\u00ednas s\u00e9ricas entre otras.<\/p>\n<p>La estufas de secado de la serie SL de Pol-Eko est\u00e1n disponibles en las versiones STD (est\u00e1ndar) y TOP+. Y sus vol\u00famenes oscilan entre los 15 y 1005 litros de capacidad, lo que confiere a nuestras estufas una gran versatilidad y adecuaci\u00f3n a las necesidades de sus usuarios. Tanto el interior como el exterior de nuestras estufas est\u00e1 fabricado en acero inoxidable que otorga al equipo gran resistencia y durabilidad.<\/p>\n<p><strong>Caracter\u00edsticas est\u00e1ndar:<\/strong><\/p>\n<ul>\n<li>Acabado exterior de serie en acero pintado o acero inoxidable ( INOX\/G )<\/li>\n<li>Estufa termostatica de circulacion forzada<\/li>\n<li>Velocidad del ventilador regulable hasta 100%<\/li>\n<li>Camara interior de acero inoxidable<\/li>\n<li>Rango de Temperatura amb+5 a+300\u00baC<\/li>\n<li>Pasamuros lateral izquierdo<\/li>\n<li>Puerta exterior ciega<\/li>\n<li>Cerradura con llave<\/li>\n<li>Proteccion muestras sobretemperatura clase 2.0 ( STD ) o 3.1 ( TOP )<\/li>\n<li>Puerto USB y RS 232, para conexi\u00f3n a PC<\/li>\n<li>Alarma por puerta abierta, fallo del sensor T\u00aa, contador tiempo corte electrico<\/li>\n<li>Memoria datos no volatil<\/li>\n<li>Certificado de fabrica a 105\u00baC<\/li>\n<\/ul>\n<p>Todas las estufas vienen dotadas de serie de:<\/p>\n<ul>\n<li>Puerta s\u00f3lida en acero inoxidable<\/li>\n<li>Interfaz RS 232 y puerto USB<\/li>\n<li>Rejillas de acero inoxidable con gu\u00edas<\/li>\n<li>Certificado de pruebas del fabricante a +105\u00baC<\/li>\n<li>Pasamuros<\/li>\n<li>Manual de Usuario en Espa\u00f1ol<\/li>\n<li>Protecci\u00f3n por sobretemperatura de acuedo a la norma DIN 12880.<\/li>\n<\/ul>\n<p>El resto de accesorios y opciones extra, podr\u00e1 encontrarlas en el cat\u00e1logo de este producto.<\/p>\n","protected":false},"featured_media":7368,"template":"","meta":{"iawp_total_views":274},"product_brand":[],"product_cat":[15],"product_tag":[],"class_list":{"0":"post-7361","1":"product","2":"type-product","3":"status-publish","4":"has-post-thumbnail","6":"product_cat-sin-categorizar","8":"first","9":"instock","10":"shipping-taxable","11":"product-type-simple"},"_links":{"self":[{"href":"https:\/\/www.controltecnica.com\/bio\/wp-json\/wp\/v2\/product\/7361","targetHints":{"allow":["GET"]}}],"collection":[{"href":"https:\/\/www.controltecnica.com\/bio\/wp-json\/wp\/v2\/product"}],"about":[{"href":"https:\/\/www.controltecnica.com\/bio\/wp-json\/wp\/v2\/types\/product"}],"wp:featuredmedia":[{"embeddable":true,"href":"https:\/\/www.controltecnica.com\/bio\/wp-json\/wp\/v2\/media\/7368"}],"wp:attachment":[{"href":"https:\/\/www.controltecnica.com\/bio\/wp-json\/wp\/v2\/media?parent=7361"}],"wp:term":[{"taxonomy":"product_brand","embeddable":true,"href":"https:\/\/www.controltecnica.com\/bio\/wp-json\/wp\/v2\/product_brand?post=7361"},{"taxonomy":"product_cat","embeddable":true,"href":"https:\/\/www.controltecnica.com\/bio\/wp-json\/wp\/v2\/product_cat?post=7361"},{"taxonomy":"product_tag","embeddable":true,"href":"https:\/\/www.controltecnica.com\/bio\/wp-json\/wp\/v2\/product_tag?post=7361"}],"curies":[{"name":"wp","href":"https:\/\/api.w.org\/{rel}","templated":true}]}}