{"id":7335,"date":"2021-11-18T07:40:07","date_gmt":"2021-11-18T07:40:07","guid":{"rendered":"https:\/\/www.controltecnica.com\/bio\/?post_type=product&#038;p=7335"},"modified":"2021-11-19T11:37:17","modified_gmt":"2021-11-19T11:37:17","slug":"estufas-de-vacio-vacutherm","status":"publish","type":"product","link":"https:\/\/www.controltecnica.com\/bio\/producto\/estufas-de-vacio-vacutherm\/","title":{"rendered":"Estufas de vac\u00edo Vacutherm"},"content":{"rendered":"<p>[vc_row][vc_column][vc_single_image image=\u00bb7464&#8243; img_size=\u00bbfull\u00bb parallax_scroll=\u00bbno\u00bb][vc_empty_space woodmart_hide_large=\u00bb0&#8243; woodmart_hide_medium=\u00bb0&#8243; woodmart_hide_small=\u00bb0&#8243; woodmart_hide_extra_small=\u00bb0&#8243;]\n<div class=\"wpcf7 no-js\" id=\"wpcf7-f7-o1\" lang=\"es-ES\" dir=\"ltr\" data-wpcf7-id=\"7\">\n<div class=\"screen-reader-response\"><p role=\"status\" aria-live=\"polite\" aria-atomic=\"true\"><\/p> <ul><\/ul><\/div>\n<form action=\"\/bio\/wp-json\/wp\/v2\/product\/7335#wpcf7-f7-o1\" method=\"post\" class=\"wpcf7-form init\" aria-label=\"Formulario de contacto\" novalidate=\"novalidate\" data-status=\"init\">\n<fieldset class=\"hidden-fields-container\"><input type=\"hidden\" name=\"_wpcf7\" value=\"7\" \/><input type=\"hidden\" name=\"_wpcf7_version\" value=\"6.1.5\" \/><input type=\"hidden\" name=\"_wpcf7_locale\" value=\"es_ES\" \/><input type=\"hidden\" name=\"_wpcf7_unit_tag\" value=\"wpcf7-f7-o1\" \/><input type=\"hidden\" name=\"_wpcf7_container_post\" value=\"0\" \/><input type=\"hidden\" name=\"_wpcf7_posted_data_hash\" value=\"\" \/><input type=\"hidden\" name=\"_wpcf7_recaptcha_response\" value=\"\" \/>\n<\/fieldset>\n<div style=\"color:#e30614;font-weight:600;font-size:30px;margin-bottom:10px;\">\n\t<p>\u00bfPodemos ayudarte?\n\t<\/p>\n<\/div>\n<div class=\"row\">\n\t<div class=\"col-md-6\" style='margin-bottom:20px;'>\n\t\t<p><label>Nombre y Apellidos*<\/label><span class=\"wpcf7-form-control-wrap\" data-name=\"your-name\"><input size=\"40\" maxlength=\"400\" class=\"wpcf7-form-control wpcf7-text wpcf7-validates-as-required\" aria-required=\"true\" aria-invalid=\"false\" value=\"\" type=\"text\" name=\"your-name\" \/><\/span>\n\t\t<\/p>\n\t<\/div>\n\t<div class=\"col-md-6\" style='margin-bottom:20px;'>\n\t\t<p><label>Empresa\/Univ\/Hosp*<\/label><span class=\"wpcf7-form-control-wrap\" data-name=\"your-job\"><input size=\"40\" maxlength=\"400\" class=\"wpcf7-form-control wpcf7-text wpcf7-validates-as-required\" aria-required=\"true\" aria-invalid=\"false\" value=\"\" type=\"text\" name=\"your-job\" \/><\/span>\n\t\t<\/p>\n\t<\/div>\n<\/div>\n<div class=\"row\">\n\t<div class=\"col-md-6\" style='margin-bottom:20px;'>\n\t\t<p><label>Email*<\/label><span class=\"wpcf7-form-control-wrap\" data-name=\"your-email\"><input size=\"40\" maxlength=\"400\" class=\"wpcf7-form-control wpcf7-email wpcf7-validates-as-required wpcf7-text wpcf7-validates-as-email\" aria-required=\"true\" aria-invalid=\"false\" value=\"\" type=\"email\" name=\"your-email\" \/><\/span>\n\t\t<\/p>\n\t<\/div>\n\t<div class=\"col-md-6\" style='margin-bottom:20px;'>\n\t\t<p><label>Tel\u00e9fono*<\/label><span class=\"wpcf7-form-control-wrap\" data-name=\"your-number\"><input size=\"40\" maxlength=\"400\" class=\"wpcf7-form-control wpcf7-text wpcf7-validates-as-required\" aria-required=\"true\" aria-invalid=\"false\" value=\"\" type=\"text\" name=\"your-number\" \/><\/span>\n\t\t<\/p>\n\t<\/div>\n<\/div>\n<p><label>\u00bfEn qu\u00e9 est\u00e1s interesado?<\/label><span class=\"wpcf7-form-control-wrap\" data-name=\"your-message\"><textarea cols=\"40\" rows=\"10\" maxlength=\"2000\" class=\"wpcf7-form-control wpcf7-textarea\" aria-invalid=\"false\" name=\"your-message\"><\/textarea><\/span>\n<\/p>\n<p><span class=\"wpcf7-form-control-wrap\" data-name=\"acceptance-412\"><span class=\"wpcf7-form-control wpcf7-acceptance\"><span class=\"wpcf7-list-item\"><label><input type=\"checkbox\" name=\"acceptance-412\" value=\"1\" aria-invalid=\"false\" \/><span class=\"wpcf7-list-item-label\">He le\u00eddo y acepto la <a href=\"https:\/\/www.controltecnica.com\/bio\/privacidad\" target=\"_blank\">pol\u00edtica de privacidad<\/a><\/span><\/label><\/span><\/span><\/span><br \/>\n<span class=\"wpcf7-form-control-wrap\" data-name=\"acceptance-581\"><span class=\"wpcf7-form-control wpcf7-acceptance optional\"><span class=\"wpcf7-list-item\"><label><input type=\"checkbox\" name=\"acceptance-581\" value=\"1\" aria-invalid=\"false\" \/><span class=\"wpcf7-list-item-label\">Acepto recibir informaci\u00f3n comercial de CONTROLTECNICA<\/span><\/label><\/span><\/span><\/span>\n<\/p>\n<p><input class=\"wpcf7-form-control wpcf7-submit has-spinner btn-size-large btn btn-color-primary\" type=\"submit\" value=\"ENVIAR MENSAJE\" \/>\n<\/p><div class=\"wpcf7-response-output\" aria-hidden=\"true\"><\/div>\n<\/form>\n<\/div>\n[\/vc_column][\/vc_row]<\/p>\n","protected":false},"excerpt":{"rendered":"<p><strong>ESTUFAS DE SECADO AL VAC\u00cdO DE LA SERIE VACUTHERM\u00ae<\/strong><\/p>\n<div class=\"textBodyText\">\n<p>Las estufas de secado en vac\u00edo de la serie Vacutherm est\u00e1n fabricadas con c\u00e1maras de acero inoxidable, adaptadores de vac\u00edo, tubos y v\u00e1lvula de bola. Las unidades est\u00e1n dise\u00f1adas para el secado suave de muestras sensibles al calor y tienen una protecci\u00f3n por sobretemperatura ajustable, clase de protecci\u00f3n 2 (DIN 12880, Parte 1).<\/p>\n<p>Todos los modelos tienen un puerto de acceso DN 25 en la parte posterior (excepto VT6025), una pantalla de presi\u00f3n anal\u00f3gica y 2 v\u00e1lvulas de ventilaci\u00f3n diferentes para una ventilaci\u00f3n suave y precisa de la c\u00e1mara, (VT 6025 tiene s\u00f3lo una v\u00e1lvula r\u00e1pida como equipamiento est\u00e1ndar). Los modelos BL tienen una puerta doble de cristal de seguridad, ventilaci\u00f3n permanente del panel de control mediante dos ventiladores independientes para retirar los vapores de los disolventes y la activaci\u00f3n relacionada con la presi\u00f3n de los elementos calefactores a \\<\/p>\n<div class=\"textBulletPoint\" dir=\"ltr\">\n<ul>\n<li>Los modelos M con calentamiento de camisa de aire llegan a una temperatura m\u00e1xima de 200\u00a0\u00b0C; el calor se transfiere desde la c\u00e1mara de vac\u00edo a la carga a trav\u00e9s de los estantes<\/li>\n<li>Los modelos P con calentamiento en estantes llega a una temperatura m\u00e1xima de 300 \u00b0C. Los estantes incorporan serpentines de calefacci\u00f3n, de modo que el calor se transfiere directamente a la carga<\/li>\n<li>Tiempos de calentamiento r\u00e1pidos y procesos hasta 6 veces m\u00e1s r\u00e1pidos en comparaci\u00f3n con m\u00e9todos de secado est\u00e1ndar para modelos P<\/li>\n<li>El controlador de temperatura por microprocesador Kelvitron\u00ae t tiene una pantalla digital para la lectura de valores real o seleccionado de los modelos con calentamiento de camisa de aire, y las unidades de calentamiento en estantes tiene un controlador multicanal Digicon\u00ae<\/li>\n<li>Los modelos BL para el secado seguro de muestras que contienen disolventes inflamables tienen un sistema de liberaci\u00f3n forzada de gas inerte que previene la formaci\u00f3n de mezclas explosivas en la c\u00e1mara en caso de fuga.<\/li>\n<\/ul>\n<\/div>\n<\/div>\n","protected":false},"featured_media":7336,"template":"","meta":{"iawp_total_views":55},"product_brand":[],"product_cat":[52],"product_tag":[],"class_list":{"0":"post-7335","1":"product","2":"type-product","3":"status-publish","4":"has-post-thumbnail","6":"product_cat-incubadores-estufas-y-hornos","8":"first","9":"instock","10":"shipping-taxable","11":"product-type-simple"},"_links":{"self":[{"href":"https:\/\/www.controltecnica.com\/bio\/wp-json\/wp\/v2\/product\/7335","targetHints":{"allow":["GET"]}}],"collection":[{"href":"https:\/\/www.controltecnica.com\/bio\/wp-json\/wp\/v2\/product"}],"about":[{"href":"https:\/\/www.controltecnica.com\/bio\/wp-json\/wp\/v2\/types\/product"}],"wp:featuredmedia":[{"embeddable":true,"href":"https:\/\/www.controltecnica.com\/bio\/wp-json\/wp\/v2\/media\/7336"}],"wp:attachment":[{"href":"https:\/\/www.controltecnica.com\/bio\/wp-json\/wp\/v2\/media?parent=7335"}],"wp:term":[{"taxonomy":"product_brand","embeddable":true,"href":"https:\/\/www.controltecnica.com\/bio\/wp-json\/wp\/v2\/product_brand?post=7335"},{"taxonomy":"product_cat","embeddable":true,"href":"https:\/\/www.controltecnica.com\/bio\/wp-json\/wp\/v2\/product_cat?post=7335"},{"taxonomy":"product_tag","embeddable":true,"href":"https:\/\/www.controltecnica.com\/bio\/wp-json\/wp\/v2\/product_tag?post=7335"}],"curies":[{"name":"wp","href":"https:\/\/api.w.org\/{rel}","templated":true}]}}