{"id":7207,"date":"2021-11-05T16:46:30","date_gmt":"2021-11-05T16:46:30","guid":{"rendered":"https:\/\/www.controltecnica.com\/bio\/?post_type=product&#038;p=7207"},"modified":"2021-11-11T09:03:03","modified_gmt":"2021-11-11T09:03:03","slug":"estacion-movil-fiv","status":"publish","type":"product","link":"https:\/\/www.controltecnica.com\/bio\/producto\/estacion-movil-fiv\/","title":{"rendered":"Estaci\u00f3n M\u00f3vil FIV"},"content":{"rendered":"<p>[vc_row][vc_column width=\u00bb1\/2&#8243;][vc_column_text text_larger=\u00bbno\u00bb]<\/p>\n<table class=\"table-condensed table-striped\">\n<thead>\n<tr class=\"row-1 odd\">\n<th class=\"column-1\">Modelo<\/th>\n<th class=\"column-2\">Isolette Smart Station SS-250<\/th>\n<\/tr>\n<\/thead>\n<tbody class=\"row-hover\">\n<tr class=\"row-2 even\">\n<td class=\"column-1\">Dimensiones (mm)<\/td>\n<td class=\"column-2\">W840 x D620 x H1190-1440<\/td>\n<\/tr>\n<tr class=\"row-3 odd\">\n<td class=\"column-1\">Espacion de trabajo (mm)<\/td>\n<td class=\"column-2\">W826 x D420 xH350<\/td>\n<\/tr>\n<tr class=\"row-4 even\">\n<td class=\"column-1\">Apertura de la puerta (mm)<\/td>\n<td class=\"column-2\">W310 x D225<\/td>\n<\/tr>\n<tr class=\"row-5 odd\">\n<td class=\"column-1\">Altura (mm)<\/td>\n<td class=\"column-2\">840<\/td>\n<\/tr>\n<tr class=\"row-6 even\">\n<td class=\"column-1\">Puntos de control de Temperatura<\/td>\n<td class=\"column-2\">Placa calefactada, derecha e izquierda de la estaci\u00f3n y c\u00e1mara.<\/td>\n<\/tr>\n<tr class=\"row-7 odd\">\n<td class=\"column-1\">Temporizador<\/td>\n<td class=\"column-2\">Encendido del temporizador dentro de 1 semana<\/td>\n<\/tr>\n<tr class=\"row-8 even\">\n<td class=\"column-1\">Tiempo de calentamiento<\/td>\n<td class=\"column-2\">30 min<\/td>\n<\/tr>\n<tr class=\"row-9 odd\">\n<td class=\"column-1\">Potencia (W)<\/td>\n<td class=\"column-2\">500W (120W a 37\u00baC funcionamiento estable)<\/td>\n<\/tr>\n<tr class=\"row-10 even\">\n<td class=\"column-1\">Alimentacion<\/td>\n<td class=\"column-2\">AC 220V 50\/60Hz<\/td>\n<\/tr>\n<tr class=\"row-11 odd\">\n<td class=\"column-1\">Weight<\/td>\n<td class=\"column-2\">80kg(176.416lb)*stereomicroscope excluded<\/td>\n<\/tr>\n<tr class=\"row-12 even\">\n<td class=\"column-1\" colspan=\"2\"><b>Placa calefactada<\/b><\/td>\n<\/tr>\n<tr class=\"row-13 odd\">\n<td class=\"column-1\">&#8211; Rango de temperatura<\/td>\n<td class=\"column-2\">\u00b10.3 \u00baC<\/td>\n<\/tr>\n<tr class=\"row-14 even\">\n<td class=\"column-1\">&#8211; Distribuci\u00f3n de la temperatura<\/td>\n<td class=\"column-2\">\u00b10.5 \u00baC<\/td>\n<\/tr>\n<tr class=\"row-15 odd\">\n<td class=\"column-1\" colspan=\"2\"><b>C\u00e1mara de trabajo<\/b><\/td>\n<\/tr>\n<tr class=\"row-16 even\">\n<td class=\"column-1\">&#8211; Rango control de temperatura<\/td>\n<td class=\"column-2\">Temperatura ambiente., +5 &#8211; 40 \u00baC<\/td>\n<\/tr>\n<tr class=\"row-17 odd\">\n<td class=\"column-1\">&#8211; Rango de temperatura<\/td>\n<td class=\"column-2\">\u00b10.5 \u00baC<\/td>\n<\/tr>\n<tr class=\"row-18 even\">\n<td class=\"column-1\">&#8211; Distribuci\u00f3n de la temperatura<\/td>\n<td class=\"column-2\">\u00b11 \u00baC<\/td>\n<\/tr>\n<tr class=\"row-19 odd\">\n<td class=\"column-1\">&#8211; Rango control de CO<sub>2<\/sub><\/td>\n<td class=\"column-2\">0 &#8211; 10.0%<\/td>\n<\/tr>\n<tr class=\"row-20 even\">\n<td class=\"column-1\">&#8211; Rango concentraci\u00f3n CO<sub>2<\/sub><\/td>\n<td class=\"column-2\">0.2%<\/td>\n<\/tr>\n<tr class=\"row-21 odd\">\n<td class=\"column-1\">&#8211; Consumo CO<sub>2<\/sub><\/td>\n<td class=\"column-2\">170 L\/dia (2.5kg tank, aprox.7 dias)<\/td>\n<\/tr>\n<tr class=\"row-22 even\">\n<td class=\"column-1\" colspan=\"2\"><b>Control del aire<\/b><\/td>\n<\/tr>\n<tr class=\"row-23 odd\">\n<td class=\"column-1\">&#8211; Eficiencia del filtro HEPA<\/td>\n<td class=\"column-2\">99.99% (0.3\u03bcm PAO)<\/td>\n<\/tr>\n<tr class=\"row-24 even\">\n<td class=\"column-1\">&#8211; Velocidad del aire<\/td>\n<td class=\"column-2\">0-0.5 m\/seg variable<\/td>\n<\/tr>\n<tr class=\"row-25 odd\">\n<td class=\"column-1\">&#8211; Ventilaci\u00f3n<\/td>\n<td class=\"column-2\">aprox. 200\/h @0.5m\/seg WS<\/td>\n<\/tr>\n<\/tbody>\n<\/table>\n<p>[\/vc_column_text][\/vc_column][vc_column width=\u00bb1\/2&#8243;]\n<div class=\"wpcf7 no-js\" id=\"wpcf7-f7-o1\" lang=\"es-ES\" dir=\"ltr\" data-wpcf7-id=\"7\">\n<div class=\"screen-reader-response\"><p role=\"status\" aria-live=\"polite\" aria-atomic=\"true\"><\/p> <ul><\/ul><\/div>\n<form action=\"\/bio\/wp-json\/wp\/v2\/product\/7207#wpcf7-f7-o1\" method=\"post\" class=\"wpcf7-form init\" aria-label=\"Formulario de contacto\" novalidate=\"novalidate\" data-status=\"init\">\n<fieldset class=\"hidden-fields-container\"><input type=\"hidden\" name=\"_wpcf7\" value=\"7\" \/><input type=\"hidden\" name=\"_wpcf7_version\" value=\"6.1.5\" \/><input type=\"hidden\" name=\"_wpcf7_locale\" value=\"es_ES\" \/><input type=\"hidden\" name=\"_wpcf7_unit_tag\" value=\"wpcf7-f7-o1\" \/><input type=\"hidden\" name=\"_wpcf7_container_post\" value=\"0\" \/><input type=\"hidden\" name=\"_wpcf7_posted_data_hash\" value=\"\" \/><input type=\"hidden\" name=\"_wpcf7_recaptcha_response\" value=\"\" \/>\n<\/fieldset>\n<div style=\"color:#e30614;font-weight:600;font-size:30px;margin-bottom:10px;\">\n\t<p>\u00bfPodemos ayudarte?\n\t<\/p>\n<\/div>\n<div class=\"row\">\n\t<div class=\"col-md-6\" style='margin-bottom:20px;'>\n\t\t<p><label>Nombre y Apellidos*<\/label><span class=\"wpcf7-form-control-wrap\" data-name=\"your-name\"><input size=\"40\" maxlength=\"400\" class=\"wpcf7-form-control wpcf7-text wpcf7-validates-as-required\" aria-required=\"true\" aria-invalid=\"false\" value=\"\" type=\"text\" name=\"your-name\" \/><\/span>\n\t\t<\/p>\n\t<\/div>\n\t<div class=\"col-md-6\" style='margin-bottom:20px;'>\n\t\t<p><label>Empresa\/Univ\/Hosp*<\/label><span class=\"wpcf7-form-control-wrap\" data-name=\"your-job\"><input size=\"40\" maxlength=\"400\" class=\"wpcf7-form-control wpcf7-text wpcf7-validates-as-required\" aria-required=\"true\" aria-invalid=\"false\" value=\"\" type=\"text\" name=\"your-job\" \/><\/span>\n\t\t<\/p>\n\t<\/div>\n<\/div>\n<div class=\"row\">\n\t<div class=\"col-md-6\" style='margin-bottom:20px;'>\n\t\t<p><label>Email*<\/label><span class=\"wpcf7-form-control-wrap\" data-name=\"your-email\"><input size=\"40\" maxlength=\"400\" class=\"wpcf7-form-control wpcf7-email wpcf7-validates-as-required wpcf7-text wpcf7-validates-as-email\" aria-required=\"true\" aria-invalid=\"false\" value=\"\" type=\"email\" name=\"your-email\" \/><\/span>\n\t\t<\/p>\n\t<\/div>\n\t<div class=\"col-md-6\" style='margin-bottom:20px;'>\n\t\t<p><label>Tel\u00e9fono*<\/label><span class=\"wpcf7-form-control-wrap\" data-name=\"your-number\"><input size=\"40\" maxlength=\"400\" class=\"wpcf7-form-control wpcf7-text wpcf7-validates-as-required\" aria-required=\"true\" aria-invalid=\"false\" value=\"\" type=\"text\" name=\"your-number\" \/><\/span>\n\t\t<\/p>\n\t<\/div>\n<\/div>\n<p><label>\u00bfEn qu\u00e9 est\u00e1s interesado?<\/label><span class=\"wpcf7-form-control-wrap\" data-name=\"your-message\"><textarea cols=\"40\" rows=\"10\" maxlength=\"2000\" class=\"wpcf7-form-control wpcf7-textarea\" aria-invalid=\"false\" name=\"your-message\"><\/textarea><\/span>\n<\/p>\n<p><span class=\"wpcf7-form-control-wrap\" data-name=\"acceptance-412\"><span class=\"wpcf7-form-control wpcf7-acceptance\"><span class=\"wpcf7-list-item\"><label><input type=\"checkbox\" name=\"acceptance-412\" value=\"1\" aria-invalid=\"false\" \/><span class=\"wpcf7-list-item-label\">He le\u00eddo y acepto la <a href=\"https:\/\/www.controltecnica.com\/bio\/privacidad\" target=\"_blank\">pol\u00edtica de privacidad<\/a><\/span><\/label><\/span><\/span><\/span><br \/>\n<span class=\"wpcf7-form-control-wrap\" data-name=\"acceptance-581\"><span class=\"wpcf7-form-control wpcf7-acceptance optional\"><span class=\"wpcf7-list-item\"><label><input type=\"checkbox\" name=\"acceptance-581\" value=\"1\" aria-invalid=\"false\" \/><span class=\"wpcf7-list-item-label\">Acepto recibir informaci\u00f3n comercial de CONTROLTECNICA<\/span><\/label><\/span><\/span><\/span>\n<\/p>\n<p><input class=\"wpcf7-form-control wpcf7-submit has-spinner btn-size-large btn btn-color-primary\" type=\"submit\" value=\"ENVIAR MENSAJE\" \/>\n<\/p><div class=\"wpcf7-response-output\" aria-hidden=\"true\"><\/div>\n<\/form>\n<\/div>\n[\/vc_column][\/vc_row]<\/p>\n","protected":false},"excerpt":{"rendered":"<p><strong>Estaci\u00f3n de trabajo Isolette Smart Station<\/strong><\/p>\n<p>Ofrezca la m\u00e1xima flexibilidad y seguridad a su laboratorio FIV con la estaci\u00f3n de trabajo SMART STATION Isolette.<\/p>\n<p>La estacion de trabajo m\u00f3vil Smart Station es una cabina de trabajo integral para FIV, que\u00a0mejora sustancialmente el entorno de trabajo para los procedimientos de FIV.<\/p>\n<p>La recuperaci\u00f3n de ovocitos, la comprobaci\u00f3n de la fertilizaci\u00f3n , la evaluaci\u00f3n del desarrollo del embri\u00f3n, la preparaci\u00f3n para la transferencia de embriones y la manipulaci\u00f3n de los embriones o gametos en general se encuentran entre algunas de las tareas que se pueden realizar con facilidad y comodidad. La Smart Station es muy ergon\u00f3mica permitiendo su funcionamiento reduciendo el estr\u00e9s, la fatiga y aumentando la comodidad.<\/p>\n<p>Caracter\u00edsticas:<\/p>\n<ul>\n<li>Superficie de acero inoxidable<\/li>\n<li>Placa de vidrio de observaci\u00f3n calefactada<\/li>\n<li>Filtro HEPA (esterilidad) y control de flujo<\/li>\n<li>Tri-control digital de temperatura<\/li>\n<li>Control de CO<sub>2<\/sub><\/li>\n<li>Control de altura motorizado<\/li>\n<li>Movilidad, ruedas frenables<\/li>\n<\/ul>\n","protected":false},"featured_media":7275,"template":"","meta":{"iawp_total_views":146},"product_brand":[],"product_cat":[64],"product_tag":[],"class_list":{"0":"post-7207","1":"product","2":"type-product","3":"status-publish","4":"has-post-thumbnail","6":"product_cat-estacion-movil-fiv","8":"first","9":"instock","10":"shipping-taxable","11":"product-type-simple"},"_links":{"self":[{"href":"https:\/\/www.controltecnica.com\/bio\/wp-json\/wp\/v2\/product\/7207","targetHints":{"allow":["GET"]}}],"collection":[{"href":"https:\/\/www.controltecnica.com\/bio\/wp-json\/wp\/v2\/product"}],"about":[{"href":"https:\/\/www.controltecnica.com\/bio\/wp-json\/wp\/v2\/types\/product"}],"wp:featuredmedia":[{"embeddable":true,"href":"https:\/\/www.controltecnica.com\/bio\/wp-json\/wp\/v2\/media\/7275"}],"wp:attachment":[{"href":"https:\/\/www.controltecnica.com\/bio\/wp-json\/wp\/v2\/media?parent=7207"}],"wp:term":[{"taxonomy":"product_brand","embeddable":true,"href":"https:\/\/www.controltecnica.com\/bio\/wp-json\/wp\/v2\/product_brand?post=7207"},{"taxonomy":"product_cat","embeddable":true,"href":"https:\/\/www.controltecnica.com\/bio\/wp-json\/wp\/v2\/product_cat?post=7207"},{"taxonomy":"product_tag","embeddable":true,"href":"https:\/\/www.controltecnica.com\/bio\/wp-json\/wp\/v2\/product_tag?post=7207"}],"curies":[{"name":"wp","href":"https:\/\/api.w.org\/{rel}","templated":true}]}}