{"id":7200,"date":"2021-11-05T16:32:23","date_gmt":"2021-11-05T16:32:23","guid":{"rendered":"https:\/\/www.controltecnica.com\/bio\/?post_type=product&#038;p=7200"},"modified":"2021-11-11T08:28:16","modified_gmt":"2021-11-11T08:28:16","slug":"multi-incubador-embrionario-cubo","status":"publish","type":"product","link":"https:\/\/www.controltecnica.com\/bio\/producto\/multi-incubador-embrionario-cubo\/","title":{"rendered":"Multi-Incubador Embrionario CUBO"},"content":{"rendered":"<p>[vc_row][vc_column][vc_column_text text_larger=\u00bbno\u00bb]<\/p>\n<table class=\"table-condensed table-striped\">\n<thead>\n<tr class=\"row-1 odd\">\n<th class=\"column-1\">Modelo<\/th>\n<th class=\"column-2\">CUBO (AD 3100)<\/th>\n<\/tr>\n<\/thead>\n<tbody class=\"row-hover\">\n<tr class=\"row-2 even\">\n<td class=\"column-1\">Dimensiones Externas<\/td>\n<td class=\"column-2\">W562 x D570 x H610 mm<\/td>\n<\/tr>\n<tr class=\"row-3 odd\">\n<td class=\"column-1\"><center><b>Cajones<\/b><\/center><\/td>\n<td class=\"column-2\"><\/td>\n<\/tr>\n<tr class=\"row-4 even\">\n<td class=\"column-1\">Dimensiones \u00fatiles<\/td>\n<td class=\"column-2\">W180 x D217 x H20 mm<\/td>\n<\/tr>\n<tr class=\"row-5 odd\">\n<td class=\"column-1\">Volumen<\/td>\n<td class=\"column-2\">775 ml<\/td>\n<\/tr>\n<tr class=\"row-6 even\">\n<td class=\"column-1\">Capacidad<\/td>\n<td class=\"column-2\">Equivalente a 4 MultiPlacas<\/td>\n<\/tr>\n<tr class=\"row-7 odd\">\n<td class=\"column-1\">Peso<\/td>\n<td class=\"column-2\">2,8 Kg<\/td>\n<\/tr>\n<tr class=\"row-8 even\">\n<td class=\"column-1\">N\u00famero de cajones<\/td>\n<td class=\"column-2\">4 cajones<\/td>\n<\/tr>\n<tr class=\"row-9 odd\">\n<td class=\"column-1\"><center><b>Control de Temperatura<\/b><\/center><\/td>\n<td class=\"column-2\"><\/td>\n<\/tr>\n<tr class=\"row-10 even\">\n<td class=\"column-1\">Sistema de control<\/td>\n<td class=\"column-2\">Digital PID<\/td>\n<\/tr>\n<tr class=\"row-11 odd\">\n<td class=\"column-1\">Rango<\/td>\n<td class=\"column-2\">De amb. + 7\u00baC hasta 40\u00baC<\/td>\n<\/tr>\n<tr class=\"row-12 even\">\n<td class=\"column-1\">Precisi\u00f3n<\/td>\n<td class=\"column-2\">\u00b1 0,1\u00baC<\/td>\n<\/tr>\n<tr class=\"row-13 odd\">\n<td class=\"column-1\">Uniformidad<\/td>\n<td class=\"column-2\">\u00b1 0,2\u00baC<\/td>\n<\/tr>\n<tr class=\"row-14 even\">\n<td class=\"column-1\"><center><b>Control CO<sub>2<\/sub><\/b><\/center><\/td>\n<td class=\"column-2\"><\/td>\n<\/tr>\n<tr class=\"row-15 odd\">\n<td class=\"column-1\">Tipo de sensor<\/td>\n<td class=\"column-2\">Sensor IR<\/td>\n<\/tr>\n<tr class=\"row-16 even\">\n<td class=\"column-1\">Rango<\/td>\n<td class=\"column-2\">De 0% a 10.0%<\/td>\n<\/tr>\n<tr class=\"row-17 odd\">\n<td class=\"column-1\">Precisi\u00f3n<\/td>\n<td class=\"column-2\">\u00b1 0.3%<\/td>\n<\/tr>\n<tr class=\"row-18 even\">\n<td class=\"column-1\"><center><b>Control O<sub>2<\/sub><\/b><\/center><\/td>\n<td class=\"column-2\"><\/td>\n<\/tr>\n<tr class=\"row-19 odd\">\n<td class=\"column-1\">Tipo de sensor<\/td>\n<td class=\"column-2\">Bater\u00eda galv\u00e1nica<\/td>\n<\/tr>\n<tr class=\"row-20 even\">\n<td class=\"column-1\">Rango<\/td>\n<td class=\"column-2\">De 4% a 10.0%<\/td>\n<\/tr>\n<tr class=\"row-21 odd\">\n<td class=\"column-1\">Precisi\u00f3n<\/td>\n<td class=\"column-2\">\u00b1 0.5%<\/td>\n<\/tr>\n<tr class=\"row-22 even\">\n<td class=\"column-1\"><center><b>Otros<\/b><\/center><\/td>\n<td class=\"column-2\"><\/td>\n<\/tr>\n<tr class=\"row-23 odd\">\n<td class=\"column-1\">Humedad<\/td>\n<td class=\"column-2\">90% \u00b1 5% HR<\/td>\n<\/tr>\n<tr class=\"row-24 even\">\n<td class=\"column-1\">Sistema de humidificaci\u00f3n<\/td>\n<td class=\"column-2\">Evaporaci\u00f3n Natural<\/td>\n<\/tr>\n<tr class=\"row-25 odd\">\n<td class=\"column-1\">Gases requeridos<\/td>\n<td class=\"column-2\">CO<sub>2<\/sub>\u00a0y N<sub>2<\/sub><\/td>\n<\/tr>\n<tr class=\"row-26 even\">\n<td class=\"column-1\">Flujo<\/td>\n<td class=\"column-2\">CO<sub>2<\/sub>\u00a040ml\/min; N<sub>2<\/sub>\u00a0120ml\/min<\/td>\n<\/tr>\n<tr class=\"row-27 odd\">\n<td class=\"column-1\">Alarmas<\/td>\n<td class=\"column-2\">Temperatura, CO<sub>2<\/sub>, O<sub>2<\/sub><\/td>\n<\/tr>\n<tr class=\"row-28 even\">\n<td class=\"column-1\">Seguridad<\/td>\n<td class=\"column-2\">Prevencion por sobrecalentamiento (Control por Software)<\/td>\n<\/tr>\n<tr class=\"row-29 odd\">\n<td class=\"column-1\">Salida anal\u00f3gica (opcional)<\/td>\n<td class=\"column-2\">Temperatura, CO<sub>2<\/sub>, O<sub>2<\/sub><\/td>\n<\/tr>\n<tr class=\"row-30 even\">\n<td class=\"column-1\">Peso<\/td>\n<td class=\"column-2\">80 Kg<\/td>\n<\/tr>\n<tr class=\"row-31 odd\">\n<td class=\"column-1\">Alimentaci\u00f3n<\/td>\n<td class=\"column-2\">AC200 -240 V \/ 6,5 A(Max); 50\/60 Hz<\/td>\n<\/tr>\n<\/tbody>\n<\/table>\n<p>[\/vc_column_text][vc_empty_space woodmart_hide_large=\u00bb0&#8243; woodmart_hide_medium=\u00bb0&#8243; woodmart_hide_small=\u00bb0&#8243; woodmart_hide_extra_small=\u00bb0&#8243;]\n<div class=\"wpcf7 no-js\" id=\"wpcf7-f7-o1\" lang=\"es-ES\" dir=\"ltr\" data-wpcf7-id=\"7\">\n<div class=\"screen-reader-response\"><p role=\"status\" aria-live=\"polite\" aria-atomic=\"true\"><\/p> <ul><\/ul><\/div>\n<form action=\"\/bio\/wp-json\/wp\/v2\/product\/7200#wpcf7-f7-o1\" method=\"post\" class=\"wpcf7-form init\" aria-label=\"Formulario de contacto\" novalidate=\"novalidate\" data-status=\"init\">\n<fieldset class=\"hidden-fields-container\"><input type=\"hidden\" name=\"_wpcf7\" value=\"7\" \/><input type=\"hidden\" name=\"_wpcf7_version\" value=\"6.1.5\" \/><input type=\"hidden\" name=\"_wpcf7_locale\" value=\"es_ES\" \/><input type=\"hidden\" name=\"_wpcf7_unit_tag\" value=\"wpcf7-f7-o1\" \/><input type=\"hidden\" name=\"_wpcf7_container_post\" value=\"0\" \/><input type=\"hidden\" name=\"_wpcf7_posted_data_hash\" value=\"\" \/><input type=\"hidden\" name=\"_wpcf7_recaptcha_response\" value=\"\" \/>\n<\/fieldset>\n<div style=\"color:#e30614;font-weight:600;font-size:30px;margin-bottom:10px;\">\n\t<p>\u00bfPodemos ayudarte?\n\t<\/p>\n<\/div>\n<div class=\"row\">\n\t<div class=\"col-md-6\" style='margin-bottom:20px;'>\n\t\t<p><label>Nombre y Apellidos*<\/label><span class=\"wpcf7-form-control-wrap\" data-name=\"your-name\"><input size=\"40\" maxlength=\"400\" class=\"wpcf7-form-control wpcf7-text wpcf7-validates-as-required\" aria-required=\"true\" aria-invalid=\"false\" value=\"\" type=\"text\" name=\"your-name\" \/><\/span>\n\t\t<\/p>\n\t<\/div>\n\t<div class=\"col-md-6\" style='margin-bottom:20px;'>\n\t\t<p><label>Empresa\/Univ\/Hosp*<\/label><span class=\"wpcf7-form-control-wrap\" data-name=\"your-job\"><input size=\"40\" maxlength=\"400\" class=\"wpcf7-form-control wpcf7-text wpcf7-validates-as-required\" aria-required=\"true\" aria-invalid=\"false\" value=\"\" type=\"text\" name=\"your-job\" \/><\/span>\n\t\t<\/p>\n\t<\/div>\n<\/div>\n<div class=\"row\">\n\t<div class=\"col-md-6\" style='margin-bottom:20px;'>\n\t\t<p><label>Email*<\/label><span class=\"wpcf7-form-control-wrap\" data-name=\"your-email\"><input size=\"40\" maxlength=\"400\" class=\"wpcf7-form-control wpcf7-email wpcf7-validates-as-required wpcf7-text wpcf7-validates-as-email\" aria-required=\"true\" aria-invalid=\"false\" value=\"\" type=\"email\" name=\"your-email\" \/><\/span>\n\t\t<\/p>\n\t<\/div>\n\t<div class=\"col-md-6\" style='margin-bottom:20px;'>\n\t\t<p><label>Tel\u00e9fono*<\/label><span class=\"wpcf7-form-control-wrap\" data-name=\"your-number\"><input size=\"40\" maxlength=\"400\" class=\"wpcf7-form-control wpcf7-text wpcf7-validates-as-required\" aria-required=\"true\" aria-invalid=\"false\" value=\"\" type=\"text\" name=\"your-number\" \/><\/span>\n\t\t<\/p>\n\t<\/div>\n<\/div>\n<p><label>\u00bfEn qu\u00e9 est\u00e1s interesado?<\/label><span class=\"wpcf7-form-control-wrap\" data-name=\"your-message\"><textarea cols=\"40\" rows=\"10\" maxlength=\"2000\" class=\"wpcf7-form-control wpcf7-textarea\" aria-invalid=\"false\" name=\"your-message\"><\/textarea><\/span>\n<\/p>\n<p><span class=\"wpcf7-form-control-wrap\" data-name=\"acceptance-412\"><span class=\"wpcf7-form-control wpcf7-acceptance\"><span class=\"wpcf7-list-item\"><label><input type=\"checkbox\" name=\"acceptance-412\" value=\"1\" aria-invalid=\"false\" \/><span class=\"wpcf7-list-item-label\">He le\u00eddo y acepto la <a href=\"https:\/\/www.controltecnica.com\/bio\/privacidad\" target=\"_blank\">pol\u00edtica de privacidad<\/a><\/span><\/label><\/span><\/span><\/span><br \/>\n<span class=\"wpcf7-form-control-wrap\" data-name=\"acceptance-581\"><span class=\"wpcf7-form-control wpcf7-acceptance optional\"><span class=\"wpcf7-list-item\"><label><input type=\"checkbox\" name=\"acceptance-581\" value=\"1\" aria-invalid=\"false\" \/><span class=\"wpcf7-list-item-label\">Acepto recibir informaci\u00f3n comercial de CONTROLTECNICA<\/span><\/label><\/span><\/span><\/span>\n<\/p>\n<p><input class=\"wpcf7-form-control wpcf7-submit has-spinner btn-size-large btn btn-color-primary\" type=\"submit\" value=\"ENVIAR MENSAJE\" \/>\n<\/p><div class=\"wpcf7-response-output\" aria-hidden=\"true\"><\/div>\n<\/form>\n<\/div>\n[\/vc_column][\/vc_row]<\/p>\n","protected":false},"excerpt":{"rendered":"<p><strong>MULTI-INCUBADOR PARA FIV\u00a0<em>\u201cCUBO\u201d<\/em><\/strong><\/p>\n<p>Revolucionario Incubador de CO2 en formato cajonera, para cultivo de embriones humanos .<br \/>\nPermite dedicar cada caj\u00f3n a un paciente, con un m\u00e1ximo de 4 placas de 4 pocillos, con par\u00e1metros de T\u00aa, CO2 y O2 particulares para cada paciente.<br \/>\nY permite igualmente la extracci\u00f3n del caj\u00f3n port\u00e1til hasta la cabina para su observaci\u00f3n en una placa calefactora gaseada (CO2) sin modificar las condiciones del embri\u00f3n<\/p>\n<p><strong>Novedades:<\/strong><\/p>\n<p><strong>Equipo compacto<\/strong>. M\u00e1ximo numero de pacientes en un espacio reducido. En un solo cubo hasta 48 placas de 35 mm.<\/p>\n<p>4 cajones\u00a0<b>C<\/b><b>ontrolados\u00a0<\/b><b>I<\/b><b>ndependientemente<\/b>, cada uno con su suministro de gases, display, calibraciones, etc.. Esto evita el riesgo y la posibilidad de contaminaciones cruzadas entre las c\u00e1maras de incubaci\u00f3n, y tambi\u00e9n que al abrir un caj\u00f3n NO se modifiquen los dem\u00e1s.<\/p>\n<p>Dise\u00f1o que permite una\u00a0<b>mejor recuperaci\u00f3n\u00a0<\/b><b>de los par\u00e1metros\u00a0<\/b>despu\u00e9s de la apertura ( T\u00aa, CO2, O2\u2026). Ahorro en el consumo de gases puros 100% CO2 y 100 % N2<\/p>\n<p><b>F\u00e1cil desmontaje y descontaminaci\u00f3n<\/b>. C\u00e1maras de incubaci\u00f3n f\u00e1ciles de limpiar y descontaminar<\/p>\n<p><b>Observacion sin estr\u00e9s<\/b><b>.\u00a0<\/b>Tapa superior transparente<b>,\u00a0<\/b>permite ver el interior de cada caj\u00f3n sin modificar ni alterar los par\u00e1metros de crecimiento embrionario.<\/p>\n<p><b>Cajones Satelite<\/b><b>.\u00a0<\/b>Cada caj\u00f3n se puede extraer totalmente de su alojamiento en el CUBO y llevar a la cabina de flujo laminar est\u00e9ril para observaci\u00f3n, sobre una placa calefactada.<\/p>\n","protected":false},"featured_media":7248,"template":"","meta":{"iawp_total_views":55},"product_brand":[],"product_cat":[65],"product_tag":[],"class_list":{"0":"post-7200","1":"product","2":"type-product","3":"status-publish","4":"has-post-thumbnail","6":"product_cat-incubadores-embrionarios","8":"first","9":"instock","10":"shipping-taxable","11":"product-type-simple"},"_links":{"self":[{"href":"https:\/\/www.controltecnica.com\/bio\/wp-json\/wp\/v2\/product\/7200","targetHints":{"allow":["GET"]}}],"collection":[{"href":"https:\/\/www.controltecnica.com\/bio\/wp-json\/wp\/v2\/product"}],"about":[{"href":"https:\/\/www.controltecnica.com\/bio\/wp-json\/wp\/v2\/types\/product"}],"wp:featuredmedia":[{"embeddable":true,"href":"https:\/\/www.controltecnica.com\/bio\/wp-json\/wp\/v2\/media\/7248"}],"wp:attachment":[{"href":"https:\/\/www.controltecnica.com\/bio\/wp-json\/wp\/v2\/media?parent=7200"}],"wp:term":[{"taxonomy":"product_brand","embeddable":true,"href":"https:\/\/www.controltecnica.com\/bio\/wp-json\/wp\/v2\/product_brand?post=7200"},{"taxonomy":"product_cat","embeddable":true,"href":"https:\/\/www.controltecnica.com\/bio\/wp-json\/wp\/v2\/product_cat?post=7200"},{"taxonomy":"product_tag","embeddable":true,"href":"https:\/\/www.controltecnica.com\/bio\/wp-json\/wp\/v2\/product_tag?post=7200"}],"curies":[{"name":"wp","href":"https:\/\/api.w.org\/{rel}","templated":true}]}}