{"id":7199,"date":"2021-11-05T16:03:19","date_gmt":"2021-11-05T16:03:19","guid":{"rendered":"https:\/\/www.controltecnica.com\/bio\/?post_type=product&#038;p=7199"},"modified":"2021-11-11T08:19:11","modified_gmt":"2021-11-11T08:19:11","slug":"leo-analizador-co2-o2","status":"publish","type":"product","link":"https:\/\/www.controltecnica.com\/bio\/producto\/leo-analizador-co2-o2\/","title":{"rendered":"LEO \u2013 Analizador CO2 \/ O2"},"content":{"rendered":"<p>[vc_row][vc_column][vc_column_text text_larger=\u00bbno\u00bb]<\/p>\n<table class=\"table-responsive table-striped\">\n<tbody>\n<tr>\n<td style=\"text-align: center;\" colspan=\"4\"><strong>CO2 &#8211; O2 SENSORS<\/strong><\/td>\n<\/tr>\n<tr>\n<td><\/td>\n<td>Type<\/td>\n<td>Range<\/td>\n<td>Accuracy<\/td>\n<\/tr>\n<tr>\n<td>CO2<\/td>\n<td>Non Dispersive InfraRed (NDIR) dual wave length detector with pressure and temperature compensation<\/td>\n<td>0-20%<\/td>\n<td>\u00b11.0% of Full scale + 2% reading (at 6% \u00b10.32%)<\/td>\n<\/tr>\n<tr>\n<td>O2<\/td>\n<td>Fluorescence based optical sensor<\/td>\n<td>0-25%<\/td>\n<td>\u00b10.1% of Full scale (at 6% \u00b10.25%)<\/td>\n<\/tr>\n<tr>\n<td style=\"text-align: center;\" colspan=\"4\"><strong>TEMPERATURE SENSORS<\/strong><\/td>\n<\/tr>\n<tr>\n<td><\/td>\n<td>Type<\/td>\n<td>Range<\/td>\n<td>Accuracy<\/td>\n<\/tr>\n<tr>\n<td>T1<\/td>\n<td>K-type Thermocouple. PFA-insulated;Length: 2m;OD: 0.13mm<\/td>\n<td>20-45\u00ba C<\/td>\n<td>\u00b10.1\u00ba C<\/td>\n<\/tr>\n<tr>\n<td>T2<\/td>\n<td>PT1000 Probe length: 150 mm;OD: 1.5mm;Cable length: 1m<\/td>\n<td>20-45\u00ba C<\/td>\n<td>\u00b10.1\u00ba C<\/td>\n<\/tr>\n<\/tbody>\n<\/table>\n<p>[\/vc_column_text][vc_empty_space woodmart_hide_large=\u00bb0&#8243; woodmart_hide_medium=\u00bb0&#8243; woodmart_hide_small=\u00bb0&#8243; woodmart_hide_extra_small=\u00bb0&#8243;]\n<div class=\"wpcf7 no-js\" id=\"wpcf7-f7-o1\" lang=\"es-ES\" dir=\"ltr\" data-wpcf7-id=\"7\">\n<div class=\"screen-reader-response\"><p role=\"status\" aria-live=\"polite\" aria-atomic=\"true\"><\/p> <ul><\/ul><\/div>\n<form action=\"\/bio\/wp-json\/wp\/v2\/product\/7199#wpcf7-f7-o1\" method=\"post\" class=\"wpcf7-form init\" aria-label=\"Formulario de contacto\" novalidate=\"novalidate\" data-status=\"init\">\n<fieldset class=\"hidden-fields-container\"><input type=\"hidden\" name=\"_wpcf7\" value=\"7\" \/><input type=\"hidden\" name=\"_wpcf7_version\" value=\"6.1.5\" \/><input type=\"hidden\" name=\"_wpcf7_locale\" value=\"es_ES\" \/><input type=\"hidden\" name=\"_wpcf7_unit_tag\" value=\"wpcf7-f7-o1\" \/><input type=\"hidden\" name=\"_wpcf7_container_post\" value=\"0\" \/><input type=\"hidden\" name=\"_wpcf7_posted_data_hash\" value=\"\" \/><input type=\"hidden\" name=\"_wpcf7_recaptcha_response\" value=\"\" \/>\n<\/fieldset>\n<div style=\"color:#e30614;font-weight:600;font-size:30px;margin-bottom:10px;\">\n\t<p>\u00bfPodemos ayudarte?\n\t<\/p>\n<\/div>\n<div class=\"row\">\n\t<div class=\"col-md-6\" style='margin-bottom:20px;'>\n\t\t<p><label>Nombre y Apellidos*<\/label><span class=\"wpcf7-form-control-wrap\" data-name=\"your-name\"><input size=\"40\" maxlength=\"400\" class=\"wpcf7-form-control wpcf7-text wpcf7-validates-as-required\" aria-required=\"true\" aria-invalid=\"false\" value=\"\" type=\"text\" name=\"your-name\" \/><\/span>\n\t\t<\/p>\n\t<\/div>\n\t<div class=\"col-md-6\" style='margin-bottom:20px;'>\n\t\t<p><label>Empresa\/Univ\/Hosp*<\/label><span class=\"wpcf7-form-control-wrap\" data-name=\"your-job\"><input size=\"40\" maxlength=\"400\" class=\"wpcf7-form-control wpcf7-text wpcf7-validates-as-required\" aria-required=\"true\" aria-invalid=\"false\" value=\"\" type=\"text\" name=\"your-job\" \/><\/span>\n\t\t<\/p>\n\t<\/div>\n<\/div>\n<div class=\"row\">\n\t<div class=\"col-md-6\" style='margin-bottom:20px;'>\n\t\t<p><label>Email*<\/label><span class=\"wpcf7-form-control-wrap\" data-name=\"your-email\"><input size=\"40\" maxlength=\"400\" class=\"wpcf7-form-control wpcf7-email wpcf7-validates-as-required wpcf7-text wpcf7-validates-as-email\" aria-required=\"true\" aria-invalid=\"false\" value=\"\" type=\"email\" name=\"your-email\" \/><\/span>\n\t\t<\/p>\n\t<\/div>\n\t<div class=\"col-md-6\" style='margin-bottom:20px;'>\n\t\t<p><label>Tel\u00e9fono*<\/label><span class=\"wpcf7-form-control-wrap\" data-name=\"your-number\"><input size=\"40\" maxlength=\"400\" class=\"wpcf7-form-control wpcf7-text wpcf7-validates-as-required\" aria-required=\"true\" aria-invalid=\"false\" value=\"\" type=\"text\" name=\"your-number\" \/><\/span>\n\t\t<\/p>\n\t<\/div>\n<\/div>\n<p><label>\u00bfEn qu\u00e9 est\u00e1s interesado?<\/label><span class=\"wpcf7-form-control-wrap\" data-name=\"your-message\"><textarea cols=\"40\" rows=\"10\" maxlength=\"2000\" class=\"wpcf7-form-control wpcf7-textarea\" aria-invalid=\"false\" name=\"your-message\"><\/textarea><\/span>\n<\/p>\n<p><span class=\"wpcf7-form-control-wrap\" data-name=\"acceptance-412\"><span class=\"wpcf7-form-control wpcf7-acceptance\"><span class=\"wpcf7-list-item\"><label><input type=\"checkbox\" name=\"acceptance-412\" value=\"1\" aria-invalid=\"false\" \/><span class=\"wpcf7-list-item-label\">He le\u00eddo y acepto la <a href=\"https:\/\/www.controltecnica.com\/bio\/privacidad\" target=\"_blank\">pol\u00edtica de privacidad<\/a><\/span><\/label><\/span><\/span><\/span><br \/>\n<span class=\"wpcf7-form-control-wrap\" data-name=\"acceptance-581\"><span class=\"wpcf7-form-control wpcf7-acceptance optional\"><span class=\"wpcf7-list-item\"><label><input type=\"checkbox\" name=\"acceptance-581\" value=\"1\" aria-invalid=\"false\" \/><span class=\"wpcf7-list-item-label\">Acepto recibir informaci\u00f3n comercial de CONTROLTECNICA<\/span><\/label><\/span><\/span><\/span>\n<\/p>\n<p><input class=\"wpcf7-form-control wpcf7-submit has-spinner btn-size-large btn btn-color-primary\" type=\"submit\" value=\"ENVIAR MENSAJE\" \/>\n<\/p><div class=\"wpcf7-response-output\" aria-hidden=\"true\"><\/div>\n<\/form>\n<\/div>\n[\/vc_column][\/vc_row]<\/p>\n","protected":false},"excerpt":{"rendered":"<div class=\"wpb_text_column wpb_content_element vc_custom_1523264814110\">\n<div class=\"wpb_wrapper\">\n<p><strong>LEO Analizador de CO<sub>2<\/sub>\u00a0y O<sub>2<\/sub>\u00a0 \u2013 OKOLAB<\/strong><\/p>\n<p><strong><br \/>\n<\/strong>LEO es un analizador de mano operado por bater\u00eda dise\u00f1ado para medir CO2, O2, temperatura, COV, humedad relativa y pH.<\/p>\n<p>Incluye sensores de CO<sub>2<\/sub>\u00a0y O<sub>2<\/sub>. M\u00f3dulos opcionales: temperatura, humedad, COV y pH.<\/p>\n<p><strong>Caracter\u00edsticas<\/strong>:<\/p>\n<ul>\n<li>Incluye sensores de CO2 \u2013 O2<\/li>\n<li>M\u00f3dulos opcionales: T1 (termopar flexible), T2 (termistor), humedad, VOC y pH.<\/li>\n<li>Interfaz de pantalla t\u00e1ctil f\u00e1cil de usar<\/li>\n<li>Compatible con cualquier incubador del mercado<\/li>\n<li>Modos de muestreo de gas de difusi\u00f3n o aspiraci\u00f3n<\/li>\n<li>Incluye tubo de muestreo y kit de deshumidificaci\u00f3n<\/li>\n<li>Registro a largo plazo<\/li>\n<li>USB OTG para la descarga de datos a una unidad flash USB<\/li>\n<\/ul>\n<p>LEO incluye los sensores de CO2 y O2 y cuenta con dos puertos de conexi\u00f3n para conectar hasta dos m\u00f3dulos de sensor de temperatura opcionales al mismo tiempo.<\/p>\n<p>LEO se puede personalizar para utilizar las mismas etiquetas asignadas a cada uno de los incubadores presentes en el laboratorio. Adem\u00e1s,\u00a0almacenar\u00e1 las mediciones y las mostrar\u00e1 en formato de tabla o gr\u00e1fico.<\/p>\n<p>LEO puede realizar las mediciones en modo SINGLE POINT o en modo LOGGING. En el modo SINGLE POINT, adquiere los datos y los almacena en la memoria local.<br \/>\nLos datos se mostrar\u00e1n en formato de tabla. En el modo LOGGING, LEO adquiere una secuencia de datos en un intervalo de tiempo preestablecido. La duraci\u00f3n de la secuencia y el intervalo de tiempo deben ser establecidos por el usuario. Los datos se almacenan en la memoria local y se muestran en formato de tabla y en formato de gr\u00e1fico.<\/p>\n<\/div>\n<\/div>\n<div class=\"wpb_text_column wpb_content_element \">\n<div class=\"wpb_wrapper\">\n<p><strong>Modos de muestreo de gases<\/strong><\/p>\n<p>LEO permite tomar muestras de gas de los incubadores de dos maneras:<\/p>\n<ul>\n<li>Modo de difusi\u00f3n: para incubadores con un puerto de muestreo de gas con salida espont\u00e1nea<\/li>\n<li>Modo de aspiraci\u00f3n (bomba): para incubadores con un puerto de muestreo de gas sin toma de corriente espont\u00e1nea<\/li>\n<\/ul>\n<p>En ambos casos, si el gas dentro del incubador es h\u00famedo, se necesita una deshumectaci\u00f3n previa con la TRAMPA DE HUMEDAD (LA TRAMPA DE HUMEDAD est\u00e1 incluida en LEO).<\/p>\n<\/div>\n<\/div>\n","protected":false},"featured_media":7247,"template":"","meta":{"iawp_total_views":85},"product_brand":[],"product_cat":[66],"product_tag":[],"class_list":{"0":"post-7199","1":"product","2":"type-product","3":"status-publish","4":"has-post-thumbnail","6":"product_cat-medidores-de-co2-o2","8":"first","9":"instock","10":"shipping-taxable","11":"product-type-simple"},"_links":{"self":[{"href":"https:\/\/www.controltecnica.com\/bio\/wp-json\/wp\/v2\/product\/7199","targetHints":{"allow":["GET"]}}],"collection":[{"href":"https:\/\/www.controltecnica.com\/bio\/wp-json\/wp\/v2\/product"}],"about":[{"href":"https:\/\/www.controltecnica.com\/bio\/wp-json\/wp\/v2\/types\/product"}],"wp:featuredmedia":[{"embeddable":true,"href":"https:\/\/www.controltecnica.com\/bio\/wp-json\/wp\/v2\/media\/7247"}],"wp:attachment":[{"href":"https:\/\/www.controltecnica.com\/bio\/wp-json\/wp\/v2\/media?parent=7199"}],"wp:term":[{"taxonomy":"product_brand","embeddable":true,"href":"https:\/\/www.controltecnica.com\/bio\/wp-json\/wp\/v2\/product_brand?post=7199"},{"taxonomy":"product_cat","embeddable":true,"href":"https:\/\/www.controltecnica.com\/bio\/wp-json\/wp\/v2\/product_cat?post=7199"},{"taxonomy":"product_tag","embeddable":true,"href":"https:\/\/www.controltecnica.com\/bio\/wp-json\/wp\/v2\/product_tag?post=7199"}],"curies":[{"name":"wp","href":"https:\/\/api.w.org\/{rel}","templated":true}]}}