{"id":7185,"date":"2021-11-05T10:51:54","date_gmt":"2021-11-05T10:51:54","guid":{"rendered":"https:\/\/www.controltecnica.com\/bio\/?post_type=product&#038;p=7185"},"modified":"2021-11-11T07:25:23","modified_gmt":"2021-11-11T07:25:23","slug":"tri-gas-mixer","status":"publish","type":"product","link":"https:\/\/www.controltecnica.com\/bio\/producto\/tri-gas-mixer\/","title":{"rendered":"Tri-gas Mixer"},"content":{"rendered":"<p>[vc_row][vc_column][vc_column_text text_larger=\u00bbno\u00bb]<\/p>\n<table class=\"table-condensed table-striped\">\n<thead>\n<tr class=\"row-1 odd\">\n<th class=\"column-1\">Modelo<\/th>\n<th class=\"column-2\"><center><b>TRI-GAS MIXER 1.5 LPM<\/b><\/center><\/th>\n<th class=\"column-3\"><center><b>TRI-GAS MIXER 15 LPM<\/b><\/center><\/th>\n<\/tr>\n<\/thead>\n<tbody class=\"row-hover\">\n<tr class=\"row-2 even\">\n<td class=\"column-1\">Flujo m\u00e1ximo de salida<\/td>\n<td class=\"column-2\"><center>1,5 L\/min<\/center><\/td>\n<td class=\"column-3\"><center>15 L\/min<\/center><\/td>\n<\/tr>\n<tr class=\"row-3 odd\">\n<td class=\"column-1\">Presi\u00f3n de salida<\/td>\n<td class=\"column-2\" colspan=\"2\"><center>0-2 bar (0-30 psi) regulado mediante man\u00f3metro<\/center><\/td>\n<\/tr>\n<tr class=\"row-4 even\">\n<td class=\"column-1\">Rango de CO 2 , Precisi\u00f3n CO 2 y Sensor<\/td>\n<td class=\"column-2\" colspan=\"2\"><center>Rango: 0-10%; Precisi\u00f3n: \u00b10.1 %; Sensor: NDIR detector de longitud de onda dual<\/center><\/td>\n<\/tr>\n<tr class=\"row-5 odd\">\n<td class=\"column-1\">Rango de O 2 , Precisi\u00f3n O 2 y Sensor<\/td>\n<td class=\"column-2\" colspan=\"2\"><center>Rango: 0-10%; Precisi\u00f3n: \u00b10.1 %; Sensor: \u00d3ptico.<\/center><\/td>\n<\/tr>\n<tr class=\"row-6 even\">\n<td class=\"column-1\">Compresor de aire<\/td>\n<td class=\"column-2\"><center>AIR-COMPRESSOR 1,5L<\/center><\/td>\n<td class=\"column-3\"><center>AIR-COMPRESSOR-CP3-15L<\/center><\/td>\n<\/tr>\n<tr class=\"row-7 odd\">\n<td class=\"column-1\">Tama\u00f1o tanque mezcla<\/td>\n<td class=\"column-2\"><center>4 L<\/center><\/td>\n<td class=\"column-3\"><center>40 L<\/center><\/td>\n<\/tr>\n<tr class=\"row-8 even\">\n<td class=\"column-1\">Entrada de gases<\/td>\n<td class=\"column-2\" colspan=\"2\"><center>CO 2 , N 2 , aire @ 1.3 bar (20 psi) sobre la presi\u00f3n de salida<\/center><\/td>\n<\/tr>\n<tr class=\"row-9 odd\">\n<td class=\"column-1\">Conectores de entrada de gas<\/td>\n<td class=\"column-2\" colspan=\"2\"><center>Acero inoxidable \u00bc\u201d<\/center><\/td>\n<\/tr>\n<tr class=\"row-10 even\">\n<td class=\"column-1\">Dimensiones externas<\/td>\n<td class=\"column-2\" colspan=\"2\"><center>270 x 140 x 325 mm<\/center><\/td>\n<\/tr>\n<\/tbody>\n<\/table>\n<p>[\/vc_column_text][vc_empty_space woodmart_hide_large=\u00bb0&#8243; woodmart_hide_medium=\u00bb0&#8243; woodmart_hide_small=\u00bb0&#8243; woodmart_hide_extra_small=\u00bb0&#8243;]\n<div class=\"wpcf7 no-js\" id=\"wpcf7-f7-o1\" lang=\"es-ES\" dir=\"ltr\" data-wpcf7-id=\"7\">\n<div class=\"screen-reader-response\"><p role=\"status\" aria-live=\"polite\" aria-atomic=\"true\"><\/p> <ul><\/ul><\/div>\n<form action=\"\/bio\/wp-json\/wp\/v2\/product\/7185#wpcf7-f7-o1\" method=\"post\" class=\"wpcf7-form init\" aria-label=\"Formulario de contacto\" novalidate=\"novalidate\" data-status=\"init\">\n<fieldset class=\"hidden-fields-container\"><input type=\"hidden\" name=\"_wpcf7\" value=\"7\" \/><input type=\"hidden\" name=\"_wpcf7_version\" value=\"6.1.5\" \/><input type=\"hidden\" name=\"_wpcf7_locale\" value=\"es_ES\" \/><input type=\"hidden\" name=\"_wpcf7_unit_tag\" value=\"wpcf7-f7-o1\" \/><input type=\"hidden\" name=\"_wpcf7_container_post\" value=\"0\" \/><input type=\"hidden\" name=\"_wpcf7_posted_data_hash\" value=\"\" \/><input type=\"hidden\" name=\"_wpcf7_recaptcha_response\" value=\"\" \/>\n<\/fieldset>\n<div style=\"color:#e30614;font-weight:600;font-size:30px;margin-bottom:10px;\">\n\t<p>\u00bfPodemos ayudarte?\n\t<\/p>\n<\/div>\n<div class=\"row\">\n\t<div class=\"col-md-6\" style='margin-bottom:20px;'>\n\t\t<p><label>Nombre y Apellidos*<\/label><span class=\"wpcf7-form-control-wrap\" data-name=\"your-name\"><input size=\"40\" maxlength=\"400\" class=\"wpcf7-form-control wpcf7-text wpcf7-validates-as-required\" aria-required=\"true\" aria-invalid=\"false\" value=\"\" type=\"text\" name=\"your-name\" \/><\/span>\n\t\t<\/p>\n\t<\/div>\n\t<div class=\"col-md-6\" style='margin-bottom:20px;'>\n\t\t<p><label>Empresa\/Univ\/Hosp*<\/label><span class=\"wpcf7-form-control-wrap\" data-name=\"your-job\"><input size=\"40\" maxlength=\"400\" class=\"wpcf7-form-control wpcf7-text wpcf7-validates-as-required\" aria-required=\"true\" aria-invalid=\"false\" value=\"\" type=\"text\" name=\"your-job\" \/><\/span>\n\t\t<\/p>\n\t<\/div>\n<\/div>\n<div class=\"row\">\n\t<div class=\"col-md-6\" style='margin-bottom:20px;'>\n\t\t<p><label>Email*<\/label><span class=\"wpcf7-form-control-wrap\" data-name=\"your-email\"><input size=\"40\" maxlength=\"400\" class=\"wpcf7-form-control wpcf7-email wpcf7-validates-as-required wpcf7-text wpcf7-validates-as-email\" aria-required=\"true\" aria-invalid=\"false\" value=\"\" type=\"email\" name=\"your-email\" \/><\/span>\n\t\t<\/p>\n\t<\/div>\n\t<div class=\"col-md-6\" style='margin-bottom:20px;'>\n\t\t<p><label>Tel\u00e9fono*<\/label><span class=\"wpcf7-form-control-wrap\" data-name=\"your-number\"><input size=\"40\" maxlength=\"400\" class=\"wpcf7-form-control wpcf7-text wpcf7-validates-as-required\" aria-required=\"true\" aria-invalid=\"false\" value=\"\" type=\"text\" name=\"your-number\" \/><\/span>\n\t\t<\/p>\n\t<\/div>\n<\/div>\n<p><label>\u00bfEn qu\u00e9 est\u00e1s interesado?<\/label><span class=\"wpcf7-form-control-wrap\" data-name=\"your-message\"><textarea cols=\"40\" rows=\"10\" maxlength=\"2000\" class=\"wpcf7-form-control wpcf7-textarea\" aria-invalid=\"false\" name=\"your-message\"><\/textarea><\/span>\n<\/p>\n<p><span class=\"wpcf7-form-control-wrap\" data-name=\"acceptance-412\"><span class=\"wpcf7-form-control wpcf7-acceptance\"><span class=\"wpcf7-list-item\"><label><input type=\"checkbox\" name=\"acceptance-412\" value=\"1\" aria-invalid=\"false\" \/><span class=\"wpcf7-list-item-label\">He le\u00eddo y acepto la <a href=\"https:\/\/www.controltecnica.com\/bio\/privacidad\" target=\"_blank\">pol\u00edtica de privacidad<\/a><\/span><\/label><\/span><\/span><\/span><br \/>\n<span class=\"wpcf7-form-control-wrap\" data-name=\"acceptance-581\"><span class=\"wpcf7-form-control wpcf7-acceptance optional\"><span class=\"wpcf7-list-item\"><label><input type=\"checkbox\" name=\"acceptance-581\" value=\"1\" aria-invalid=\"false\" \/><span class=\"wpcf7-list-item-label\">Acepto recibir informaci\u00f3n comercial de CONTROLTECNICA<\/span><\/label><\/span><\/span><\/span>\n<\/p>\n<p><input class=\"wpcf7-form-control wpcf7-submit has-spinner btn-size-large btn btn-color-primary\" type=\"submit\" value=\"ENVIAR MENSAJE\" \/>\n<\/p><div class=\"wpcf7-response-output\" aria-hidden=\"true\"><\/div>\n<\/form>\n<\/div>\n[\/vc_column][\/vc_row]<\/p>\n","protected":false},"excerpt":{"rendered":"<p><strong>TRI GAS MIXER\u00a0N<sub>2<\/sub>-O<sub>2<\/sub>-CO<\/strong><sub><strong>2<\/strong><\/sub><\/p>\n<p>El Tri Gas Mixer reemplaza a los tanques premezclados y ofrece mezclas de CO2 \/ O2 \/ N2 de hasta 2.0 barg. El Tri-Gas Mixer ofrece una mezcla de gases de la concentraci\u00f3n deseada de CO2 y O2 con una presi\u00f3n de salida en el rango de 0-2 bar (0-30 psi). La presi\u00f3n de entrega se regula f\u00e1cilmente ajustando la perilla del man\u00f3metro incorporado.<\/p>\n<p>El dispositivo est\u00e1 equipado con un tanque de mezclado para garantizar la mayor estabilidad de composici\u00f3n incluso cuando el flujo de salida requerido es variable.<\/p>\n<p>El Tri-Gas Mixer est\u00e1 disponible en dos modelos, con una capacidad m\u00e1xima de flujo de salida de 1.5 y 15L \/ min. Adem\u00e1s de los componentes internos, los dos modelos difieren seg\u00fan el tama\u00f1o del tanque de mezclado. El caudal real entregado se ajusta autom\u00e1ticamente para que coincida con los requisitos del equipo conectado.<\/p>\n<p>Tri-Gas Mixer es compatible con cualquier mini incubador disponible en el mercado.<\/p>\n","protected":false},"featured_media":7211,"template":"","meta":{"iawp_total_views":23},"product_brand":[],"product_cat":[68],"product_tag":[],"class_list":{"0":"post-7185","1":"product","2":"type-product","3":"status-publish","4":"has-post-thumbnail","6":"product_cat-tri-gas-mixer","8":"first","9":"instock","10":"shipping-taxable","11":"product-type-simple"},"_links":{"self":[{"href":"https:\/\/www.controltecnica.com\/bio\/wp-json\/wp\/v2\/product\/7185","targetHints":{"allow":["GET"]}}],"collection":[{"href":"https:\/\/www.controltecnica.com\/bio\/wp-json\/wp\/v2\/product"}],"about":[{"href":"https:\/\/www.controltecnica.com\/bio\/wp-json\/wp\/v2\/types\/product"}],"wp:featuredmedia":[{"embeddable":true,"href":"https:\/\/www.controltecnica.com\/bio\/wp-json\/wp\/v2\/media\/7211"}],"wp:attachment":[{"href":"https:\/\/www.controltecnica.com\/bio\/wp-json\/wp\/v2\/media?parent=7185"}],"wp:term":[{"taxonomy":"product_brand","embeddable":true,"href":"https:\/\/www.controltecnica.com\/bio\/wp-json\/wp\/v2\/product_brand?post=7185"},{"taxonomy":"product_cat","embeddable":true,"href":"https:\/\/www.controltecnica.com\/bio\/wp-json\/wp\/v2\/product_cat?post=7185"},{"taxonomy":"product_tag","embeddable":true,"href":"https:\/\/www.controltecnica.com\/bio\/wp-json\/wp\/v2\/product_tag?post=7185"}],"curies":[{"name":"wp","href":"https:\/\/api.w.org\/{rel}","templated":true}]}}