{"id":7153,"date":"2021-11-04T09:25:59","date_gmt":"2021-11-04T09:25:59","guid":{"rendered":"https:\/\/www.controltecnica.com\/bio\/?post_type=product&#038;p=7153"},"modified":"2022-09-15T11:42:28","modified_gmt":"2022-09-15T11:42:28","slug":"neveras-de-laboratorio","status":"publish","type":"product","link":"https:\/\/www.controltecnica.com\/bio\/producto\/neveras-de-laboratorio\/","title":{"rendered":"Neveras de Laboratorio"},"content":{"rendered":"<p>[vc_row][vc_column][vc_column_text text_larger=\u00bbno\u00bb]<\/p>\n<table class=\"table table-condensed table-striped\">\n<thead>\n<tr class=\"row-1 odd\">\n<th class=\"column-1\"><center>MODELO \/ ESPECIFICACI\u00d3N<\/center><\/th>\n<th class=\"column-2\"><center>CHL 1<\/center><\/th>\n<th class=\"column-3\"><center>CHL 2<\/center><\/th>\n<th class=\"column-4\"><center>CHL 3<\/center><\/th>\n<th class=\"column-5\"><center>CHL 4<\/center><\/th>\n<th class=\"column-6\"><center>CHL 5<\/center><\/th>\n<th class=\"column-7\"><center>CHL 6<\/center><\/th>\n<th class=\"column-8\"><center>CHL 500<\/center><\/th>\n<th class=\"column-9\"><center>CHL 700<\/center><\/th>\n<th class=\"column-10\"><center>CHL 1200<\/center><\/th>\n<th class=\"column-11\"><center>CHL 1450<\/center><\/th>\n<\/tr>\n<\/thead>\n<tbody class=\"row-hover\">\n<tr class=\"row-2 even\">\n<td class=\"column-1\">Capacidad (Litros)<\/td>\n<td class=\"column-2\"><center>70<\/center><\/td>\n<td class=\"column-3\"><center>150<\/center><\/td>\n<td class=\"column-4\"><center>200<\/center><\/td>\n<td class=\"column-5\"><center>250<\/center><\/td>\n<td class=\"column-6\"><center>300<\/center><\/td>\n<td class=\"column-7\"><center>400<\/center><\/td>\n<td class=\"column-8\"><center>500<\/center><\/td>\n<td class=\"column-9\"><center>625<\/center><\/td>\n<td class=\"column-10\"><center>1365<\/center><\/td>\n<td class=\"column-11\"><center>1540<\/center><\/td>\n<\/tr>\n<tr class=\"row-3 odd\">\n<td class=\"column-1\">Puerta externa<\/td>\n<td class=\"column-2\" colspan=\"10\"><center>Ciega (de serie) \/ de cristal o doble (opcional)<\/center><\/td>\n<\/tr>\n<tr class=\"row-4 even\">\n<td class=\"column-1\">Temperatura<\/td>\n<td class=\"column-2\" colspan=\"10\"><center>0\u00baC a 15\u00baC<\/center><\/td>\n<\/tr>\n<tr class=\"row-5 odd\">\n<td class=\"column-1\">Resoluci\u00f3n<\/td>\n<td class=\"column-2\" colspan=\"10\"><center>0.1\u00baC<\/center><\/td>\n<\/tr>\n<tr class=\"row-6 even\">\n<td class=\"column-1\">Controlador<\/td>\n<td class=\"column-2\" colspan=\"10\"><center>Microprocesador PID con pantalla t\u00e1ctil a color de 4,3&#8243; Smart (de serie)- Panel Smart PRO de 7&#8243; (opcional)<\/center><\/td>\n<\/tr>\n<tr class=\"row-7 odd\">\n<td class=\"column-1\" rowspan=\"5\">Interior<\/td>\n<td class=\"column-2\" colspan=\"10\"><center>B SMART: aluminio<\/center><\/td>\n<\/tr>\n<tr class=\"row-8 even\">\n<td class=\"column-2\" colspan=\"10\"><center>C SMART: acero inoxidable DIN 1.4016<\/center><\/td>\n<\/tr>\n<tr class=\"row-9 odd\">\n<td class=\"column-2\" colspan=\"10\"><center>CS SMART: acero inoxidable DIN 1.4016<\/center><\/td>\n<\/tr>\n<tr class=\"row-10 even\">\n<td class=\"column-2\" colspan=\"10\"><center>P SMART: acero inoxidable a prueba de \u00e1cidos de acuerdo a DIN 1.4301<\/center><\/td>\n<\/tr>\n<tr class=\"row-11 odd\">\n<td class=\"column-2\" colspan=\"10\"><center>PS SMART: acero inoxidable a prueba de \u00e1cidos de acuerdo a DIN 1.4301<\/center><\/td>\n<\/tr>\n<tr class=\"row-12 even\">\n<td class=\"column-1\" rowspan=\"5\">Exterior<\/td>\n<td class=\"column-2\" colspan=\"10\"><center>B SMART: Acero Pintado<\/center><\/td>\n<\/tr>\n<tr class=\"row-13 odd\">\n<td class=\"column-2\" colspan=\"10\"><center>C SMART: acero pintado<\/center><\/td>\n<\/tr>\n<tr class=\"row-14 even\">\n<td class=\"column-2\" colspan=\"10\"><center>CS SMART: acero inoxidable pulido<\/center><\/td>\n<\/tr>\n<tr class=\"row-15 odd\">\n<td class=\"column-2\" colspan=\"10\"><center>P SMART PRO: acero pintado<\/center><\/td>\n<\/tr>\n<tr class=\"row-16 even\">\n<td class=\"column-2\" colspan=\"10\"><center>PS SMART PRO: acero inoxidable pulido<\/center><\/td>\n<\/tr>\n<tr class=\"row-17 odd\">\n<td class=\"column-1\">Bandejas (incluidas \/<br \/>\nm\u00e1x)<\/td>\n<td class=\"column-2\"><center>2\/2<\/center><\/td>\n<td class=\"column-3\"><center>3\/4<\/center><\/td>\n<td class=\"column-4\"><center>3\/4<\/center><\/td>\n<td class=\"column-5\"><center>4\/6<\/center><\/td>\n<td class=\"column-6\"><center>4\/7<\/center><\/td>\n<td class=\"column-7\"><center>4\/10<\/center><\/td>\n<td class=\"column-8\"><center>3\/11<\/center><\/td>\n<td class=\"column-9\"><center>3\/11<\/center><\/td>\n<td class=\"column-10\"><center>6\/22<\/center><\/td>\n<td class=\"column-11\"><center>6\/22<\/center><\/td>\n<\/tr>\n<tr class=\"row-18 even\">\n<td class=\"column-1\">Dimensiones ext<br \/>\n(W x H x D) (cm)<\/td>\n<td class=\"column-2\"><center>57 x 60 x 68<\/center><\/td>\n<td class=\"column-3\"><center>62 x 90 x 65<\/center><\/td>\n<td class=\"column-4\"><center>62 x 110 x 65<\/center><\/td>\n<td class=\"column-5\"><center>62 x 130 x 65<\/center><\/td>\n<td class=\"column-6\"><center>62 x 150 x 65<\/center><\/td>\n<td class=\"column-7\"><center>62 x 190 x 65<\/center><\/td>\n<td class=\"column-8\"><center>66 x 199 x 81<\/center><\/td>\n<td class=\"column-9\"><center>75 x 199 x 86<\/center><\/td>\n<td class=\"column-10\"><center>148 x 199 x 86<\/center><\/td>\n<td class=\"column-11\"><center>146 x 194 x 96<\/center><\/td>\n<\/tr>\n<tr class=\"row-19 odd\">\n<td class=\"column-1\">Peso (Kg)<\/td>\n<td class=\"column-2\"><center>32<\/center><\/td>\n<td class=\"column-3\"><center>54<\/center><\/td>\n<td class=\"column-4\"><center>59<\/center><\/td>\n<td class=\"column-5\"><center>69<\/center><\/td>\n<td class=\"column-6\"><center>75<\/center><\/td>\n<td class=\"column-7\"><center>90<\/center><\/td>\n<td class=\"column-8\"><center>105<\/center><\/td>\n<td class=\"column-9\"><center>115<\/center><\/td>\n<td class=\"column-10\"><center>185<\/center><\/td>\n<td class=\"column-11\"><center>200<\/center><\/td>\n<\/tr>\n<\/tbody>\n<\/table>\n<p>[\/vc_column_text][vc_empty_space woodmart_hide_large=\u00bb0&#8243; woodmart_hide_medium=\u00bb0&#8243; woodmart_hide_small=\u00bb0&#8243; woodmart_hide_extra_small=\u00bb0&#8243;]\n<div class=\"wpcf7 no-js\" id=\"wpcf7-f7-o1\" lang=\"es-ES\" dir=\"ltr\" data-wpcf7-id=\"7\">\n<div class=\"screen-reader-response\"><p role=\"status\" aria-live=\"polite\" aria-atomic=\"true\"><\/p> <ul><\/ul><\/div>\n<form action=\"\/bio\/wp-json\/wp\/v2\/product\/7153#wpcf7-f7-o1\" method=\"post\" class=\"wpcf7-form init\" aria-label=\"Formulario de contacto\" novalidate=\"novalidate\" data-status=\"init\">\n<fieldset class=\"hidden-fields-container\"><input type=\"hidden\" name=\"_wpcf7\" value=\"7\" \/><input type=\"hidden\" name=\"_wpcf7_version\" value=\"6.1.5\" \/><input type=\"hidden\" name=\"_wpcf7_locale\" value=\"es_ES\" \/><input type=\"hidden\" name=\"_wpcf7_unit_tag\" value=\"wpcf7-f7-o1\" \/><input type=\"hidden\" name=\"_wpcf7_container_post\" value=\"0\" \/><input type=\"hidden\" name=\"_wpcf7_posted_data_hash\" value=\"\" \/><input type=\"hidden\" name=\"_wpcf7_recaptcha_response\" value=\"\" \/>\n<\/fieldset>\n<div style=\"color:#e30614;font-weight:600;font-size:30px;margin-bottom:10px;\">\n\t<p>\u00bfPodemos ayudarte?\n\t<\/p>\n<\/div>\n<div class=\"row\">\n\t<div class=\"col-md-6\" style='margin-bottom:20px;'>\n\t\t<p><label>Nombre y Apellidos*<\/label><span class=\"wpcf7-form-control-wrap\" data-name=\"your-name\"><input size=\"40\" maxlength=\"400\" class=\"wpcf7-form-control wpcf7-text wpcf7-validates-as-required\" aria-required=\"true\" aria-invalid=\"false\" value=\"\" type=\"text\" name=\"your-name\" \/><\/span>\n\t\t<\/p>\n\t<\/div>\n\t<div class=\"col-md-6\" style='margin-bottom:20px;'>\n\t\t<p><label>Empresa\/Univ\/Hosp*<\/label><span class=\"wpcf7-form-control-wrap\" data-name=\"your-job\"><input size=\"40\" maxlength=\"400\" class=\"wpcf7-form-control wpcf7-text wpcf7-validates-as-required\" aria-required=\"true\" aria-invalid=\"false\" value=\"\" type=\"text\" name=\"your-job\" \/><\/span>\n\t\t<\/p>\n\t<\/div>\n<\/div>\n<div class=\"row\">\n\t<div class=\"col-md-6\" style='margin-bottom:20px;'>\n\t\t<p><label>Email*<\/label><span class=\"wpcf7-form-control-wrap\" data-name=\"your-email\"><input size=\"40\" maxlength=\"400\" class=\"wpcf7-form-control wpcf7-email wpcf7-validates-as-required wpcf7-text wpcf7-validates-as-email\" aria-required=\"true\" aria-invalid=\"false\" value=\"\" type=\"email\" name=\"your-email\" \/><\/span>\n\t\t<\/p>\n\t<\/div>\n\t<div class=\"col-md-6\" style='margin-bottom:20px;'>\n\t\t<p><label>Tel\u00e9fono*<\/label><span class=\"wpcf7-form-control-wrap\" data-name=\"your-number\"><input size=\"40\" maxlength=\"400\" class=\"wpcf7-form-control wpcf7-text wpcf7-validates-as-required\" aria-required=\"true\" aria-invalid=\"false\" value=\"\" type=\"text\" name=\"your-number\" \/><\/span>\n\t\t<\/p>\n\t<\/div>\n<\/div>\n<p><label>\u00bfEn qu\u00e9 est\u00e1s interesado?<\/label><span class=\"wpcf7-form-control-wrap\" data-name=\"your-message\"><textarea cols=\"40\" rows=\"10\" maxlength=\"2000\" class=\"wpcf7-form-control wpcf7-textarea\" aria-invalid=\"false\" name=\"your-message\"><\/textarea><\/span>\n<\/p>\n<p><span class=\"wpcf7-form-control-wrap\" data-name=\"acceptance-412\"><span class=\"wpcf7-form-control wpcf7-acceptance\"><span class=\"wpcf7-list-item\"><label><input type=\"checkbox\" name=\"acceptance-412\" value=\"1\" aria-invalid=\"false\" \/><span class=\"wpcf7-list-item-label\">He le\u00eddo y acepto la <a href=\"https:\/\/www.controltecnica.com\/bio\/privacidad\" target=\"_blank\">pol\u00edtica de privacidad<\/a><\/span><\/label><\/span><\/span><\/span><br \/>\n<span class=\"wpcf7-form-control-wrap\" data-name=\"acceptance-581\"><span class=\"wpcf7-form-control wpcf7-acceptance optional\"><span class=\"wpcf7-list-item\"><label><input type=\"checkbox\" name=\"acceptance-581\" value=\"1\" aria-invalid=\"false\" \/><span class=\"wpcf7-list-item-label\">Acepto recibir informaci\u00f3n comercial de CONTROLTECNICA<\/span><\/label><\/span><\/span><\/span>\n<\/p>\n<p><input class=\"wpcf7-form-control wpcf7-submit has-spinner btn-size-large btn btn-color-primary\" type=\"submit\" value=\"ENVIAR MENSAJE\" \/>\n<\/p><div class=\"wpcf7-response-output\" aria-hidden=\"true\"><\/div>\n<\/form>\n<\/div>\n[\/vc_column][\/vc_row]<\/p>\n","protected":false},"excerpt":{"rendered":"<p><strong>Neveras de Laboratorio CHL<\/strong><br \/>\nRefrigeradores para almacenamiento en Laboratorios con una alta estabilidad t\u00e9rmica, de 0.3\u00baC a 37\u00baC y un rango de Temperatura 0\u00baC a +15\u00baC. Nuestras neveras vienen con un controlador por microprocesador, y con ventilaci\u00f3n de aire forzada para una mejor\u00a0 homogeneidad. Adem\u00e1s, incorporado lleva sistemas de protecci\u00f3n por fallos de energ\u00eda, sobre temperatura, y alarma ac\u00fastica.<\/p>\n<p><strong>Caracter\u00edsticas y opciones:<\/strong><\/p>\n<ul>\n<li>\u00a0 Velocidad ventilador 100% (control 50-100% con panel SMART PRO)<\/li>\n<li>\u00a0 Self-check control.<\/li>\n<li>\u00a0Acabado exterior de serie de acero pintado<\/li>\n<\/ul>\n<p>Gama de equipos:<\/p>\n<ul>\n<li>B SMART: \u00a0interior en aluminio<\/li>\n<li>C SMART: \u00a0interior acero inoxidable 0H17 (DIN 1.4016)<\/li>\n<li>CS SMART : \u00a0interior y exterior de acero inoxidable 0H17 (DIN 1.4016)<\/li>\n<li>P SMART\u00a0 \u00a0 interior de acero inoxidable anticorrosivo 0H18 (DIN 1.4301)<\/li>\n<li>PS SMART: interior y exterior de acero inoxidable anticorrosivo 0H18 (DIN 1.4301)<\/li>\n<\/ul>\n<p>Tipos de display:<\/p>\n<ul>\n<li>Panel de Control Smart ( de serie )<\/li>\n<li>Panel de Control Smart Pro (opcional )<\/li>\n<\/ul>\n<p>Caracter\u00edsticas comunes:<\/p>\n<ul>\n<li>Rango de Temperatura +0 a +15\u00baC<\/li>\n<li>\u00a0Pasamuros lateral izquierdo \u00f8\u00a030mm<\/li>\n<li>\u00a0Puerta exterior solida ( ciega, no de cristal ) \u2013 de serie. Puerta de cristal opcional.<\/li>\n<li>\u00a0Cerradura con llave<\/li>\n<li>\u00a0Alarma por puerta abierta<\/li>\n<li>\u00a0Protecci\u00f3n muestras sobre-temperatura clase 1.0 y 3.2 (De serie versi\u00f3n Smart Pro \/ Opcional versi\u00f3n Smart)<\/li>\n<li>\u00a0Puertos LAN y USB para descarga de datos a PC<\/li>\n<li>\u00a0Memoria interna de datos<\/li>\n<li>\u00a0Modelos con doble puerta y ruedas: CHL 1200 y CHL 1450<\/li>\n<li>\u00a0Certificado de f\u00e1brica a +4\u00baC incluido<\/li>\n<li>\u00a0Luz interna tipo LED de serie<\/li>\n<\/ul>\n","protected":false},"featured_media":7162,"template":"","meta":{"iawp_total_views":511},"product_brand":[],"product_cat":[69],"product_tag":[],"class_list":{"0":"post-7153","1":"product","2":"type-product","3":"status-publish","4":"has-post-thumbnail","6":"product_cat-neveras","8":"first","9":"instock","10":"shipping-taxable","11":"product-type-simple"},"_links":{"self":[{"href":"https:\/\/www.controltecnica.com\/bio\/wp-json\/wp\/v2\/product\/7153","targetHints":{"allow":["GET"]}}],"collection":[{"href":"https:\/\/www.controltecnica.com\/bio\/wp-json\/wp\/v2\/product"}],"about":[{"href":"https:\/\/www.controltecnica.com\/bio\/wp-json\/wp\/v2\/types\/product"}],"wp:featuredmedia":[{"embeddable":true,"href":"https:\/\/www.controltecnica.com\/bio\/wp-json\/wp\/v2\/media\/7162"}],"wp:attachment":[{"href":"https:\/\/www.controltecnica.com\/bio\/wp-json\/wp\/v2\/media?parent=7153"}],"wp:term":[{"taxonomy":"product_brand","embeddable":true,"href":"https:\/\/www.controltecnica.com\/bio\/wp-json\/wp\/v2\/product_brand?post=7153"},{"taxonomy":"product_cat","embeddable":true,"href":"https:\/\/www.controltecnica.com\/bio\/wp-json\/wp\/v2\/product_cat?post=7153"},{"taxonomy":"product_tag","embeddable":true,"href":"https:\/\/www.controltecnica.com\/bio\/wp-json\/wp\/v2\/product_tag?post=7153"}],"curies":[{"name":"wp","href":"https:\/\/api.w.org\/{rel}","templated":true}]}}