{"id":6958,"date":"2021-09-30T09:27:41","date_gmt":"2021-09-30T09:27:41","guid":{"rendered":"https:\/\/www.controltecnica.com\/bio\/?post_type=product&#038;p=6958"},"modified":"2021-10-29T09:58:33","modified_gmt":"2021-10-29T09:58:33","slug":"qsep-400","status":"publish","type":"product","link":"https:\/\/www.controltecnica.com\/bio\/producto\/qsep-400\/","title":{"rendered":"QSep 400"},"content":{"rendered":"<p>[vc_row][vc_column width=\u00bb1\/2&#8243;][vc_column_text text_larger=\u00bbno\u00bb]<\/p>\n<table class=\"table table-condensed table-striped\">\n<tbody class=\"row-hover\">\n<tr class=\"row-1 odd\">\n<td class=\"column-1\">Detecci\u00f3n<\/td>\n<td class=\"column-2\">Fluorescencia<\/td>\n<\/tr>\n<tr class=\"row-2 even\">\n<td class=\"column-1\">Fuente luminosa<\/td>\n<td class=\"column-2\">LED<\/td>\n<\/tr>\n<tr class=\"row-3 odd\">\n<td class=\"column-1\">Voltaje de separaci\u00f3n<\/td>\n<td class=\"column-2\">1-15 kV<\/td>\n<\/tr>\n<tr class=\"row-4 even\">\n<td class=\"column-1\">Conectividad<\/td>\n<td class=\"column-2\">USB<\/td>\n<\/tr>\n<tr class=\"row-5 odd\">\n<td class=\"column-1\">Fuente de alimentaci\u00f3n<\/td>\n<td class=\"column-2\">AC 100-240V<\/td>\n<\/tr>\n<tr class=\"row-6 even\">\n<td class=\"column-1\">Potencia M\u00e1xima<\/td>\n<td class=\"column-2\">60W<\/td>\n<\/tr>\n<tr class=\"row-7 odd\">\n<td class=\"column-1\">Peso<\/td>\n<td class=\"column-2\">26 kgs<\/td>\n<\/tr>\n<tr class=\"row-8 even\">\n<td class=\"column-1\">Dimensiones<\/td>\n<td class=\"column-2\">54 x 40 x 36 cm<\/td>\n<\/tr>\n<tr class=\"row-9 odd\">\n<td class=\"column-1\">Muestreo autom\u00e1tico<\/td>\n<td class=\"column-2\">1-96 muestras<\/td>\n<\/tr>\n<tr class=\"row-10 even\">\n<td class=\"column-1\">Rapidez an\u00e1lisis<\/td>\n<td class=\"column-2\">2-7 minutos\/4 muestras<\/td>\n<\/tr>\n<tr class=\"row-11 odd\">\n<td class=\"column-1\">Resoluci\u00f3n<\/td>\n<td class=\"column-2\">1-4bp (entre 100-500bp)<\/td>\n<\/tr>\n<tr class=\"row-12 even\">\n<td class=\"column-1\">Sensitividad<\/td>\n<td class=\"column-2\">5pg\/\u00b5L<\/td>\n<\/tr>\n<tr class=\"row-13 odd\">\n<td class=\"column-1\">Volumen m\u00ednimo de muestra<\/td>\n<td class=\"column-2\">1\u00b5L (micro-viales) \/\/ 20\u00b5L (tubos est\u00e1ndar PCR)<\/td>\n<\/tr>\n<tr class=\"row-14 even\">\n<td class=\"column-1\">Consumo de muestra<\/td>\n<td class=\"column-2\">\u22641pL<\/td>\n<\/tr>\n<tr class=\"row-15 odd\">\n<td class=\"column-1\">Software<\/td>\n<td class=\"column-2\">Q-Analyzer<\/td>\n<\/tr>\n<\/tbody>\n<\/table>\n<p>[\/vc_column_text][\/vc_column][vc_column width=\u00bb1\/2&#8243;]\n<div class=\"wpcf7 no-js\" id=\"wpcf7-f7-o1\" lang=\"es-ES\" dir=\"ltr\" data-wpcf7-id=\"7\">\n<div class=\"screen-reader-response\"><p role=\"status\" aria-live=\"polite\" aria-atomic=\"true\"><\/p> <ul><\/ul><\/div>\n<form action=\"\/bio\/wp-json\/wp\/v2\/product\/6958#wpcf7-f7-o1\" method=\"post\" class=\"wpcf7-form init\" aria-label=\"Formulario de contacto\" novalidate=\"novalidate\" data-status=\"init\">\n<fieldset class=\"hidden-fields-container\"><input type=\"hidden\" name=\"_wpcf7\" value=\"7\" \/><input type=\"hidden\" name=\"_wpcf7_version\" value=\"6.1.5\" \/><input type=\"hidden\" name=\"_wpcf7_locale\" value=\"es_ES\" \/><input type=\"hidden\" name=\"_wpcf7_unit_tag\" value=\"wpcf7-f7-o1\" \/><input type=\"hidden\" name=\"_wpcf7_container_post\" value=\"0\" \/><input type=\"hidden\" name=\"_wpcf7_posted_data_hash\" value=\"\" \/><input type=\"hidden\" name=\"_wpcf7_recaptcha_response\" value=\"\" \/>\n<\/fieldset>\n<div style=\"color:#e30614;font-weight:600;font-size:30px;margin-bottom:10px;\">\n\t<p>\u00bfPodemos ayudarte?\n\t<\/p>\n<\/div>\n<div class=\"row\">\n\t<div class=\"col-md-6\" style='margin-bottom:20px;'>\n\t\t<p><label>Nombre y Apellidos*<\/label><span class=\"wpcf7-form-control-wrap\" data-name=\"your-name\"><input size=\"40\" maxlength=\"400\" class=\"wpcf7-form-control wpcf7-text wpcf7-validates-as-required\" aria-required=\"true\" aria-invalid=\"false\" value=\"\" type=\"text\" name=\"your-name\" \/><\/span>\n\t\t<\/p>\n\t<\/div>\n\t<div class=\"col-md-6\" style='margin-bottom:20px;'>\n\t\t<p><label>Empresa\/Univ\/Hosp*<\/label><span class=\"wpcf7-form-control-wrap\" data-name=\"your-job\"><input size=\"40\" maxlength=\"400\" class=\"wpcf7-form-control wpcf7-text wpcf7-validates-as-required\" aria-required=\"true\" aria-invalid=\"false\" value=\"\" type=\"text\" name=\"your-job\" \/><\/span>\n\t\t<\/p>\n\t<\/div>\n<\/div>\n<div class=\"row\">\n\t<div class=\"col-md-6\" style='margin-bottom:20px;'>\n\t\t<p><label>Email*<\/label><span class=\"wpcf7-form-control-wrap\" data-name=\"your-email\"><input size=\"40\" maxlength=\"400\" class=\"wpcf7-form-control wpcf7-email wpcf7-validates-as-required wpcf7-text wpcf7-validates-as-email\" aria-required=\"true\" aria-invalid=\"false\" value=\"\" type=\"email\" name=\"your-email\" \/><\/span>\n\t\t<\/p>\n\t<\/div>\n\t<div class=\"col-md-6\" style='margin-bottom:20px;'>\n\t\t<p><label>Tel\u00e9fono*<\/label><span class=\"wpcf7-form-control-wrap\" data-name=\"your-number\"><input size=\"40\" maxlength=\"400\" class=\"wpcf7-form-control wpcf7-text wpcf7-validates-as-required\" aria-required=\"true\" aria-invalid=\"false\" value=\"\" type=\"text\" name=\"your-number\" \/><\/span>\n\t\t<\/p>\n\t<\/div>\n<\/div>\n<p><label>\u00bfEn qu\u00e9 est\u00e1s interesado?<\/label><span class=\"wpcf7-form-control-wrap\" data-name=\"your-message\"><textarea cols=\"40\" rows=\"10\" maxlength=\"2000\" class=\"wpcf7-form-control wpcf7-textarea\" aria-invalid=\"false\" name=\"your-message\"><\/textarea><\/span>\n<\/p>\n<p><span class=\"wpcf7-form-control-wrap\" data-name=\"acceptance-412\"><span class=\"wpcf7-form-control wpcf7-acceptance\"><span class=\"wpcf7-list-item\"><label><input type=\"checkbox\" name=\"acceptance-412\" value=\"1\" aria-invalid=\"false\" \/><span class=\"wpcf7-list-item-label\">He le\u00eddo y acepto la <a href=\"https:\/\/www.controltecnica.com\/bio\/privacidad\" target=\"_blank\">pol\u00edtica de privacidad<\/a><\/span><\/label><\/span><\/span><\/span><br \/>\n<span class=\"wpcf7-form-control-wrap\" data-name=\"acceptance-581\"><span class=\"wpcf7-form-control wpcf7-acceptance optional\"><span class=\"wpcf7-list-item\"><label><input type=\"checkbox\" name=\"acceptance-581\" value=\"1\" aria-invalid=\"false\" \/><span class=\"wpcf7-list-item-label\">Acepto recibir informaci\u00f3n comercial de CONTROLTECNICA<\/span><\/label><\/span><\/span><\/span>\n<\/p>\n<p><input class=\"wpcf7-form-control wpcf7-submit has-spinner btn-size-large btn btn-color-primary\" type=\"submit\" value=\"ENVIAR MENSAJE\" \/>\n<\/p><div class=\"wpcf7-response-output\" aria-hidden=\"true\"><\/div>\n<\/form>\n<\/div>\n[\/vc_column][\/vc_row]<\/p>\n","protected":false},"excerpt":{"rendered":"<p><strong>BIOANALIZADOR DE FRAGMENTOS MULTICANAL (4 CANALES)<\/strong><\/p>\n<p>Qsep400TM es el equipo \u201chigh throughput\u201d de la familia Qsep. El instrumento, equipado con 4 canales, est\u00e1 dise\u00f1ado como un sistema de electroforesis en gel de 4 capilares (CGE), integrado con un detector de fluorescencia inducida por LED de alta sensibilidad (LEDIF) con un cartucho de gel de 4 canales f\u00e1cilmente reemplazable y un auto-sampler para 96 pocillos , que puede analizar \/ detectar cuatro muestras al mismo tiempo.<\/p>\n<p>Qsep400TM ha sido dise\u00f1ado para los laboratorios cl\u00ednicos y de investigaci\u00f3n m\u00e1s grandes, que tienen grandes vol\u00famenes de muestras. El sistema de alto rendimiento proporciona an\u00e1lisis a alta velocidad, y resultados superiores para todo tipo de aplicaciones de an\u00e1lisis gen\u00e9tico molecular.<\/p>\n<p>Qsep400TM tiene una variedad de kits de cartuchos de gel reemplazables, que est\u00e1n espec\u00edficamente dise\u00f1ados para el an\u00e1lisis de ADN, ARN y prote\u00ednas, proporcionando resultados reproducibles y precisos en cuesti\u00f3n de segundos.<\/p>\n<p>Qsep400TM viene con el software Q-AnalyzerTM que tiene una interfaz de usuario (UI) f\u00e1cil de usar que ofrece funciones de an\u00e1lisis de datos y exportaci\u00f3n de datos consistentes y de alta precisi\u00f3n.<\/p>\n<p><strong><em>Aplicaciones<\/em><\/strong><\/p>\n<ul>\n<li><strong>DNA<br \/>\n<\/strong>CRISPR<br \/>\ncfDNA<br \/>\nChIP<br \/>\ngDNA<br \/>\nSSR\/Microsat\u00e9lites<br \/>\nNGS\/Preparaci\u00f3n de librer\u00edas \/QC<br \/>\nOligo nucle\u00f3tidos<br \/>\nPl\u00e1smidos<br \/>\nRFLP<br \/>\nSNP<\/li>\n<li><strong>RNA<br \/>\n<\/strong>RNA QC<\/li>\n<li><strong>Prote\u00ednas<br \/>\n<\/strong>Detecci\u00f3n mediante fluorescencia (requiere marcaje)<\/li>\n<li><strong>GLICANOS<\/strong><\/li>\n<li><strong>INMUNOENSAYOS<\/strong><\/li>\n<\/ul>\n","protected":false},"featured_media":6961,"template":"","meta":{"iawp_total_views":15},"product_brand":[],"product_cat":[37],"product_tag":[],"class_list":{"0":"post-6958","1":"product","2":"type-product","3":"status-publish","4":"has-post-thumbnail","6":"product_cat-analizadores-de-fragmentos","8":"first","9":"instock","10":"shipping-taxable","11":"product-type-simple"},"_links":{"self":[{"href":"https:\/\/www.controltecnica.com\/bio\/wp-json\/wp\/v2\/product\/6958","targetHints":{"allow":["GET"]}}],"collection":[{"href":"https:\/\/www.controltecnica.com\/bio\/wp-json\/wp\/v2\/product"}],"about":[{"href":"https:\/\/www.controltecnica.com\/bio\/wp-json\/wp\/v2\/types\/product"}],"wp:featuredmedia":[{"embeddable":true,"href":"https:\/\/www.controltecnica.com\/bio\/wp-json\/wp\/v2\/media\/6961"}],"wp:attachment":[{"href":"https:\/\/www.controltecnica.com\/bio\/wp-json\/wp\/v2\/media?parent=6958"}],"wp:term":[{"taxonomy":"product_brand","embeddable":true,"href":"https:\/\/www.controltecnica.com\/bio\/wp-json\/wp\/v2\/product_brand?post=6958"},{"taxonomy":"product_cat","embeddable":true,"href":"https:\/\/www.controltecnica.com\/bio\/wp-json\/wp\/v2\/product_cat?post=6958"},{"taxonomy":"product_tag","embeddable":true,"href":"https:\/\/www.controltecnica.com\/bio\/wp-json\/wp\/v2\/product_tag?post=6958"}],"curies":[{"name":"wp","href":"https:\/\/api.w.org\/{rel}","templated":true}]}}