{"id":996,"date":"2017-09-22T13:16:43","date_gmt":"2017-09-22T13:16:43","guid":{"rendered":"http:\/\/dummy.xtemos.com\/woodmart\/demos\/?page_id=996"},"modified":"2025-08-07T07:14:43","modified_gmt":"2025-08-07T07:14:43","slug":"controltecnica","status":"publish","type":"page","link":"https:\/\/www.controltecnica.com\/bio\/controltecnica\/","title":{"rendered":"Qui\u00e9nes Somos"},"content":{"rendered":"<p>[vc_row css=\u00bb.vc_custom_1505550660496{margin-bottom: 5vh !important;}\u00bb][vc_column woodmart_color_scheme=\u00bbdark\u00bb css=\u00bb.vc_custom_1505552126475{background-position: 0 0 !important;background-repeat: no-repeat !important;}\u00bb]\t\n\t\t\t<div id=\"wd-6155549cbe624\" class=\"woodmart-text-block-wrapper color-scheme-custom woodmart-title-size-custom woodmart-title-width-50 text-center vc_custom_1632982216414\">\n\t\t\t\t<div class=\"woodmart-title-container woodmart-text-block font-primary woodmart-font-weight-400\">\n\t\t\t\t\tEquipamiento Cient\u00edfico y Fungible para Centros de Investigaci\u00f3n, Hospitales e Industria\t\t\t\t<\/div>\n\t\t\t\t\t\n\t\t\t<\/div>\n\t\t[\/vc_column][vc_column width=\u00bb1\/6&#8243; mobile_bg_img_hidden=\u00bbno\u00bb tablet_bg_img_hidden=\u00bbno\u00bb woodmart_parallax=\u00bb0&#8243; woodmart_sticky_column=\u00bbfalse\u00bb parallax_scroll=\u00bbno\u00bb mobile_reset_margin=\u00bbno\u00bb tablet_reset_margin=\u00bbno\u00bb][\/vc_column][vc_column width=\u00bb2\/3&#8243; css=\u00bb.vc_custom_1505898481858{margin-bottom: -250px !important;border-top-width: 20px !important;border-right-width: 20px !important;border-bottom-width: 20px !important;border-left-width: 20px !important;padding-top: 0px !important;padding-right: 0px !important;padding-left: 0px !important;border-left-color: #ffffff !important;border-left-style: solid !important;border-right-color: #ffffff !important;border-right-style: solid !important;border-top-color: #ffffff !important;border-top-style: solid !important;border-bottom-color: #ffffff !important;border-bottom-style: solid !important;}\u00bb el_class=\u00bbposition-relative z-index-10&#8243;][vc_raw_html]JTNDaW1nJTIwc3JjJTNEJTIyaHR0cHMlM0ElMkYlMkZ3d3cuY29udHJvbHRlY25pY2EuY29tJTJGYmlvJTJGd3AtY29udGVudCUyRnVwbG9hZHMlMkZjaWMtYmQzLmpwZyUyMiUzRQ==[\/vc_raw_html][\/vc_column][\/vc_row][vc_row full_width=\u00bbstretch_row\u00bb css=\u00bb.vc_custom_1632982848895{margin-bottom: -30px !important;padding-top: 220px !important;padding-bottom: 30px !important;background-color: #eaeaea !important;}\u00bb mobile_bg_img_hidden=\u00bbno\u00bb tablet_bg_img_hidden=\u00bbno\u00bb woodmart_parallax=\u00bb0&#8243; woodmart_gradient_switch=\u00bbno\u00bb row_reverse_mobile=\u00bb0&#8243; row_reverse_tablet=\u00bb0&#8243; woodmart_disable_overflow=\u00bb0&#8243;][vc_column]\t\t\n\t\t<div id=\"wd-5e4d2a232e778\" class=\"title-wrapper  woodmart-title-color-default woodmart-title-style-default woodmart-title-width-50 text-center woodmart-title-size-default \">\n\t\t\t\t\t\t\n\t\t\t<div class=\"liner-continer\">\n\t\t\t\t<span class=\"left-line\"><\/span>\n\t\t\t\t<h4 class=\"woodmart-title-container title  woodmart-font-weight-\" >Siempre dispuestos a ayudarle.<\/h4>\t\t\t\t\t\t\t\t<span class=\"right-line\"><\/span>\n\t\t\t<\/div>\n\t\t\t\n\t\t\t\t\t\t\n\t\t\t\t\t<\/div>\n\t\t\n\t\t[vc_row_inner css=\u00bb.vc_custom_1505549912855{margin-bottom: 30px !important;}\u00bb][vc_column_inner width=\u00bb1\/2&#8243; css=\u00bb.vc_custom_1505897947716{margin-bottom: 20px !important;border-right-width: 1px !important;padding-top: 0px !important;padding-bottom: 0px !important;border-right-color: rgba(73,73,73,0.09) !important;border-right-style: solid !important;}\u00bb offset=\u00bbvc_col-lg-3 vc_col-md-6 vc_col-xs-12&#8243;]\t\t\t<div class=\"info-box-wrapper \">\n\t\t\t\t<div id=\"wd-6155553f2466c\" class=\" woodmart-info-box text-center box-icon-align-top box-style- color-scheme- woodmart-bg-none box-title-default vc_custom_1632982353358\"  >\n\t\t\t\t\t\t\t\t\t\t\t<div class=\"box-icon-wrapper  box-with-text text-size-small box-icon-simple\">\n\t\t\t\t\t\t\t<div class=\"info-box-icon\">\n\n\t\t\t\t\t\t\t\t\t\t\t\t\t\t\tEquipo Comercial\t\t\t\t\t\t\t\n\t\t\t\t\t\t\t<\/div>\n\t\t\t\t\t\t<\/div>\n\t\t\t\t\t\t\t\t\t\t<div class=\"info-box-content\">\n\t\t\t\t\t\t\t\t\t\t\t\t<div class=\"info-box-inner reset-mb-10\">\n\t\t\t\t\t\t\t<p>El equipo comercial de Controltecnica est\u00e1 formado por profesionales que ejercen una venta t\u00e9cnica y consultiva. Su prop\u00f3sito es recomendar al cliente la t\u00e9cnica id\u00f3nea para su aplicaci\u00f3n, y asesorarle en la compra.<\/p>\n<p>Tenemos mucha experiencia en resolver peticiones de clientes y ofrecer soluciones de equipamiento.<\/p>\n<p>Hacemos nuestras las necesidades planteadas por el cliente y nuestra misi\u00f3n es darle soluciones optimizadas de equipamiento en calidad y precio, con garant\u00eda de servicio continuado despu\u00e9s de la venta.<\/p>\n\t\t\t\t\t\t<\/div>\n\n\t\t\t\t\t\t\t\t\t\t\t\t\n\t\t\t\t\t<\/div>\n\n\t\t\t\t\t\t\t\t\t<\/div>\n\t\t\t<\/div>\n\t\t[\/vc_column_inner][vc_column_inner width=\u00bb1\/2&#8243; css=\u00bb.vc_custom_1505897954324{margin-bottom: 20px !important;}\u00bb offset=\u00bbvc_col-lg-3 vc_col-md-6 vc_col-xs-12&#8243;]\t\t\t<div class=\"info-box-wrapper \">\n\t\t\t\t<div id=\"wd-622f201b29a60\" class=\" woodmart-info-box text-center box-icon-align-top box-style- color-scheme- woodmart-bg-none box-title-default vc_custom_1647255619231\"  >\n\t\t\t\t\t\t\t\t\t\t\t<div class=\"box-icon-wrapper  box-with-text text-size-small box-icon-simple\">\n\t\t\t\t\t\t\t<div class=\"info-box-icon\">\n\n\t\t\t\t\t\t\t\t\t\t\t\t\t\t\tAsistencia T\u00e9cnica\t\t\t\t\t\t\t\n\t\t\t\t\t\t\t<\/div>\n\t\t\t\t\t\t<\/div>\n\t\t\t\t\t\t\t\t\t\t<div class=\"info-box-content\">\n\t\t\t\t\t\t\t\t\t\t\t\t<div class=\"info-box-inner reset-mb-10\">\n\t\t\t\t\t\t\t<p>El servicio T\u00e9cnico de Controltecnica dispone de 23 ingenieros con base en toda la geograf\u00eda nacional, y est\u00e1 acreditado por nuestros proveedores principales para poder dar mantenimiento oficial a sus marcas.<\/p>\n<p>Los principales servicios que ofrece son:<\/p>\n<p><strong>Mantenimiento oficial<\/strong> \u2013 Ofrece Contratos de Mantenimiento preventivos y extensiones de garant\u00eda. Desde cualquier nivel de contrataci\u00f3n obtiene privilegios de acceso a su web de seguimiento on-line, para efectuar un seguimiento a tiempo real de los trabajos sobre sus equipos.<br \/>\n<strong>Laboratorio de Calibraci\u00f3n<\/strong> \u2013 El servicio t\u00e9cnico est\u00e1 acreditado por ENAC para las dimensiones de temperatura, humedad, velocidad angular, concentraci\u00f3n de CO2, analizadores de CO2, autoclaves y presi\u00f3n.<br \/>\n<strong>Validaciones<\/strong> \u2013 Su dilatada experiencia le permite dise\u00f1ar los protocolos de Cualificaci\u00f3n de Instalaci\u00f3n y Operaci\u00f3n (IQ, OQ) de sus instrumentos, as\u00ed como preparar al usuario en la Cualificaci\u00f3n Peri\u00f3dica de las prestaciones (PQ).<\/p>\n\t\t\t\t\t\t<\/div>\n\n\t\t\t\t\t\t\t\t\t\t\t\t\n\t\t\t\t\t<\/div>\n\n\t\t\t\t\t\t\t\t\t<\/div>\n\t\t\t<\/div>\n\t\t[\/vc_column_inner][vc_column_inner width=\u00bb1\/2&#8243; css=\u00bb.vc_custom_1505897960260{margin-bottom: 20px !important;border-right-width: 1px !important;border-left-width: 1px !important;padding-top: 0px !important;padding-bottom: 0px !important;border-left-color: rgba(73,73,73,0.09) !important;border-left-style: solid !important;border-right-color: rgba(73,73,73,0.09) !important;border-right-style: solid !important;}\u00bb offset=\u00bbvc_col-lg-3 vc_col-md-6 vc_col-xs-12&#8243;]\t\t\t<div class=\"info-box-wrapper \">\n\t\t\t\t<div id=\"wd-61555793e9d98\" class=\" woodmart-info-box text-center box-icon-align-top box-style- color-scheme- woodmart-bg-none box-title-default vc_custom_1632982974425\"  >\n\t\t\t\t\t\t\t\t\t\t\t<div class=\"box-icon-wrapper  box-with-text text-size-small box-icon-simple\">\n\t\t\t\t\t\t\t<div class=\"info-box-icon\">\n\n\t\t\t\t\t\t\t\t\t\t\t\t\t\t\tLog\u00edstica Integral\t\t\t\t\t\t\t\n\t\t\t\t\t\t\t<\/div>\n\t\t\t\t\t\t<\/div>\n\t\t\t\t\t\t\t\t\t\t<div class=\"info-box-content\">\n\t\t\t\t\t\t\t\t\t\t\t\t<div class=\"info-box-inner reset-mb-10\">\n\t\t\t\t\t\t\t<p>Ofrecemos un excelente <strong>servicio de log\u00edstica integral, con entrega y ubicaci\u00f3n completa de sus equipos<\/strong>, adapt\u00e1ndonos a las exigencias de cada cliente.<\/p>\n<p>Nuestras <strong>instalaciones<\/strong> cuentan con m\u00e1s de 3.000 m2 de almacenaje, para poder albergar el mayor surtido de art\u00edculos y garantizarle su disponibilidad.<\/p>\n\t\t\t\t\t\t<\/div>\n\n\t\t\t\t\t\t\t\t\t\t\t\t\n\t\t\t\t\t<\/div>\n\n\t\t\t\t\t\t\t\t\t<\/div>\n\t\t\t<\/div>\n\t\t[\/vc_column_inner][vc_column_inner width=\u00bb1\/2&#8243; offset=\u00bbvc_col-lg-3 vc_col-md-6 vc_col-xs-12&#8243;]\t\t\t<div class=\"info-box-wrapper \">\n\t\t\t\t<div id=\"wd-6894523bb42ad\" class=\" woodmart-info-box text-center box-icon-align-top box-style- color-scheme- woodmart-bg-none box-title-default vc_custom_1754550876387\"  >\n\t\t\t\t\t\t\t\t\t\t\t<div class=\"box-icon-wrapper  box-with-text text-size-small box-icon-simple\">\n\t\t\t\t\t\t\t<div class=\"info-box-icon\">\n\n\t\t\t\t\t\t\t\t\t\t\t\t\t\t\tCalidad\t\t\t\t\t\t\t\n\t\t\t\t\t\t\t<\/div>\n\t\t\t\t\t\t<\/div>\n\t\t\t\t\t\t\t\t\t\t<div class=\"info-box-content\">\n\t\t\t\t\t\t\t\t\t\t\t\t<div class=\"info-box-inner reset-mb-10\">\n\t\t\t\t\t\t\t<p><strong>CONTROLTECNICA<\/strong> posee la <strong>certificaci\u00f3n ISO 9001<\/strong> desde 2003, manteniendo un firme compromiso para el cumplimiento de los requisitos del Sistema de Gesti\u00f3n de Calidad, con el objetivo de alcanzar la m\u00e1s alta satisfacci\u00f3n de nuestros clientes.<\/p>\n<div style=\"padding: 10px; background-color: #e30614; color: white; border-radius: 5px; margin-top: 20px;\"><a style=\"color: white;\" href=\"https:\/\/www.controltecnica.com\/bio\/wp-content\/uploads\/ISO-9001-CONTROLTECNICA-2025-2028.pdf\" target=\"_blank\" rel=\"noopener\">Ver certificado ISO 9001<\/a><\/div>\n<p>&nbsp;<\/p>\n<div style=\"padding: 10px; background-color: #003882; color: white; border-radius: 5px;\"><a style=\"color: white;\" href=\"https:\/\/www.controltecnica.com\/bio\/wp-content\/uploads\/POLI\u0301TICA-ISO-2015.pdf\" target=\"_blank\" rel=\"noopener\">Ver pol\u00edtica ISO 2015<\/a><\/div>\n<p>\n\t\t\t\t\t\t<\/div>\n\n\t\t\t\t\t\t\t\t\t\t\t\t\n\t\t\t\t\t<\/div>\n\n\t\t\t\t\t\t\t\t\t<\/div>\n\t\t\t<\/div>\n\t\t[\/vc_column_inner][\/vc_row_inner][\/vc_column][\/vc_row][vc_row full_width=\u00bbstretch_row_content_no_spaces\u00bb mobile_bg_img_hidden=\u00bbno\u00bb tablet_bg_img_hidden=\u00bbno\u00bb woodmart_parallax=\u00bb0&#8243; woodmart_gradient_switch=\u00bbno\u00bb row_reverse_mobile=\u00bb0&#8243; row_reverse_tablet=\u00bb0&#8243; woodmart_disable_overflow=\u00bb0&#8243; css=\u00bb.vc_custom_1582117142113{margin-bottom: -90px !important;}\u00bb][vc_column width=\u00bb1\/2&#8243; mobile_bg_img_hidden=\u00bbno\u00bb tablet_bg_img_hidden=\u00bbno\u00bb woodmart_parallax=\u00bb0&#8243; woodmart_sticky_column=\u00bbfalse\u00bb parallax_scroll=\u00bbno\u00bb mobile_reset_margin=\u00bbno\u00bb tablet_reset_margin=\u00bbno\u00bb css=\u00bb.vc_custom_1582119268333{padding-top: 10% !important;padding-right: 10% !important;padding-bottom: 10% !important;padding-left: 10% !important;}\u00bb][vc_empty_space woodmart_hide_large=\u00bb1&#8243; woodmart_hide_medium=\u00bb1&#8243; woodmart_hide_small=\u00bb1&#8243; woodmart_hide_extra_small=\u00bb0&#8243;][vc_column_text text_larger=\u00bbno\u00bb]<strong>Controltecnica Bio<\/strong> es una empresa dedicada a la venta y servicio t\u00e9cnico de instrumentaci\u00f3n cient\u00edfica para laboratorios del \u00e1mbito de la Biociencia y Farmac\u00e9utico.<\/p>\n<p>Nuestra misi\u00f3n es proveer a la Comunidad Cient\u00edfica de las ultimas novedades instrumentales para su empleo en el desarrollo de la ciencia.<\/p>\n<p><strong>Controltecnica Bio<\/strong> es una empresa espa\u00f1ola con 16 a\u00f1os de historia, formada a partir de personal de la antigua Heraeus Iberica, y hereda su experiencia de m\u00e1s de 30 a\u00f1os en el mercado del laboratorio.<\/p>\n<p>La ventaja competitiva de nuestra empresa reside en su amplia experiencia en instrumentaci\u00f3n de laboratorio, el extraordinario valor de su servicio t\u00e9cnico, con 25 ingenieros dispersos por todo el territorio nacional, y el perfil consultor de su equipo comercial.<\/p>\n<p><strong>Controltecnica Bio<\/strong> est\u00e1 presente en Espa\u00f1a y Portugal, con sedes en numerosas capitales de provincia.<\/p>\n<p><a href=\"https:\/\/www.controltecnica.com\/bio\/wp-content\/uploads\/Folleto-Presentacio\u0301n-CIC.pdf\" target=\"_blank\" rel=\"noopener\">Ver flyer presentaci\u00f3n Controltecnica Bio<\/a>[\/vc_column_text][\/vc_column][vc_column width=\u00bb1\/2&#8243; mobile_bg_img_hidden=\u00bbno\u00bb tablet_bg_img_hidden=\u00bbno\u00bb woodmart_parallax=\u00bb0&#8243; woodmart_sticky_column=\u00bbtrue\u00bb parallax_scroll=\u00bbno\u00bb mobile_reset_margin=\u00bbno\u00bb tablet_reset_margin=\u00bbno\u00bb][vc_single_image image=\u00bb6847&#8243; img_size=\u00bbfull\u00bb parallax_scroll=\u00bbno\u00bb][\/vc_column][\/vc_row]<\/p>\n","protected":false},"excerpt":{"rendered":"<p>[vc_row css=\u00bb.vc_custom_1505550660496{margin-bottom: 5vh !important;}\u00bb][vc_column woodmart_color_scheme=\u00bbdark\u00bb css=\u00bb.vc_custom_1505552126475{background-position: 0 0 !important;background-repeat: no-repeat !important;}\u00bb][\/vc_column][vc_column width=\u00bb1\/6&#8243; mobile_bg_img_hidden=\u00bbno\u00bb tablet_bg_img_hidden=\u00bbno\u00bb woodmart_parallax=\u00bb0&#8243; woodmart_sticky_column=\u00bbfalse\u00bb parallax_scroll=\u00bbno\u00bb mobile_reset_margin=\u00bbno\u00bb tablet_reset_margin=\u00bbno\u00bb][\/vc_column][vc_column width=\u00bb2\/3&#8243;<\/p>\n","protected":false},"author":2,"featured_media":0,"parent":0,"menu_order":0,"comment_status":"closed","ping_status":"closed","template":"","meta":{"iawp_total_views":293,"footnotes":""},"class_list":["post-996","page","type-page","status-publish","hentry"],"_links":{"self":[{"href":"https:\/\/www.controltecnica.com\/bio\/wp-json\/wp\/v2\/pages\/996","targetHints":{"allow":["GET"]}}],"collection":[{"href":"https:\/\/www.controltecnica.com\/bio\/wp-json\/wp\/v2\/pages"}],"about":[{"href":"https:\/\/www.controltecnica.com\/bio\/wp-json\/wp\/v2\/types\/page"}],"author":[{"embeddable":true,"href":"https:\/\/www.controltecnica.com\/bio\/wp-json\/wp\/v2\/users\/2"}],"replies":[{"embeddable":true,"href":"https:\/\/www.controltecnica.com\/bio\/wp-json\/wp\/v2\/comments?post=996"}],"version-history":[{"count":21,"href":"https:\/\/www.controltecnica.com\/bio\/wp-json\/wp\/v2\/pages\/996\/revisions"}],"predecessor-version":[{"id":9185,"href":"https:\/\/www.controltecnica.com\/bio\/wp-json\/wp\/v2\/pages\/996\/revisions\/9185"}],"wp:attachment":[{"href":"https:\/\/www.controltecnica.com\/bio\/wp-json\/wp\/v2\/media?parent=996"}],"curies":[{"name":"wp","href":"https:\/\/api.w.org\/{rel}","templated":true}]}}