{"id":4850,"date":"2020-02-12T17:11:53","date_gmt":"2020-02-12T17:11:53","guid":{"rendered":"http:\/\/www.controltecnica.com\/test\/?page_id=4850"},"modified":"2020-02-12T17:11:53","modified_gmt":"2020-02-12T17:11:53","slug":"politica-cookies","status":"publish","type":"page","link":"https:\/\/www.controltecnica.com\/bio\/politica-cookies\/","title":{"rendered":"Pol\u00edtica de Cookies"},"content":{"rendered":"<p>[vc_row][vc_column]\t\t\n\t\t<div id=\"wd-5ed672049f8c8\" class=\"title-wrapper  woodmart-title-color-primary woodmart-title-style-underlined woodmart-title-width-100 text-left woodmart-title-size-default \">\n\t\t\t\t\t\t\n\t\t\t<div class=\"liner-continer\">\n\t\t\t\t<span class=\"left-line\"><\/span>\n\t\t\t\t<h4 class=\"woodmart-title-container title  woodmart-font-weight-\" >\u00bfQu\u00e9 es una cookie?<\/h4>\t\t\t\t\t\t\t\t<span class=\"right-line\"><\/span>\n\t\t\t<\/div>\n\t\t\t\n\t\t\t\t\t\t\n\t\t\t\t\t<\/div>\n\t\t\n\t\t[vc_column_text text_larger=\u00bbno\u00bb]En<strong> Controltecnica S.L.<\/strong> cumplimos con lo dispuesto en la Ley de Servicios de la Sociedad de la Informaci\u00f3n y Comercio Electr\u00f3nico, norma que ha recogido la transposici\u00f3n de la Directiva 2009\/136\/CE, conocida como \u201cLey de Cookies\u201d.<\/p>\n<p>Una cookie es un peque\u00f1o archivo de texto, que se almacena en el ordenador, tablet, tel\u00e9fono m\u00f3vil o en definitiva, en el dispositivo que utilice para navegar a trav\u00e9s de Internet, y que puede guardar informaci\u00f3n relativa a la frecuencia con la que visita las p\u00e1ginas web, sus preferencias de navegaci\u00f3n, la informaci\u00f3n que m\u00e1s le interesa, nombres de usuario, registrar productos, etc. Dependiendo de la informaci\u00f3n que contengan y de la forma en que utilice su equipo, pueden utilizarse para reconocer al usuario.[\/vc_column_text]\t\t\n\t\t<div id=\"wd-5ed67236510b8\" class=\"title-wrapper  woodmart-title-color-primary woodmart-title-style-underlined woodmart-title-width-100 text-left woodmart-title-size-default \">\n\t\t\t\t\t\t\n\t\t\t<div class=\"liner-continer\">\n\t\t\t\t<span class=\"left-line\"><\/span>\n\t\t\t\t<h4 class=\"woodmart-title-container title  woodmart-font-weight-\" >Tipos de cookies<\/h4>\t\t\t\t\t\t\t\t<span class=\"right-line\"><\/span>\n\t\t\t<\/div>\n\t\t\t\n\t\t\t\t\t\t\n\t\t\t\t\t<\/div>\n\t\t\n\t\t[vc_column_text text_larger=\u00bbno\u00bb]Las cookies pueden ser clasificadas seg\u00fan los siguientes criterios:<\/p>\n<p><b>a) Seg\u00fan el plazo de tiempo que permanezcan activadas:<\/b><\/p>\n<ul class=\"bullet\">\n<li>\u201cCookies de sesi\u00f3n\u201d o \u201cCookies persistentes\u201d: las primeras son eliminadas al cerrar el navegador, mientras que las segundas permanecen en el equipo inform\u00e1tico.<\/li>\n<\/ul>\n<p><b>b) Seg\u00fan la entidad que las gestione:<\/b><\/p>\n<ul class=\"bullet\">\n<li>\u201cCookies propias\u201d: Son aquellas que se env\u00edan al equipo terminal del usuario desde un equipo o dominio gestionado por el propio editor y desde el que se presta el servicio solicitado por el usuario.<\/li>\n<li>\u201cCookies de tercero\u201d: Son aqu\u00e9llas que se env\u00edan al equipo terminal del usuario desde un equipo o dominio que no es gestionado por el editor, sino por otra entidad que trata los datos obtenidos trav\u00e9s de las cookies.<\/li>\n<\/ul>\n<p><b>c) Seg\u00fan la finalidad para la que se traten los datos obtenidos a trav\u00e9s de las cookies, podemos distinguir entre:<\/b><\/p>\n<ul class=\"bullet\">\n<li>\u00abCookies t\u00e9cnicas\u201d: Son aqu\u00e9llas que permiten al usuario la navegaci\u00f3n a trav\u00e9s de una p\u00e1gina web, plataforma o aplicaci\u00f3n y la utilizaci\u00f3n de las diferentes opciones o servicios que en ella existan como, por ejemplo, controlar el tr\u00e1fico y la comunicaci\u00f3n de datos, identificar la sesi\u00f3n, acceder a partes de acceso restringido, recordar los elementos que integran un pedido, realizar el proceso de compra de un pedido, realizar la solicitud de inscripci\u00f3n o participaci\u00f3n en un evento, utilizar elementos de seguridad durante la navegaci\u00f3n, almacenar contenidos para la difusi\u00f3n de videos o sonido o compartir contenidos a trav\u00e9s de redes sociales.<\/li>\n<li>\u201cCookies de personalizaci\u00f3n\u201d: Son aqu\u00e9llas que permiten al usuario acceder al servicio con algunas caracter\u00edsticas de car\u00e1cter general predefinidas en funci\u00f3n de una serie de criterios en el terminal del usuario como por ejemplo serian el idioma, el tipo de navegador a trav\u00e9s del cual accede al servicio, la configuraci\u00f3n regional desde donde accede al servicio, etc.<\/li>\n<li>\u00abCookies de an\u00e1lisis\u201d: Son aquellas que permiten al responsable de las mismas, el seguimiento y an\u00e1lisis del comportamiento de los usuarios de los sitios web a los que est\u00e1n vinculadas. La informaci\u00f3n recogida mediante este tipo de cookies se utiliza en la medici\u00f3n de la actividad de los sitios web, aplicaci\u00f3n o plataforma y para la elaboraci\u00f3n de perfiles de navegaci\u00f3n de los usuarios de dichos sitios, aplicaciones y plataformas, con el fin de introducir mejoras en funci\u00f3n del an\u00e1lisis de los datos de uso que hacen los usuarios del servicio.<\/li>\n<li>\u201cCookies publicitarias\u201d: Son aquellas que permiten la gesti\u00f3n, de la forma m\u00e1s eficaz posible, de los espacios publicitarios que, en su caso, el editor haya incluido en una p\u00e1gina web, aplicaci\u00f3n o plataforma desde la que presta el servicio solicitado en base a criterios como el contenido editado o la frecuencia en la que se muestran los anuncios.<\/li>\n<li>\u201cCookies de publicidad comportamental\u201d: Son aquellas que permiten la gesti\u00f3n, de la forma m\u00e1s eficaz posible, de los espacios publicitarios que, en su caso, el editor haya incluido en una p\u00e1gina web, aplicaci\u00f3n o plataforma desde la que presta el servicio solicitado. Estas cookies almacenan informaci\u00f3n del comportamiento de los usuarios obtenida a trav\u00e9s de la observaci\u00f3n continuada de sus h\u00e1bitos de navegaci\u00f3n, lo que permite desarrollar un perfil espec\u00edfico para mostrar publicidad en funci\u00f3n del mismo.<\/li>\n<\/ul>\n<p>[\/vc_column_text]\t\t\n\t\t<div id=\"wd-5ed672613ea6e\" class=\"title-wrapper  woodmart-title-color-primary woodmart-title-style-underlined woodmart-title-width-100 text-left woodmart-title-size-default \">\n\t\t\t\t\t\t\n\t\t\t<div class=\"liner-continer\">\n\t\t\t\t<span class=\"left-line\"><\/span>\n\t\t\t\t<h4 class=\"woodmart-title-container title  woodmart-font-weight-\" >\u00bfQu\u00e9 cookies utilizamos en Controltecnica S.L.?<\/h4>\t\t\t\t\t\t\t\t<span class=\"right-line\"><\/span>\n\t\t\t<\/div>\n\t\t\t\n\t\t\t\t\t\t\n\t\t\t\t\t<\/div>\n\t\t\n\t\t[vc_column_text text_larger=\u00bbno\u00bb]<u>Cookies de Google Analytics:<\/u><\/p>\n<ul class=\"bullet\">\n<li><b>_utma<\/b><br \/>\n<u>Finalidad:<\/u> Esta cookie normalmente se almacena en el navegador en la primera visita a nuestro sitio web.<br \/>\nSi la cookie ha sido borrada a trav\u00e9s del navegador y posteriormente vuelve a visitar nuestro sitioweb, una nueva cookie del tipo _utma se escribe con un ID \u00fanico diferente.<br \/>\nEsta cookie se utiliza para determinar visitantes \u00fanicos a nuestro sitio web y se actualiza con cada vista de p\u00e1gina.<br \/>\nAdicionalmente, esta cookie proporciona un identificador \u00fanico que Google Analytics utiliza para asegurar la validez y la accesibilidad de la cookie, as\u00ed como una medida de seguridad extra.<br \/>\n<u>Duraci\u00f3n:<\/u> Dos a\u00f1os a partir de su instalaci\u00f3n o actualizaci\u00f3n.<\/li>\n<li><b>_utmb y _utmbc<\/b><br \/>\n<u>Finalidad:<\/u> Estas cookies trabajan juntas para almacenar informaci\u00f3n sobre la actividad de la visita a nuestro sitio web y principalmente la duraci\u00f3n de \u00e9sta.<br \/>\n<u>Duraci\u00f3n:<\/u> 30 minutos y sesi\u00f3n.<\/li>\n<li><b>_utmz<\/b><br \/>\n<u>Finalidad:<\/u> Esta cookie almacena c\u00f3mo ha llegado el visitante a nuestro sitio web, ya sea directamente introduciendo la direcci\u00f3n del dominio, un enlace, una b\u00fasqueda web o un anuncio. La cookie se actualiza cada vez que visita nuestra web.<br \/>\n<u>Duraci\u00f3n:<\/u> Seis meses desde su instalaci\u00f3n o actualizaci\u00f3n.<\/li>\n<li><b>_ga<\/b><br \/>\n<u>Finalidad:<\/u> Esta cookie se emplea para distinguir usuarios de forma an\u00f3nima.<br \/>\n<u>Duraci\u00f3n:<\/u> 2 a\u00f1os.<\/li>\n<\/ul>\n<p>Estas cookies no le identifican personalmente, s\u00f3lo nos proporcionan informaci\u00f3n estad\u00edstica an\u00f3nima sobre la navegaci\u00f3n en nuestro web; no obstante puede deshabilitarlas directamente configurando su navegador web.<br \/>\nAsimismo, Google ha desarrollado un complemento de inhabilitaci\u00f3n de las cookies de Google Analytics para los navegadores m\u00e1s habituales: Microsoft Internet Explorer, Google Chrome, Mozilla Firefox, Apple Safari y Opera, que facilita la exclusi\u00f3n de la instalaci\u00f3n de estas cookies. Puede obtener m\u00e1s informaci\u00f3n, visitando este enlace externo:<br \/>\n<a href=\"https:\/\/tools.google.com\/dlpage\/gaoptout?hl=es\" target=\"_blank\" rel=\"noopener noreferrer\">https:\/\/tools.google.com\/dlpage\/gaoptout?hl=es<\/a><\/p>\n<p><u>Cookies de Youtube<\/u><\/p>\n<ul class=\"bullet\">\n<li><b>VISITOR_INFO1_LIVE<\/b><br \/>\n<u>Finalidad:<\/u> Cookie que facilita la funcionalidad de compartir v\u00eddeos de youtube incluidos en nuestra web.<br \/>\n<u>Duraci\u00f3n:<\/u> Expira: 9 meses.<\/li>\n<li><b>PREF<\/b><br \/>\n<u>Finalidad:<\/u> Cookie que gestiona las preferencias del usuario y facilita la presentaci\u00f3n de contenido relacionado en el Youtube.<br \/>\n<u>Duraci\u00f3n:<\/u> Expira: 9 meses.<\/li>\n<li><b>YSC<\/b><br \/>\n<u>Finalidad:<\/u> Contiene un identificador \u00fanico para permitir el control de visitas a videos de Youtube.<br \/>\n<u>Duraci\u00f3n:<\/u> Expira: 9 meses.<\/li>\n<\/ul>\n<p><u>Cookies de terceros almacenadas por Google:<\/u><\/p>\n<ul class=\"bullet\">\n<li><b>khcookie, NID, PREF, testcookie<\/b><br \/>\n<u>Finalidad:<\/u> Estas cookies de Google est\u00e1n t\u00edpicamente escritos en el explorador a la carga de Google Maps, Street View y v\u00eddeos de YouTube.<br \/>\n<u>Duraci\u00f3n:<\/u> Expira: Rango de Final de la sesi\u00f3n de 2 a\u00f1os.<\/li>\n<\/ul>\n<p>Visite el siguiente enlace para aprender a rechazar o borrarlas cookies de Google:<br \/>\n<a href=\"http:\/\/www.google.com\/intl\/en\/privacypolicy.html\" target=\"_BLANK\" rel=\"noopener noreferrer\">http:\/\/www.google.com\/intl\/en\/privacypolicy.html<\/a><\/p>\n<p>Visite el siguiente enlace para ver la Pol\u00edtica de privacidad de Google:<br \/>\n<a href=\"http:\/\/www.google.co.uk\/intl\/en\/policies\/privacy\/\" target=\"_BLANK\" rel=\"noopener noreferrer\">http:\/\/www.google.co.uk\/intl\/en\/policies\/privacy\/<\/a><\/p>\n<p><u>Cookies propias:<\/u><\/p>\n<ul class=\"bullet\">\n<li><strong>wordpress_a00234da4f706bead5b9315484cbb828 o similar de 32 caracteres<\/strong><br \/>\n<u>Finalidad:<\/u> Es una cookie de personalizaci\u00f3n, ya que se asocia el usuario con sus preferencias.<br \/>\n<u>Duraci\u00f3n:<\/u> Expira con la sesi\u00f3n.<\/li>\n<li><strong>wordpress_logged_in_a00234da4f706bead5b9315484cbb828 o similar de 32 caracteres<br \/>\n<\/strong><u>Finalidad:<\/u> Es una cookie de personalizaci\u00f3n, ya que se asocia el usuario con sus preferencias.<br \/>\n<u>Duraci\u00f3n:<\/u> Expira con la sesi\u00f3n.<\/li>\n<li><strong>wp_woocommerce_session_a00234da4f706bead5b9315484cbb828 o similar de 32 caracteres<br \/>\n<\/strong><u>Finalidad:<\/u> Es una cookie de la tienda, ya que se asocia el usuario con las p\u00e1ginas de productos y facilita la funcionalidad de el carrito de compra.<br \/>\n<u>Duraci\u00f3n:<\/u> Expira a 2 d\u00edas.<\/li>\n<\/ul>\n<p>[\/vc_column_text]\t\t\n\t\t<div id=\"wd-5ed67288edfaf\" class=\"title-wrapper  woodmart-title-color-primary woodmart-title-style-underlined woodmart-title-width-100 text-left woodmart-title-size-default \">\n\t\t\t\t\t\t\n\t\t\t<div class=\"liner-continer\">\n\t\t\t\t<span class=\"left-line\"><\/span>\n\t\t\t\t<h4 class=\"woodmart-title-container title  woodmart-font-weight-\" >C\u00f3mo rechazar o desactivar las cookies y como revocar el consentimiento prestado<\/h4>\t\t\t\t\t\t\t\t<span class=\"right-line\"><\/span>\n\t\t\t<\/div>\n\t\t\t\n\t\t\t\t\t\t\n\t\t\t\t\t<\/div>\n\t\t\n\t\t[vc_column_text text_larger=\u00bbno\u00bb]<\/p>\n<div class=\"wpb_column vc_column_container vc_col-sm-12\">\n<div class=\"vc_column-inner vc_custom_1527238251732\">\n<div class=\"wpb_wrapper\">\n<div class=\"wpb_text_column wpb_content_element vc_custom_1591112144869\">\n<div class=\"wpb_wrapper\">\n<p>Puede configurar su navegador para aceptar o rechazar la instalaci\u00f3n de todas, o alg\u00fan tipo de cookie, o para solicitar que se le notifique cu\u00e1ndo se coloca una cookie.<br \/>\nCada navegador dispone de unas instrucciones espec\u00edficas de configuraci\u00f3n. A continuaci\u00f3n le proporcionamos los enlaces con la informaci\u00f3n concerniente a los navegadores m\u00e1s habituales:<\/p>\n<p><a href=\"https:\/\/support.google.com\/chrome\/answer\/95647?hl=es&amp;hlrm=en\" target=\"_blank\" rel=\"noopener noreferrer\">Google Chrome<\/a><\/p>\n<p><a href=\"https:\/\/support.mozilla.org\/es\/kb\/cookies-informacion-que-los-sitios-web-guardan-en-?s=cookies&amp;r=1&amp;as=s\" target=\"_blank\" rel=\"noopener noreferrer\">Mozilla Firefox<\/a><\/p>\n<p><a href=\"http:\/\/windows.microsoft.com\/es-es\/windows-vista\/block-or-allow-cookies\" target=\"_blank\" rel=\"noopener noreferrer\">Internet Explorer<\/a><\/p>\n<p><a href=\"https:\/\/support.apple.com\/kb\/PH5049?locale=en_US\" target=\"_blank\" rel=\"noopener noreferrer\">Safari<\/a><\/p>\n<\/div>\n<\/div>\n<\/div>\n<\/div>\n<\/div>\n<p>[\/vc_column_text][\/vc_column][\/vc_row]<\/p>\n","protected":false},"excerpt":{"rendered":"<p>[vc_row][vc_column][vc_column_text text_larger=\u00bbno\u00bb]En Controltecnica S.L. cumplimos con lo dispuesto en la Ley de Servicios de la Sociedad de la Informaci\u00f3n y<\/p>\n","protected":false},"author":2,"featured_media":0,"parent":0,"menu_order":0,"comment_status":"open","ping_status":"closed","template":"","meta":{"iawp_total_views":9,"footnotes":""},"class_list":["post-4850","page","type-page","status-publish","hentry"],"_links":{"self":[{"href":"https:\/\/www.controltecnica.com\/bio\/wp-json\/wp\/v2\/pages\/4850","targetHints":{"allow":["GET"]}}],"collection":[{"href":"https:\/\/www.controltecnica.com\/bio\/wp-json\/wp\/v2\/pages"}],"about":[{"href":"https:\/\/www.controltecnica.com\/bio\/wp-json\/wp\/v2\/types\/page"}],"author":[{"embeddable":true,"href":"https:\/\/www.controltecnica.com\/bio\/wp-json\/wp\/v2\/users\/2"}],"replies":[{"embeddable":true,"href":"https:\/\/www.controltecnica.com\/bio\/wp-json\/wp\/v2\/comments?post=4850"}],"version-history":[{"count":0,"href":"https:\/\/www.controltecnica.com\/bio\/wp-json\/wp\/v2\/pages\/4850\/revisions"}],"wp:attachment":[{"href":"https:\/\/www.controltecnica.com\/bio\/wp-json\/wp\/v2\/media?parent=4850"}],"curies":[{"name":"wp","href":"https:\/\/api.w.org\/{rel}","templated":true}]}}